{"id":1159,"date":"2018-08-30T12:10:20","date_gmt":"2018-08-30T15:10:20","guid":{"rendered":"https:\/\/ifdmoreno-cba.infd.edu.ar\/sitio\/profesorado-de-educacion-secundaria-en-matematica\/"},"modified":"2023-02-21T17:17:06","modified_gmt":"2023-02-21T20:17:06","slug":"profesorado-de-educacion-secundaria-en-matematica","status":"publish","type":"page","link":"https:\/\/ifdmoreno-cba.infd.edu.ar\/sitio\/profesorado-de-educacion-secundaria-en-matematica\/","title":{"rendered":"Profesorado de Educaci\u00f3n Secundaria en Matem\u00e1tica"},"content":{"rendered":"<p style=\"text-align: center;\"><span style=\"color: #000000; font-size: 12pt;\">\u00a0 \u00a0 \u00a0 \u00a0 \u00a0 \u00a0 \u00a0 \u00a0 \u00a0 \u00a0 \u00a0 \u00a0 \u00a0 \u00a0 \u00a0 \u00a0 \u00a0 \u00a0 \u00a0 \u00a0 \u00a0 \u00a0 \u00a0 \u00a0 \u00a0 \u00a0 \u00a0 \u00a0<\/span><\/p>\n<p><strong>PROFESORADO DE EDUCACI\u00d3N SECUNDARIA EN\u00a0MATEM\u00c1TICA<\/strong><\/p>\n<p><strong>T\u00edtulo:<\/strong>\u00a0Profesor de Educaci\u00f3n Secundaria en\u00a0Matem\u00e1tica<\/p>\n<p><strong>Duraci\u00f3n:<\/strong>\u00a04 a\u00f1os<\/p>\n<p><strong>Jefe de secci\u00f3n:<\/strong> Prof. Blanca Basualdo &#8211;\u00a0<\/p>\n<p style=\"text-align: center;\"><span style=\"color: #000000; font-size: 12pt;\"><img decoding=\"async\" loading=\"lazy\" class=\"wp-image-1775 aligncenter\" src=\"https:\/\/ifdmoreno-cba.infd.edu.ar\/sitio\/wp-content\/uploads\/2021\/12\/WhatsApp-Image-2020-12-28-at-16.42.26-2-1000x1000.jpeg\" alt=\"\" width=\"335\" height=\"335\" srcset=\"https:\/\/ifdmoreno-cba.infd.edu.ar\/sitio\/wp-content\/uploads\/2021\/12\/WhatsApp-Image-2020-12-28-at-16.42.26-2-1000x1000.jpeg 1000w, https:\/\/ifdmoreno-cba.infd.edu.ar\/sitio\/wp-content\/uploads\/2021\/12\/WhatsApp-Image-2020-12-28-at-16.42.26-2-500x500.jpeg 500w, https:\/\/ifdmoreno-cba.infd.edu.ar\/sitio\/wp-content\/uploads\/2021\/12\/WhatsApp-Image-2020-12-28-at-16.42.26-2-768x768.jpeg 768w, https:\/\/ifdmoreno-cba.infd.edu.ar\/sitio\/wp-content\/uploads\/2021\/12\/WhatsApp-Image-2020-12-28-at-16.42.26-2.jpeg 1080w\" sizes=\"(max-width: 335px) 100vw, 335px\" \/><\/span><\/p>\n<p style=\"text-align: center; padding-left: 30px;\"><strong><span style=\"font-size: 10pt;\"><em><span style=\"color: #000000; font-family: arial, helvetica, sans-serif;\">\u00abLos encantos de esta ciencia sublime, las matem\u00e1ticas, s\u00f3lo se le revelan a aquellos que tienen el valor de profundizar en ella&#8230;\u00bb <\/span><\/em><\/span><\/strong><\/p>\n<p style=\"padding-left: 30px; text-align: right;\"><strong><span style=\"font-size: 10pt;\"><em><span style=\"color: #000000; font-family: arial, helvetica, sans-serif;\">(Carl Friedrich Gauss)<\/span><\/em><\/span><\/strong><\/p>\n<p style=\"padding-left: 30px;\"><strong>PERFIL DEL EGRESADO<\/strong><\/p>\n<p>La formaci\u00f3n docente de Educaci\u00f3n Secundaria en Matem\u00e1tica tiene como finalidad una formaci\u00f3n integral que promueva en los estudiantes, la construcci\u00f3n de conocimientos y herramientas para fortalecer la identidad como profesionales, como trabajadores y como ciudadanos comprometidos con la educaci\u00f3n; generando formas m\u00e1s abiertas y aut\u00f3nomas de relaci\u00f3n con el saber y la cultura. Brinda a los estudiantes:<\/p>\n<ul>\n<li>Conocimientos propios de la Matem\u00e1tica, articulados con sabes y habilidades imprescindibles para desempe\u00f1arse como profesor en la escuela secundaria, como: la formaci\u00f3n did\u00e1ctica; el desempe\u00f1o en espacios de producci\u00f3n y pensamiento colectivo y cooperativo; el desarrollo de buenas pr\u00e1cticas de ense\u00f1anza, aprendizaje y evaluaci\u00f3n; la formaci\u00f3n para cumplir nuevas funciones en la escuela secundaria; la reflexi\u00f3n sobre la autoridad, la vida democr\u00e1tica, el respeto y la valoraci\u00f3n de la Ley; el conocimiento de las distintas formas de ser joven en la actualidad y, la inclusi\u00f3n de las TIC para potenciar las posibilidades de aprendizaje.<\/li>\n<\/ul>\n<p><strong>ALCANCE DEL T\u00cdTULO<\/strong><\/p>\n<p>&#8211; Desempe\u00f1arse como profesor en horas c\u00e1tedra en la Educaci\u00f3n Secundaria:<\/p>\n<p>Dise\u00f1ando secuencias did\u00e1cticas, de manera de ofrecerle a sus estudiantes, la oportunidad de aprender matem\u00e1tica de una manera que los involucre, se interesen y sean productores de conocimientos; Utilizando las herramientas tecnol\u00f3gicas con fines did\u00e1cticos en el aula; Dominar conocimientos disciplinares y pedag\u00f3gicos pertinentes al nivel secundario, teor\u00edas y estrategias metodol\u00f3gicas referidas a la ense\u00f1anza de la disciplina; Dise\u00f1ar y ejecutar diversidad de proyectos institucionales, espec\u00edficos, de investigaci\u00f3n y comunitarios; Desempe\u00f1arse en diversos cargos docentes.<\/p>\n<p><strong>PLAN DE ESTUDIOS\u00a0<\/strong><\/p>\n<table border=\"0\">\n<tbody>\n<tr>\n<td>\u00a0<\/td>\n<td><strong><a title=\"DC Profesorado de Matemat\" href=\"https:\/\/dges-cba.infd.edu.ar\/sitio\/curriculares\/upload\/DCurricular_Matem-_2015.pdf\" target=\"_blank\" rel=\"noopener\">Actualizaci\u00f3n Dise\u00f1o Curricular para el Profesorado de Educaci\u00f3n Secundaria en Matem\u00e1tica (Cohorte 2015)<\/a><\/strong><\/td>\n<\/tr>\n<tr>\n<td>\u00a0<\/td>\n<td><strong><a title=\"Dise\u00f1os Curriculares de los Profesorados de Educaci\u00f3n Secundaria en F\u00edsica, Qu\u00edmica, Biolog\u00eda y Matem\u00e1tica.\" href=\"https:\/\/dges-cba.infd.edu.ar\/sitio\/curriculares\/upload\/ActualDCurric_Prof_Fis_Quim_Biol_Mat-01-12-14.pdf\" target=\"_blank\" rel=\"noopener\">Actualizaci\u00f3n de Dise\u00f1o Curricular<\/a>:\u00a0<\/strong>Cambios realizados en la Actualizaci\u00f3n de los Dise\u00f1os Curriculares de los Profesorados de Educaci\u00f3n Secundaria en F\u00edsica, Qu\u00edmica, Biolog\u00eda y Matem\u00e1tica.(Cohorte 2015)<\/td>\n<\/tr>\n<tr>\n<td>\u00a0<\/td>\n<td><strong><a title=\"Resoluci\u00f3n N\u00ba 978-14\" href=\"https:\/\/dges-cba.infd.edu.ar\/sitio\/curriculares\/upload\/Res978-14_Prof_Matem.PDF\" target=\"_blank\" rel=\"noopener\">Resoluci\u00f3n 978-14<\/a>:\u00a0<\/strong>Aprobaci\u00f3n de Plan de Estudio y Dise\u00f1o Curricular del Profesorado de Educaci\u00f3n Secundaria en Matem\u00e1tica (Cohorte 2015).<\/td>\n<\/tr>\n<\/tbody>\n<\/table>\n<p><strong>| ESTRUCTURA CURRICULAR<\/strong><\/p>\n<table border=\"1\" cellspacing=\"0\" cellpadding=\"0\">\n<tbody>\n<tr>\n<td width=\"325\"><strong>1er A\u00d1O<\/strong><\/td>\n<td width=\"144\">\u00a0<\/td>\n<td width=\"43\">\u00a0<\/td>\n<td width=\"77\">\u00a0<\/td>\n<td valign=\"top\" width=\"120\">\u00a0<\/td>\n<\/tr>\n<tr>\n<td width=\"325\"><strong>Espacios Curriculares<\/strong><\/td>\n<td width=\"144\"><strong>Formato<\/strong><\/td>\n<td width=\"43\">\u00a0<\/td>\n<td width=\"77\"><strong>HC\/S<\/strong><\/td>\n<td valign=\"top\" width=\"120\"><strong>Taller integ.<\/strong><\/td>\n<\/tr>\n<tr>\n<td width=\"325\">Pedagog\u00eda<\/td>\n<td width=\"144\">Asignatura<\/td>\n<td width=\"43\">CFG<\/td>\n<td width=\"77\">4<\/td>\n<td valign=\"top\" width=\"120\">\u00a0<\/td>\n<\/tr>\n<tr>\n<td width=\"325\">Problem\u00e1ticas Socioantropol\u00f3gicas en Ed.<\/td>\n<td width=\"144\">Seminario<\/td>\n<td width=\"43\">CFG<\/td>\n<td width=\"77\">3<\/td>\n<td valign=\"top\" width=\"120\">1<\/td>\n<\/tr>\n<tr>\n<td width=\"325\">Lenguaje Digital y Audiovisual<\/td>\n<td width=\"144\">Taller<\/td>\n<td width=\"43\">CFG<\/td>\n<td width=\"77\">2<\/td>\n<td valign=\"top\" width=\"120\">\u00a0<\/td>\n<\/tr>\n<tr>\n<td width=\"325\">Pr\u00e1ctica Docente I: Contextos y Pr\u00e1cticas Educativas<\/td>\n<td width=\"144\">Asignatura \u2013 Taller<\/td>\n<td width=\"43\">CPD<\/td>\n<td width=\"77\">3<\/td>\n<td valign=\"top\" width=\"120\">1<\/td>\n<\/tr>\n<tr>\n<td width=\"325\">Elementos de la Aritm\u00e9tica y del\u00a0 \u00c1lgebra<\/td>\n<td width=\"144\">Asignatura<\/td>\n<td width=\"43\">CFE<\/td>\n<td width=\"77\">6<\/td>\n<td valign=\"top\" width=\"120\">1<\/td>\n<\/tr>\n<tr>\n<td width=\"325\">Problem\u00e1ticas de la Geometr\u00eda I<\/td>\n<td width=\"144\">Asignatura<\/td>\n<td width=\"43\">CFE<\/td>\n<td width=\"77\">7<\/td>\n<td valign=\"top\" width=\"120\">\u00a0<\/td>\n<\/tr>\n<tr>\n<td width=\"325\">Modelizaci\u00f3n Matem\u00e1tica<\/td>\n<td width=\"144\">Taller<\/td>\n<td width=\"43\">CFE<\/td>\n<td width=\"77\">5<\/td>\n<td valign=\"top\" width=\"120\">\u00a0<\/td>\n<\/tr>\n<\/tbody>\n<\/table>\n<table border=\"1\" cellspacing=\"0\" cellpadding=\"0\">\n<tbody>\n<tr>\n<td width=\"325\"><strong>2do A\u00d1O<\/strong><\/td>\n<td width=\"144\">\u00a0<\/td>\n<td width=\"48\">\u00a0<\/td>\n<td width=\"72\">\u00a0<\/td>\n<td valign=\"top\" width=\"120\">\u00a0<\/td>\n<\/tr>\n<tr>\n<td width=\"325\"><strong>Espacios Curriculares<\/strong><\/td>\n<td width=\"144\">\u00a0<\/td>\n<td width=\"48\">\u00a0<\/td>\n<td width=\"72\"><strong>HC\/S<\/strong><\/td>\n<td valign=\"top\" width=\"120\"><strong>Taller integ.<\/strong><\/td>\n<\/tr>\n<tr>\n<td width=\"325\">Psicolog\u00eda y Educaci\u00f3n<\/td>\n<td width=\"144\">Asignatura<\/td>\n<td width=\"48\">CFG<\/td>\n<td width=\"72\">4<\/td>\n<td valign=\"top\" width=\"120\">\u00a0<\/td>\n<\/tr>\n<tr>\n<td width=\"325\">Did\u00e1ctica General<\/td>\n<td width=\"144\">Asignatura<\/td>\n<td width=\"48\">CFG<\/td>\n<td width=\"72\">3<\/td>\n<td valign=\"top\" width=\"120\">\u00a0<\/td>\n<\/tr>\n<tr>\n<td width=\"325\">Pr\u00e1ctica Docente II: Escuelas, Historias documentas y cotidianeidad<\/td>\n<td width=\"144\">Seminario Taller<\/td>\n<td width=\"48\">CPD<\/td>\n<td width=\"72\">4<\/td>\n<td valign=\"top\" width=\"120\">1<\/td>\n<\/tr>\n<tr>\n<td width=\"325\">Sujetos de la Educaci\u00f3n y E.S.I<\/td>\n<td width=\"144\">Seminario<\/td>\n<td width=\"48\">CFE<\/td>\n<td width=\"72\">3<\/td>\n<td valign=\"top\" width=\"120\">1<\/td>\n<\/tr>\n<tr>\n<td width=\"325\">Did\u00e1ctica de la Matem\u00e1tica I<\/td>\n<td width=\"144\">Asignatura -Taller<\/td>\n<td width=\"48\">CFE<\/td>\n<td width=\"72\">3<\/td>\n<td valign=\"top\" width=\"120\">1<\/td>\n<\/tr>\n<tr>\n<td width=\"325\">Problem\u00e1ticas del An\u00e1lisis Matem\u00e1tico I<\/td>\n<td width=\"144\">Asignatura<\/td>\n<td width=\"48\">CFE<\/td>\n<td width=\"72\">6<\/td>\n<td valign=\"top\" width=\"120\">1<\/td>\n<\/tr>\n<tr>\n<td width=\"325\">Problem\u00e1ticas de la Geometr\u00eda II<\/td>\n<td width=\"144\">Asignatura<\/td>\n<td width=\"48\">CFE<\/td>\n<td width=\"72\">5<\/td>\n<td valign=\"top\" width=\"120\">\u00a0<\/td>\n<\/tr>\n<tr>\n<td width=\"325\">Problem\u00e1ticas del \u00c1lgebra I<\/td>\n<td width=\"144\">Asignatura<\/td>\n<td width=\"48\">CFE<\/td>\n<td width=\"72\">4<\/td>\n<td valign=\"top\" width=\"120\">\u00a0<\/td>\n<\/tr>\n<\/tbody>\n<\/table>\n<table border=\"1\" cellspacing=\"0\" cellpadding=\"0\">\n<tbody>\n<tr>\n<td width=\"324\"><strong>3er A\u00d1O<\/strong><\/td>\n<td width=\"144\">\u00a0<\/td>\n<td width=\"43\">\n<p>\u00a0<\/p>\n<\/td>\n<td width=\"77\">\n<p>\u00a0<\/p>\n<\/td>\n<td valign=\"top\" width=\"120\">\u00a0<\/td>\n<\/tr>\n<tr>\n<td width=\"324\"><strong>Espacios Curriculares<\/strong><\/td>\n<td width=\"144\">\u00a0<\/td>\n<td width=\"43\">\u00a0<\/td>\n<td width=\"77\"><strong>HC\/S<\/strong><\/td>\n<td valign=\"top\" width=\"120\"><strong>Taller integ.<\/strong><\/td>\n<\/tr>\n<tr>\n<td width=\"324\">Historia y Pol\u00edtica de la Educaci\u00f3n Argentina<\/td>\n<td width=\"144\">Seminario<\/td>\n<td width=\"43\">CFG<\/td>\n<td width=\"77\">3<\/td>\n<td valign=\"top\" width=\"120\">\u00a0<\/td>\n<\/tr>\n<tr>\n<td width=\"324\">Pr\u00e1ctica Docente III: el aula espacio del aprender y del ense\u00f1ar<\/td>\n<td width=\"144\">Asignatura \u2013 Taller<\/td>\n<td width=\"43\">CPD<\/td>\n<td width=\"77\">5<\/td>\n<td valign=\"top\" width=\"120\">1<\/td>\n<\/tr>\n<tr>\n<td width=\"324\">Did\u00e1ctica de la Matem\u00e1tica II<\/td>\n<td width=\"144\">Asignatura \u2013 Taller<\/td>\n<td width=\"43\">CFE<\/td>\n<td width=\"77\">3<\/td>\n<td valign=\"top\" width=\"120\">1<\/td>\n<\/tr>\n<tr>\n<td width=\"324\">Filosof\u00eda de las ciencias<\/td>\n<td width=\"144\">Asignatura<\/td>\n<td width=\"43\">CFE<\/td>\n<td width=\"77\">3<\/td>\n<td valign=\"top\" width=\"120\">\u00a0<\/td>\n<\/tr>\n<tr>\n<td width=\"324\">Problem\u00e1ticas del An\u00e1lisis Matem. II<\/td>\n<td width=\"144\">Asignatura<\/td>\n<td width=\"43\">CFE<\/td>\n<td width=\"77\">6<\/td>\n<td valign=\"top\" width=\"120\">\u00a0<\/td>\n<\/tr>\n<tr>\n<td width=\"324\">Problem\u00e1ticas del \u00c1lgebra II<\/td>\n<td width=\"144\">Asignatura<\/td>\n<td width=\"43\">CFE<\/td>\n<td width=\"77\">5<\/td>\n<td valign=\"top\" width=\"120\">\u00a0<\/td>\n<\/tr>\n<tr>\n<td width=\"324\">Problem\u00e1ticas de Prob. y Estad\u00edstica<\/td>\n<td width=\"144\">Asignatura<\/td>\n<td width=\"43\">CFE<\/td>\n<td width=\"77\">7<\/td>\n<td valign=\"top\" width=\"120\">1<\/td>\n<\/tr>\n<\/tbody>\n<\/table>\n<table border=\"1\" cellspacing=\"0\" cellpadding=\"0\">\n<tbody>\n<tr>\n<td width=\"324\"><strong>4to A\u00d1O<\/strong><\/td>\n<td width=\"133\">\u00a0<\/td>\n<td width=\"59\">\u00a0<\/td>\n<td width=\"72\">\u00a0<\/td>\n<td valign=\"top\" width=\"120\">\u00a0<\/td>\n<\/tr>\n<tr>\n<td width=\"324\"><strong>Espacios Curriculares<\/strong><\/td>\n<td width=\"133\">\u00a0<\/td>\n<td width=\"59\">\u00a0<\/td>\n<td width=\"72\"><strong>HC\/S<\/strong><\/td>\n<td valign=\"top\" width=\"120\"><strong>Taller integ.<\/strong><\/td>\n<\/tr>\n<tr>\n<td width=\"324\">\u00c9tica y Construcci\u00f3n de Ciudadan\u00eda<\/td>\n<td width=\"133\">Seminario<\/td>\n<td width=\"59\">CFG<\/td>\n<td width=\"72\">3<\/td>\n<td valign=\"top\" width=\"120\">\u00a0<\/td>\n<\/tr>\n<tr>\n<td width=\"324\">Pr\u00e1ctica Docente IV y Residencia<\/td>\n<td width=\"133\">Seminario Taller<\/td>\n<td width=\"59\">CPD<\/td>\n<td width=\"72\">8<\/td>\n<td valign=\"top\" width=\"120\">2<\/td>\n<\/tr>\n<tr>\n<td width=\"324\">Did\u00e1ctica de la Matem\u00e1tica III<\/td>\n<td width=\"133\">Asignatura \u2013 Taller<\/td>\n<td width=\"59\">CFE<\/td>\n<td width=\"72\">3<\/td>\n<td valign=\"top\" width=\"120\">1<\/td>\n<\/tr>\n<tr>\n<td width=\"324\">Problem\u00e1ticas de la Geometr\u00eda III<\/td>\n<td width=\"133\">Asignatura<\/td>\n<td width=\"59\">CFE<\/td>\n<td width=\"72\">4<\/td>\n<td valign=\"top\" width=\"120\">1<\/td>\n<\/tr>\n<tr>\n<td width=\"324\">Problem\u00e1ticas del \u00c1lgebra III<\/td>\n<td width=\"133\">Asignatura<\/td>\n<td width=\"59\">CFE<\/td>\n<td width=\"72\">4<\/td>\n<td valign=\"top\" width=\"120\">\u00a0<\/td>\n<\/tr>\n<tr>\n<td width=\"324\">Modelizaci\u00f3n matem\u00e1tica en las ciencias<\/td>\n<td width=\"133\">Taller<\/td>\n<td width=\"59\">CFE<\/td>\n<td width=\"72\">4<\/td>\n<td valign=\"top\" width=\"120\">\u00a0<\/td>\n<\/tr>\n<tr>\n<td width=\"324\">Historia y Epistemolog\u00eda de la Matem\u00e1tica<\/td>\n<td width=\"133\">Asignatura<\/td>\n<td width=\"59\">\u00a0<\/td>\n<td width=\"72\">3<\/td>\n<td valign=\"top\" width=\"120\">\u00a0<\/td>\n<\/tr>\n<\/tbody>\n<\/table>\n<table border=\"0\" width=\"685\" cellspacing=\"0\" cellpadding=\"5\">\n<tbody>\n<tr bgcolor=\"#e2e2c5\">\n<td valign=\"top\" width=\"70%\">Problem\u00e1ticas y Desaf\u00edos de la Educaci\u00f3n &#8211; Seminario<\/td>\n<td align=\"center\" width=\"30%\">3<\/td>\n<\/tr>\n<\/tbody>\n<\/table>\n\n\n<p><\/p>\n","protected":false},"excerpt":{"rendered":"<p>\u00a0 \u00a0 \u00a0 \u00a0 \u00a0 \u00a0 \u00a0 \u00a0 \u00a0 \u00a0 \u00a0 \u00a0 \u00a0 \u00a0 \u00a0 \u00a0 \u00a0 \u00a0 \u00a0 \u00a0 \u00a0 \u00a0 \u00a0 \u00a0 \u00a0 \u00a0 \u00a0 \u00a0 PROFESORADO DE EDUCACI\u00d3N SECUNDARIA EN\u00a0MATEM\u00c1TICA T\u00edtulo:\u00a0Profesor de Educaci\u00f3n Secundaria en\u00a0Matem\u00e1tica Duraci\u00f3n:\u00a04 a\u00f1os Jefe de secci\u00f3n: Prof. Blanca Basualdo &#8211;\u00a0 \u00abLos encantos de esta ciencia sublime, las matem\u00e1ticas, &#8230; <a title=\"Profesorado de Educaci\u00f3n Secundaria en Matem\u00e1tica\" class=\"read-more\" href=\"https:\/\/ifdmoreno-cba.infd.edu.ar\/sitio\/profesorado-de-educacion-secundaria-en-matematica\/\" aria-label=\"More on Profesorado de Educaci\u00f3n Secundaria en Matem\u00e1tica\">[+]<\/a><\/p>\n","protected":false},"author":572,"featured_media":0,"parent":0,"menu_order":0,"comment_status":"closed","ping_status":"closed","template":"","meta":[],"acf":[],"_links":{"self":[{"href":"https:\/\/ifdmoreno-cba.infd.edu.ar\/sitio\/wp-json\/wp\/v2\/pages\/1159"}],"collection":[{"href":"https:\/\/ifdmoreno-cba.infd.edu.ar\/sitio\/wp-json\/wp\/v2\/pages"}],"about":[{"href":"https:\/\/ifdmoreno-cba.infd.edu.ar\/sitio\/wp-json\/wp\/v2\/types\/page"}],"author":[{"embeddable":true,"href":"https:\/\/ifdmoreno-cba.infd.edu.ar\/sitio\/wp-json\/wp\/v2\/users\/572"}],"replies":[{"embeddable":true,"href":"https:\/\/ifdmoreno-cba.infd.edu.ar\/sitio\/wp-json\/wp\/v2\/comments?post=1159"}],"version-history":[{"count":5,"href":"https:\/\/ifdmoreno-cba.infd.edu.ar\/sitio\/wp-json\/wp\/v2\/pages\/1159\/revisions"}],"predecessor-version":[{"id":2229,"href":"https:\/\/ifdmoreno-cba.infd.edu.ar\/sitio\/wp-json\/wp\/v2\/pages\/1159\/revisions\/2229"}],"wp:attachment":[{"href":"https:\/\/ifdmoreno-cba.infd.edu.ar\/sitio\/wp-json\/wp\/v2\/media?parent=1159"}],"curies":[{"name":"wp","href":"https:\/\/api.w.org\/{rel}","templated":true}]}}