{"id":1163,"date":"2018-08-30T12:10:22","date_gmt":"2018-08-30T15:10:22","guid":{"rendered":"https:\/\/ifdmoreno-cba.infd.edu.ar\/sitio\/profesorado-de-educacion-secundaria-en-biologia\/"},"modified":"2023-02-21T18:06:00","modified_gmt":"2023-02-21T21:06:00","slug":"profesorado-de-educacion-secundaria-en-biologia","status":"publish","type":"page","link":"https:\/\/ifdmoreno-cba.infd.edu.ar\/sitio\/profesorado-de-educacion-secundaria-en-biologia\/","title":{"rendered":"Profesorado de Educaci\u00f3n Secundaria en Biolog\u00eda"},"content":{"rendered":"<p><strong>PROFESORADO DE EDUCACI\u00d3N SECUNDARIA EN BIOLOG\u00cdA<\/strong><\/p>\n<p><strong>T\u00edtulo:<\/strong> Profesor\/a de Educaci\u00f3n Secundaria en Biolog\u00eda<\/p>\n<p><strong>Duraci\u00f3n:<\/strong>\u00a04 a\u00f1os<\/p>\n<p><strong>Jefe de secci\u00f3n:<\/strong> Prof. Lucrecia Huais |<\/p>\n<p class=\"MsoNormal\" style=\"margin: 0cm 0cm 0pt 18pt; text-align: right;\"><img decoding=\"async\" loading=\"lazy\" class=\"wp-image-1776 aligncenter\" src=\"https:\/\/ifdmoreno-cba.infd.edu.ar\/sitio\/wp-content\/uploads\/2021\/12\/WhatsApp-Image-2020-12-28-at-16.42.26-1000x1000.jpeg\" alt=\"\" width=\"335\" height=\"335\" srcset=\"https:\/\/ifdmoreno-cba.infd.edu.ar\/sitio\/wp-content\/uploads\/2021\/12\/WhatsApp-Image-2020-12-28-at-16.42.26-1000x1000.jpeg 1000w, https:\/\/ifdmoreno-cba.infd.edu.ar\/sitio\/wp-content\/uploads\/2021\/12\/WhatsApp-Image-2020-12-28-at-16.42.26-500x500.jpeg 500w, https:\/\/ifdmoreno-cba.infd.edu.ar\/sitio\/wp-content\/uploads\/2021\/12\/WhatsApp-Image-2020-12-28-at-16.42.26-768x768.jpeg 768w, https:\/\/ifdmoreno-cba.infd.edu.ar\/sitio\/wp-content\/uploads\/2021\/12\/WhatsApp-Image-2020-12-28-at-16.42.26.jpeg 1080w\" sizes=\"(max-width: 335px) 100vw, 335px\" \/><\/p>\n<p class=\"MsoNormal\" style=\"margin: 0cm 0cm 0pt 18pt; text-align: right;\"><strong><em>\u00a0 \u00a0 \u00a0 \u00a0 \u00a0 \u00a0<span style=\"font-family: helvetica, arial, sans-serif; font-size: 10pt;\"> \u00abSomos los \u00fanicos seres que podemos cambiar nuestra biolog\u00eda con nuestro pensamiento&#8230;\u00bb<\/span><\/em><\/strong><\/p>\n<p class=\"MsoNormal\" style=\"margin: 0cm 0cm 0pt 18pt; text-align: right;\"><strong><span style=\"font-family: helvetica, arial, sans-serif; font-size: 10pt;\">(Albert Einstein)<\/span><\/strong><\/p>\n<p class=\"MsoNormal\" style=\"margin: 0cm 0cm 0pt;\">\u00a0<\/p>\n<p><strong>PERFIL DEL EGRESADO<\/strong><\/p>\n<ul>\n<li>Desempe\u00f1ar la docencia en el nivel secundario, en el campo de las Ciencias Biol\u00f3gicas, Naturales y del Ambiente<\/li>\n<li>Trabajar en instituciones, tales como: parques nacionales, reservas, museos, zool\u00f3gicos, etc.<\/li>\n<li>Participar en la defensa y conservaci\u00f3n del ambiente, promoviendo un desarrollo sustentable<\/li>\n<li>Coordinar proyectos de educaci\u00f3n a distancia relacionados con las Ciencias Biol\u00f3gicas<\/li>\n<li>Dise\u00f1ar tecnolog\u00edas educativas afines a las Ciencias Biol\u00f3gicas.<\/li>\n<\/ul>\n<p>\u00a0<\/p>\n<p><strong>PLAN DE ESTUDIOS\u00a0<\/strong><\/p>\n\n\n<figure class=\"wp-block-table\"><table><tbody><tr><td><strong>Resoluci\u00f3n Ministerial 977\/14 \u2013\u00a0<a href=\"https:\/\/dges-cba.infd.edu.ar\/sitio\/upload\/DCurricular_Biol_Fis_Quim_2015.pdf\">Dise\u00f1o Curricular para el Profesorado de Educaci\u00f3n Secundaria en Biolog\u00eda<\/a><\/strong><\/td><\/tr><\/tbody><\/table><\/figure>\n\n\n\n<p><strong>| ESTRUCTURA CURRICULAR<\/strong><\/p>\n\n\n\n<figure class=\"wp-block-image size-full\"><img decoding=\"async\" loading=\"lazy\" width=\"663\" height=\"711\" src=\"https:\/\/ifdmoreno-cba.infd.edu.ar\/sitio\/wp-content\/uploads\/2023\/02\/image-11.png\" alt=\"\" class=\"wp-image-2252\"\/><\/figure>\n\n\n\n<figure class=\"wp-block-image size-full\"><img decoding=\"async\" loading=\"lazy\" width=\"663\" height=\"699\" src=\"https:\/\/ifdmoreno-cba.infd.edu.ar\/sitio\/wp-content\/uploads\/2023\/02\/image-13.png\" alt=\"\" class=\"wp-image-2254\"\/><\/figure>\n\n\n\n<figure class=\"wp-block-image size-full\"><img decoding=\"async\" loading=\"lazy\" width=\"665\" height=\"711\" src=\"https:\/\/ifdmoreno-cba.infd.edu.ar\/sitio\/wp-content\/uploads\/2023\/02\/image-14.png\" alt=\"\" class=\"wp-image-2255\"\/><\/figure>\n\n\n\n<figure class=\"wp-block-image size-full\"><img decoding=\"async\" loading=\"lazy\" width=\"665\" height=\"669\" src=\"https:\/\/ifdmoreno-cba.infd.edu.ar\/sitio\/wp-content\/uploads\/2023\/02\/image-15.png\" alt=\"\" class=\"wp-image-2256\"\/><\/figure>\n\n\n\n<figure class=\"wp-block-image size-full\"><img decoding=\"async\" loading=\"lazy\" width=\"667\" height=\"45\" src=\"https:\/\/ifdmoreno-cba.infd.edu.ar\/sitio\/wp-content\/uploads\/2023\/02\/image-16.png\" alt=\"\" class=\"wp-image-2257\"\/><\/figure>\n\n\n\n<figure class=\"wp-block-table\"><table><tbody><tr><td><strong>Problem\u00e1ticas y desaf\u00edos de la Educaci\u00f3n<\/strong><\/td><\/tr><tr><td><strong>Ciencias de la Tierra<\/strong><\/td><\/tr><\/tbody><\/table><\/figure>\n","protected":false},"excerpt":{"rendered":"<p>PROFESORADO DE EDUCACI\u00d3N SECUNDARIA EN BIOLOG\u00cdA T\u00edtulo: Profesor\/a de Educaci\u00f3n Secundaria en Biolog\u00eda Duraci\u00f3n:\u00a04 a\u00f1os Jefe de secci\u00f3n: Prof. Lucrecia Huais | \u00a0 \u00a0 \u00a0 \u00a0 \u00a0 \u00a0 \u00abSomos los \u00fanicos seres que podemos cambiar nuestra biolog\u00eda con nuestro pensamiento&#8230;\u00bb (Albert Einstein) \u00a0 PERFIL DEL EGRESADO Desempe\u00f1ar la docencia en el nivel secundario, en el &#8230; <a title=\"Profesorado de Educaci\u00f3n Secundaria en Biolog\u00eda\" class=\"read-more\" href=\"https:\/\/ifdmoreno-cba.infd.edu.ar\/sitio\/profesorado-de-educacion-secundaria-en-biologia\/\" aria-label=\"More on Profesorado de Educaci\u00f3n Secundaria en Biolog\u00eda\">[+]<\/a><\/p>\n","protected":false},"author":572,"featured_media":0,"parent":0,"menu_order":0,"comment_status":"closed","ping_status":"closed","template":"","meta":[],"acf":[],"_links":{"self":[{"href":"https:\/\/ifdmoreno-cba.infd.edu.ar\/sitio\/wp-json\/wp\/v2\/pages\/1163"}],"collection":[{"href":"https:\/\/ifdmoreno-cba.infd.edu.ar\/sitio\/wp-json\/wp\/v2\/pages"}],"about":[{"href":"https:\/\/ifdmoreno-cba.infd.edu.ar\/sitio\/wp-json\/wp\/v2\/types\/page"}],"author":[{"embeddable":true,"href":"https:\/\/ifdmoreno-cba.infd.edu.ar\/sitio\/wp-json\/wp\/v2\/users\/572"}],"replies":[{"embeddable":true,"href":"https:\/\/ifdmoreno-cba.infd.edu.ar\/sitio\/wp-json\/wp\/v2\/comments?post=1163"}],"version-history":[{"count":3,"href":"https:\/\/ifdmoreno-cba.infd.edu.ar\/sitio\/wp-json\/wp\/v2\/pages\/1163\/revisions"}],"predecessor-version":[{"id":2258,"href":"https:\/\/ifdmoreno-cba.infd.edu.ar\/sitio\/wp-json\/wp\/v2\/pages\/1163\/revisions\/2258"}],"wp:attachment":[{"href":"https:\/\/ifdmoreno-cba.infd.edu.ar\/sitio\/wp-json\/wp\/v2\/media?parent=1163"}],"curies":[{"name":"wp","href":"https:\/\/api.w.org\/{rel}","templated":true}]}}