{"id":1171,"date":"2018-08-30T12:10:26","date_gmt":"2018-08-30T15:10:26","guid":{"rendered":"https:\/\/ifdmoreno-cba.infd.edu.ar\/sitio\/profesorado-de-educacion-secundaria-en-economia\/"},"modified":"2021-12-30T12:56:07","modified_gmt":"2021-12-30T15:56:07","slug":"profesorado-de-educacion-secundaria-en-economia","status":"publish","type":"page","link":"https:\/\/ifdmoreno-cba.infd.edu.ar\/sitio\/profesorado-de-educacion-secundaria-en-economia\/","title":{"rendered":"Profesorado de Educaci\u00f3n Secundaria en Econom\u00eda"},"content":{"rendered":"<p style=\"text-align: right;\"><em><strong><span style=\"color: #0000ff;\"><span style=\"font-family: tahoma,arial,helvetica,sans-serif;\"><span style=\"font-size: 14pt;\">\u00a0<\/span><\/span><\/span><\/strong><\/em><em><strong><span style=\"color: #0000ff;\"><span style=\"font-family: tahoma,arial,helvetica,sans-serif;\"><span style=\"font-size: 14pt;\"><img decoding=\"async\" loading=\"lazy\" class=\"wp-image-1778 aligncenter\" src=\"https:\/\/ifdmoreno-cba.infd.edu.ar\/sitio\/wp-content\/uploads\/2021\/12\/WhatsApp-Image-2020-12-28-at-16.42.27-2-1000x1000.jpeg\" alt=\"\" width=\"610\" height=\"610\" srcset=\"https:\/\/ifdmoreno-cba.infd.edu.ar\/sitio\/wp-content\/uploads\/2021\/12\/WhatsApp-Image-2020-12-28-at-16.42.27-2-1000x1000.jpeg 1000w, https:\/\/ifdmoreno-cba.infd.edu.ar\/sitio\/wp-content\/uploads\/2021\/12\/WhatsApp-Image-2020-12-28-at-16.42.27-2-500x500.jpeg 500w, https:\/\/ifdmoreno-cba.infd.edu.ar\/sitio\/wp-content\/uploads\/2021\/12\/WhatsApp-Image-2020-12-28-at-16.42.27-2-768x768.jpeg 768w, https:\/\/ifdmoreno-cba.infd.edu.ar\/sitio\/wp-content\/uploads\/2021\/12\/WhatsApp-Image-2020-12-28-at-16.42.27-2.jpeg 1080w\" sizes=\"(max-width: 610px) 100vw, 610px\" \/>\u00a0 \u00a0 \u00a0 \u00a0 \u00a0 \u00a0 \u00a0 \u00a0 \u00a0 \u00a0<\/span><\/span><\/span><\/strong><\/em><\/p>\n<p style=\"text-align: right;\"><em><strong><span style=\"font-family: helvetica, arial, sans-serif; font-size: 10pt;\">\u00a0\u00abSi buscas resultados distintos, no hagas siempre lo mismo\u00bb<\/span><\/strong><\/em><\/p>\n<p style=\"text-align: right;\"><strong><span style=\"font-family: helvetica, arial, sans-serif; font-size: 10pt;\">(Albert Einstein)<\/span><\/strong><\/p>\n<p><strong>PERFIL DEL EGRESADO<\/strong><\/p>\n<p>Preparar profesionales capaces de ense\u00f1ar, generar y transmitir los conocimientos<\/p>\n<p>Promover a la construcci\u00f3n de una identidad docente basada en la autonom\u00eda profesional, el v\u00ednculo con la cultura y la sociedad contempor\u00e1nea, el trabajo en equipo, el compromiso con la igualdad y la confianza en las posibilidades de aprendizaje de los\/as alumnos\/as.<\/p>\n<p>Aprender a ense\u00f1ar desarrollando una relaci\u00f3n con el conocimiento que promueva la reflexi\u00f3n y actualizaci\u00f3n permanente de los marcos te\u00f3ricos de referencia.<\/p>\n<p>Estimular el an\u00e1lisis de las relaciones entre las dimensiones pol\u00edticas, econ\u00f3micas, sociales y culturales en el devenir de las sociedades.<\/p>\n<p>Promover el conocimiento de los diversos paradigmas de pensamiento econ\u00f3mico, las principales escuelas que los referencian y las correspondientes l\u00f3gicas de construcci\u00f3n del conocimiento en el campo de la econom\u00eda.<\/p>\n<p>Adquirir herramientas de lectura y an\u00e1lisis cr\u00edtico de diversas fuentes cualitativas y cuantitativas a trav\u00e9s de la identificaci\u00f3n de finalidades, intencionalidades, pr\u00e1cticas discursivas y posicionamientos te\u00f3ricos que las sustentan en el marco de sus contextos de producci\u00f3n.<\/p>\n<p>Aplicar los m\u00e9todos e instrumentos del an\u00e1lisis econ\u00f3mico en diversos contextos institucionales a escala local, provincial, nacional y mundial.<\/p>\n<p>Participar en procesos de dise\u00f1o de micro proyectos de car\u00e1cter socioecon\u00f3mico considerando una diversidad de organizaciones.<\/p>\n<p>Analizar y dise\u00f1ar planes, programas y proyectos econ\u00f3micos, para diferentes \u00e1mbitos de intervenci\u00f3n.<\/p>\n<p>Analizar estrategias y pol\u00edticas econ\u00f3micas, especialmente aplicables al caso argentino, en el contexto regional latinoamericano y mundial.<\/p>\n<p>Analizar investigaciones sobre la realidad econ\u00f3mica y social, mundial y nacional as\u00ed como acerca de los instrumentos te\u00f3ricos y metodol\u00f3gicos del an\u00e1lisis econ\u00f3mico.<\/p>\n<p><strong>El egresado estar\u00e1 capacitado para:<\/strong><\/p>\n<p>Desempe\u00f1ar el cargo de docente en el Nivel Secundario<\/p>\n<p>Desempe\u00f1arse en el \u00e1mbito privado, empresas comerciales, industriales, de servicios. Estudios contables y jur\u00eddicos.<\/p>\n<p>Desempe\u00f1arse en el \u00e1mbito p\u00fablico, como organismos municipales, provinciales y nacionales.<\/p>\n<p>Desempe\u00f1ar funciones en ONG<\/p>\n<p>Integrar equipos de trabajo para elaboraci\u00f3n de planes estrat\u00e9gicos.<\/p>\n","protected":false},"excerpt":{"rendered":"<p>\u00a0\u00a0 \u00a0 \u00a0 \u00a0 \u00a0 \u00a0 \u00a0 \u00a0 \u00a0 \u00a0 \u00a0\u00abSi buscas resultados distintos, no hagas siempre lo mismo\u00bb (Albert Einstein) PERFIL DEL EGRESADO Preparar profesionales capaces de ense\u00f1ar, generar y transmitir los conocimientos Promover a la construcci\u00f3n de una identidad docente basada en la autonom\u00eda profesional, el v\u00ednculo con la cultura y la sociedad &#8230; <a title=\"Profesorado de Educaci\u00f3n Secundaria en Econom\u00eda\" class=\"read-more\" href=\"https:\/\/ifdmoreno-cba.infd.edu.ar\/sitio\/profesorado-de-educacion-secundaria-en-economia\/\" aria-label=\"More on Profesorado de Educaci\u00f3n Secundaria en Econom\u00eda\">[+]<\/a><\/p>\n","protected":false},"author":572,"featured_media":0,"parent":0,"menu_order":0,"comment_status":"closed","ping_status":"closed","template":"","meta":[],"acf":[],"_links":{"self":[{"href":"https:\/\/ifdmoreno-cba.infd.edu.ar\/sitio\/wp-json\/wp\/v2\/pages\/1171"}],"collection":[{"href":"https:\/\/ifdmoreno-cba.infd.edu.ar\/sitio\/wp-json\/wp\/v2\/pages"}],"about":[{"href":"https:\/\/ifdmoreno-cba.infd.edu.ar\/sitio\/wp-json\/wp\/v2\/types\/page"}],"author":[{"embeddable":true,"href":"https:\/\/ifdmoreno-cba.infd.edu.ar\/sitio\/wp-json\/wp\/v2\/users\/572"}],"replies":[{"embeddable":true,"href":"https:\/\/ifdmoreno-cba.infd.edu.ar\/sitio\/wp-json\/wp\/v2\/comments?post=1171"}],"version-history":[{"count":1,"href":"https:\/\/ifdmoreno-cba.infd.edu.ar\/sitio\/wp-json\/wp\/v2\/pages\/1171\/revisions"}],"predecessor-version":[{"id":1793,"href":"https:\/\/ifdmoreno-cba.infd.edu.ar\/sitio\/wp-json\/wp\/v2\/pages\/1171\/revisions\/1793"}],"wp:attachment":[{"href":"https:\/\/ifdmoreno-cba.infd.edu.ar\/sitio\/wp-json\/wp\/v2\/media?parent=1171"}],"curies":[{"name":"wp","href":"https:\/\/api.w.org\/{rel}","templated":true}]}}