{"id":1173,"date":"2018-08-30T12:10:27","date_gmt":"2018-08-30T15:10:27","guid":{"rendered":"https:\/\/ifdmoreno-cba.infd.edu.ar\/sitio\/profesorado-de-educacion-secundaria-en-geografia\/"},"modified":"2023-11-29T23:36:21","modified_gmt":"2023-11-30T02:36:21","slug":"profesorado-de-educacion-secundaria-en-geografia","status":"publish","type":"page","link":"https:\/\/ifdmoreno-cba.infd.edu.ar\/sitio\/profesorado-de-educacion-secundaria-en-geografia\/","title":{"rendered":"Profesorado de Educaci\u00f3n Secundaria en Geograf\u00eda"},"content":{"rendered":"<p><strong>PROFESORADO DE EDUCACI\u00d3N SECUNDARIA EN GEOGRAF\u00cdA<\/strong><\/p>\n<p><strong>T\u00edtulo:<\/strong> Profesor\/a de Educaci\u00f3n Secundaria en Geograf\u00eda<\/p>\n<p><strong>Duraci\u00f3n:<\/strong>\u00a04 a\u00f1os<\/p>\n<p><strong>Jefe de secci\u00f3n:<\/strong> Prof. Mar\u00eda Jos\u00e9 Vazquez |\u00a0 mariajosevazquez@isfdmmoreno.edu.ar<\/p>\n<p style=\"text-align: right;\"><img decoding=\"async\" loading=\"lazy\" class=\"wp-image-1774 aligncenter\" src=\"https:\/\/ifdmoreno-cba.infd.edu.ar\/sitio\/wp-content\/uploads\/2021\/12\/WhatsApp-Image-2020-12-28-at-16.42.26-1-1000x1000.jpeg\" alt=\"\" width=\"335\" height=\"335\" srcset=\"https:\/\/ifdmoreno-cba.infd.edu.ar\/sitio\/wp-content\/uploads\/2021\/12\/WhatsApp-Image-2020-12-28-at-16.42.26-1-1000x1000.jpeg 1000w, https:\/\/ifdmoreno-cba.infd.edu.ar\/sitio\/wp-content\/uploads\/2021\/12\/WhatsApp-Image-2020-12-28-at-16.42.26-1-500x500.jpeg 500w, https:\/\/ifdmoreno-cba.infd.edu.ar\/sitio\/wp-content\/uploads\/2021\/12\/WhatsApp-Image-2020-12-28-at-16.42.26-1-768x768.jpeg 768w, https:\/\/ifdmoreno-cba.infd.edu.ar\/sitio\/wp-content\/uploads\/2021\/12\/WhatsApp-Image-2020-12-28-at-16.42.26-1.jpeg 1080w\" sizes=\"(max-width: 335px) 100vw, 335px\" \/><\/p>\n<p style=\"text-align: right; padding-left: 60px;\"><strong><em><span style=\"font-size: 10pt; font-family: helvetica, arial, sans-serif;\">\u00a0\u00abLa unidad de todas las ciencias se encuentra en la geograf\u00eda. La importancia de ella es que presenta la Tierra, como la sede permanente de las ocupaciones del hombre\u00bb<\/span><\/em><\/strong><\/p>\n<p style=\"text-align: right;\"><strong><span style=\"font-size: 10pt; font-family: helvetica, arial, sans-serif;\">(John Dewey)<\/span><\/strong><\/p>\n<p><strong>PERFIL DEL EGRESADO<\/strong><\/p>\n<p>Ejercer la docencia en la nivel secundario y superior<\/p>\n<p>Desarrollar tareas de investigaci\u00f3n<\/p>\n<p>Gu\u00eda tur\u00edstico<\/p>\n<p>Desempe\u00f1ar funciones en la administraci\u00f3n p\u00fablica y ONG<\/p>\n<p>Utilizar e interpretar datos de las nuevas herramientas tecnol\u00f3gicas como GPS, GIS, im\u00e1genes satelitales.<\/p>\n<p>Asesorar en problemas ambientales, prevenci\u00f3n de cat\u00e1strofes, proyectos de \u00e1reas protegidas, etc.<\/p>\n<p>Concienciar sobre los derechos sociales sobre el espacio<\/p>\n<p>Elaborar planes sobre el ordenamiento y gesti\u00f3n del territorio<\/p>\n<p>Manejo de nuevas t\u00e9cnicas de la investigaci\u00f3n geogr\u00e1fica<\/p>\n<p>Abordar tareas que traten sobre el comportamiento de la sociedad, abarcando su dimensi\u00f3n demogr\u00e1fica y econ\u00f3mica<\/p>\n<p>Coordinar proyectos sobre los Recursos Naturales y su interrelaci\u00f3n con la sociedad.<\/p>\n<p><strong>PLAN DE ESTUDIOS\u00a0<\/strong><\/p>\n<table border=\"0\" width=\"897\">\n<tbody>\n<tr>\n<td>\u00a0<\/td>\n<td><strong><a title=\"Dise\u00f1o Curricular para los Profesorado de Educaci\u00f3n Secundaria en Geograf\u00eda 2018\" href=\"https:\/\/dges-cba.infd.edu.ar\/sitio\/curriculares\/upload\/2018-PROFESORADO_DE_EDUCACION_SECUNDARIA_EN_GEOGRAFIA.pdf\" target=\"_blank\" rel=\"noopener\">Dise\u00f1o Curricular para los Profesorado de Educaci\u00f3n Secundaria en Geograf\u00eda (a partir de la cohorte 2018)<\/a><\/strong><\/td>\n<\/tr>\n<tr>\n<td>\u00a0<\/td>\n<td><strong><a title=\"Plan de Estudio Profesorado de Educaci\u00f3n Secundaria en Geografia 2018\" href=\"https:\/\/dges-cba.infd.edu.ar\/sitio\/curriculares\/upload\/Plan_de_Estudio_Prof._de_Educacion_Secundaria_Geografia_2018.PDF\" target=\"_blank\" rel=\"noopener\">Plan de Estudio Profesorado de\u00a0Educaci\u00f3n Secundaria en Geograf\u00eda (a partir de la cohorte 2018<\/a>)<\/strong><\/td>\n<\/tr>\n<tr>\n<td>\u00a0<\/td>\n<td><strong><a title=\"Resoluci\u00f3n 28000\" href=\"https:\/\/dges-cba.infd.edu.ar\/sitio\/curriculares\/upload\/RES28000.PDF\" target=\"_blank\" rel=\"noopener\">Resolucion\u00a0280-18<\/a><\/strong><\/td>\n<\/tr>\n<tr>\n<td>\u00a0<\/td>\n<td><strong><a title=\"Dise\u00f1o Curricular Profesorado Geografia - Historia\" href=\"https:\/\/dges-cba.infd.edu.ar\/sitio\/curriculares\/upload\/DISENIO_CURRICULAR_PROFESORADO_GEOGRAFIAHISTORIA.pdf\" target=\"_blank\" rel=\"noopener\">Dise\u00f1o Curricular para el Profesorado de Educaci\u00f3n Secundaria en Geograf\u00eda<\/a><\/strong><\/td>\n<\/tr>\n<\/tbody>\n<\/table>\n\n\n<p><strong>| ESTRUCTURA CURRICULAR<\/strong><\/p>\n\n\n<div class=\"wp-block-image\">\n<figure class=\"aligncenter size-full\"><img decoding=\"async\" loading=\"lazy\" width=\"669\" height=\"685\" src=\"https:\/\/ifdmoreno-cba.infd.edu.ar\/sitio\/wp-content\/uploads\/2023\/02\/image-1.png\" alt=\"\" class=\"wp-image-2236\"\/><\/figure><\/div>\n\n<div class=\"wp-block-image\">\n<figure class=\"aligncenter size-full\"><img decoding=\"async\" loading=\"lazy\" width=\"667\" height=\"685\" src=\"https:\/\/ifdmoreno-cba.infd.edu.ar\/sitio\/wp-content\/uploads\/2023\/02\/image-2.png\" alt=\"\" class=\"wp-image-2237\"\/><\/figure><\/div>\n\n<div class=\"wp-block-image\">\n<figure class=\"aligncenter size-full\"><img decoding=\"async\" loading=\"lazy\" width=\"667\" height=\"707\" src=\"https:\/\/ifdmoreno-cba.infd.edu.ar\/sitio\/wp-content\/uploads\/2023\/02\/image-3.png\" alt=\"\" class=\"wp-image-2238\"\/><\/figure><\/div>\n\n<div class=\"wp-block-image\">\n<figure class=\"aligncenter size-full\"><img decoding=\"async\" loading=\"lazy\" width=\"667\" height=\"679\" src=\"https:\/\/ifdmoreno-cba.infd.edu.ar\/sitio\/wp-content\/uploads\/2023\/02\/image-5.png\" alt=\"\" class=\"wp-image-2240\"\/><\/figure><\/div>\n\n\n<figure class=\"wp-block-table\"><table><tbody><tr><td><strong>Problem\u00e1ticas y Desaf\u00edos del Nivel Secundario<\/strong><\/td><\/tr><tr><td><strong>T\u00e9cnicas de trabajo y estudio de la Geograf\u00eda<\/strong><\/td><\/tr><\/tbody><\/table><\/figure>\n","protected":false},"excerpt":{"rendered":"<p>PROFESORADO DE EDUCACI\u00d3N SECUNDARIA EN GEOGRAF\u00cdA T\u00edtulo: Profesor\/a de Educaci\u00f3n Secundaria en Geograf\u00eda Duraci\u00f3n:\u00a04 a\u00f1os Jefe de secci\u00f3n: Prof. Mar\u00eda Jos\u00e9 Vazquez |\u00a0 mariajosevazquez@isfdmmoreno.edu.ar \u00a0\u00abLa unidad de todas las ciencias se encuentra en la geograf\u00eda. La importancia de ella es que presenta la Tierra, como la sede permanente de las ocupaciones del hombre\u00bb (John Dewey) &#8230; <a title=\"Profesorado de Educaci\u00f3n Secundaria en Geograf\u00eda\" class=\"read-more\" href=\"https:\/\/ifdmoreno-cba.infd.edu.ar\/sitio\/profesorado-de-educacion-secundaria-en-geografia\/\" aria-label=\"More on Profesorado de Educaci\u00f3n Secundaria en Geograf\u00eda\">[+]<\/a><\/p>\n","protected":false},"author":572,"featured_media":0,"parent":0,"menu_order":0,"comment_status":"closed","ping_status":"closed","template":"","meta":[],"acf":[],"_links":{"self":[{"href":"https:\/\/ifdmoreno-cba.infd.edu.ar\/sitio\/wp-json\/wp\/v2\/pages\/1173"}],"collection":[{"href":"https:\/\/ifdmoreno-cba.infd.edu.ar\/sitio\/wp-json\/wp\/v2\/pages"}],"about":[{"href":"https:\/\/ifdmoreno-cba.infd.edu.ar\/sitio\/wp-json\/wp\/v2\/types\/page"}],"author":[{"embeddable":true,"href":"https:\/\/ifdmoreno-cba.infd.edu.ar\/sitio\/wp-json\/wp\/v2\/users\/572"}],"replies":[{"embeddable":true,"href":"https:\/\/ifdmoreno-cba.infd.edu.ar\/sitio\/wp-json\/wp\/v2\/comments?post=1173"}],"version-history":[{"count":4,"href":"https:\/\/ifdmoreno-cba.infd.edu.ar\/sitio\/wp-json\/wp\/v2\/pages\/1173\/revisions"}],"predecessor-version":[{"id":2309,"href":"https:\/\/ifdmoreno-cba.infd.edu.ar\/sitio\/wp-json\/wp\/v2\/pages\/1173\/revisions\/2309"}],"wp:attachment":[{"href":"https:\/\/ifdmoreno-cba.infd.edu.ar\/sitio\/wp-json\/wp\/v2\/media?parent=1173"}],"curies":[{"name":"wp","href":"https:\/\/api.w.org\/{rel}","templated":true}]}}