{"id":1177,"date":"2018-08-30T12:10:28","date_gmt":"2018-08-30T15:10:28","guid":{"rendered":"https:\/\/ifdmoreno-cba.infd.edu.ar\/sitio\/profesorado-de-educacion-secundaria-en-lengua-y-literatura\/"},"modified":"2023-02-21T17:25:00","modified_gmt":"2023-02-21T20:25:00","slug":"profesorado-de-educacion-secundaria-en-lengua-y-literatura","status":"publish","type":"page","link":"https:\/\/ifdmoreno-cba.infd.edu.ar\/sitio\/profesorado-de-educacion-secundaria-en-lengua-y-literatura\/","title":{"rendered":"Profesorado de Educaci\u00f3n Secundaria en Lengua y Literatura"},"content":{"rendered":"<p><strong>PROFESORADO DE EDUCACI\u00d3N SECUNDARIA EN LENGUA Y LITERATURA<\/strong><\/p>\n<p><strong>T\u00edtulo:<\/strong> Profesor\/a de Educaci\u00f3n Secundaria en Lengua y Literatura<\/p>\n<p><strong>Duraci\u00f3n:<\/strong>\u00a04 a\u00f1os<\/p>\n<p><strong>Jefe de secci\u00f3n: Prof. Ma. Florencia Rama | <a href=\"mailto:mariaflorenciarama@isfdmmoreno.edu.ar\">mariaflorenciarama@isfdmmoreno.edu.ar<\/a><\/strong><\/p>\n<p style=\"padding-left: 180px; text-align: justify;\"><span style=\"font-family: arial, helvetica, sans-serif;\" data-mce-mark=\"1\"><strong><span style=\"font-size: 14pt;\" data-mce-mark=\"1\">\u00a0 \u00a0 \u00a0 \u00a0 \u00a0 \u00a0 \u00a0 \u00a0 \u00a0 \u00a0 \u00a0 \u00a0 \u00a0 \u00a0 \u00a0 \u00a0 \u00a0 \u00a0 \u00a0<\/span><\/strong><\/span><span style=\"font-family: arial, helvetica, sans-serif;\" data-mce-mark=\"1\"><strong><span style=\"font-size: 14pt;\" data-mce-mark=\"1\"><img decoding=\"async\" loading=\"lazy\" class=\"wp-image-1781 aligncenter\" src=\"https:\/\/ifdmoreno-cba.infd.edu.ar\/sitio\/wp-content\/uploads\/2021\/12\/WhatsApp-Image-2020-12-28-at-16.53.01-1000x1000.jpeg\" alt=\"\" width=\"335\" height=\"335\" srcset=\"https:\/\/ifdmoreno-cba.infd.edu.ar\/sitio\/wp-content\/uploads\/2021\/12\/WhatsApp-Image-2020-12-28-at-16.53.01-1000x1000.jpeg 1000w, https:\/\/ifdmoreno-cba.infd.edu.ar\/sitio\/wp-content\/uploads\/2021\/12\/WhatsApp-Image-2020-12-28-at-16.53.01-500x500.jpeg 500w, https:\/\/ifdmoreno-cba.infd.edu.ar\/sitio\/wp-content\/uploads\/2021\/12\/WhatsApp-Image-2020-12-28-at-16.53.01-768x768.jpeg 768w, https:\/\/ifdmoreno-cba.infd.edu.ar\/sitio\/wp-content\/uploads\/2021\/12\/WhatsApp-Image-2020-12-28-at-16.53.01.jpeg 1080w\" sizes=\"(max-width: 335px) 100vw, 335px\" \/><\/span><\/strong><\/span><\/p>\n<p style=\"padding-left: 150px; text-align: right;\"><em>\u00abLeer es adentrarse en otros mundos posibles. Es indagar en la realidad para comprenderla mejor, es distanciarse del texto y asumir una postura cr\u00edtica frente a lo que se dice y lo que se quiere decir, es sacar carta de ciudadan\u00eda en el mundo de la cultura escrita&#8230;\u00bb<\/em><\/p>\n<p style=\"text-align: right;\"><strong>Delia Lerner<\/strong><\/p>\n<p><strong>PERFIL DEL EGRESADO<\/strong><\/p>\n<p>La formaci\u00f3n docente requiere los conocimientos disciplinares propios del campo de la lengua y la literatura, que deben articularse con saberes y habilidades imprescindibles para desempe\u00f1arse como profesor en la escuela secundaria:<\/p>\n<ul>\n<li>la formaci\u00f3n did\u00e1ctica<\/li>\n<li>el desempe\u00f1o en espacios de producci\u00f3n, pensamiento colectivo y cooperativo.<\/li>\n<li>el desarrollo de buenas pr\u00e1cticas de evaluaci\u00f3n de los aprendizajes<\/li>\n<li>la formaci\u00f3n para cumplir nuevas funciones en la escuela secundaria, la reflexi\u00f3n sobre la autoridad, la vida democr\u00e1tica y el respeto y la valoraci\u00f3n de la ley, el conocimiento de las distintas formas de ser joven en la actualidad<\/li>\n<li>la inclusi\u00f3n de las TIC para potenciar las posibilidades de aprendizaje<\/li>\n<li>la alfabetizaci\u00f3n acad\u00e9mica<\/li>\n<li>Promover el an\u00e1lisis de los procesos socio-hist\u00f3ricos de producci\u00f3n de conocimiento propios de los campos de la Lengua y la Literatura, reflexionando sobre sus especificidades y mutuas relaciones.<\/li>\n<li>\u00a0Afianzar la formaci\u00f3n de los estudiantes como lectores, escritores, hablantes e interlocutores, como estrategia de fortalecimiento de su futuro rol de mediadores culturales.<\/li>\n<li>Contribuir a la construcci\u00f3n de marcos te\u00f3ricos -pedag\u00f3gicos, disciplinares y did\u00e1cticos- que fundamenten los procesos de transmisi\u00f3n y constituyan referentes valiosos para interpelar, revisar y mejorar las pr\u00e1cticas de ense\u00f1anza de la lengua y la literatura en la escuela secundaria.<\/li>\n<\/ul>\n<p style=\"text-align: justify;\"><strong>ALCANCE DE T\u00cdTULO<\/strong><\/p>\n<p>Docencia de nivel secundaria y otros cargos del nivel.<\/p>\n<p>Apoyo escolar. Tutor\u00edas<\/p>\n<p>Redacci\u00f3n y correcci\u00f3n en medios gr\u00e1ficos, digitales, radiof\u00f3nicos<\/p>\n<p>Redactor publicitario<\/p>\n<p>Adaptador de guiones y obras literarias para teatro y cine<\/p>\n<p>Corrector editorial y acad\u00e9mico<\/p>\n<p>Coordinador de bibliotecas, equipos de investigaci\u00f3n en los \u00e1mbitos ling\u00fc\u00edsticos y filol\u00f3gicos.<\/p>\n<p><strong>PLAN DE ESTUDIOS\u00a0<\/strong><\/p>\n<table border=\"0\">\n<tbody>\n<tr>\n<td>\u00a0<\/td>\n<td><strong><a href=\"https:\/\/dges-cba.infd.edu.ar\/sitio\/wp-content\/uploads\/2019\/05\/24_de_Abril_2019_LENGUA_Y_LITERATURA.pdf\" target=\"_blank\" rel=\"noopener\">Actualizaci\u00f3n Dise\u00f1o Curricular para el Profesorado de Educaci\u00f3n Secundaria en Lengua y Literatura (A partir de la Cohorte 2019)<\/a><\/strong><\/td>\n<\/tr>\n<tr>\n<td>\u00a0<\/td>\n<td><strong><a title=\"Resoluci\u00f3n 59519\" href=\"https:\/\/dges-cba.infd.edu.ar\/sitio\/wp-content\/uploads\/2019\/06\/R-M-595-19.pdf\" target=\"_blank\" rel=\"noopener\">Resoluci\u00f3n 595-19<\/a><\/strong><\/td>\n<\/tr>\n<tr>\n<td>\u00a0<\/td>\n<td><strong><a title=\"Resoluci\u00f3n 27419\" href=\"https:\/\/dges-cba.infd.edu.ar\/sitio\/wp-content\/uploads\/2019\/03\/R-M-274-1.pdf\" target=\"_blank\" rel=\"noopener\">Resoluci\u00f3n\u00a0274-19<\/a><\/strong><\/td>\n<\/tr>\n<tr>\n<td>\u00a0<\/td>\n<td><strong><a title=\"Dise\u00f1o Curricular Lengua y Literatura - Ingles\" href=\"https:\/\/dges-cba.infd.edu.ar\/sitio\/curriculares\/upload\/DISENIO_CURRICULAR_LENGUA_Y_LITERATURA__INGLES.pdf\" target=\"_blank\" rel=\"noopener\">Dise\u00f1o Curricular para el Profesorado de Educaci\u00f3n Secundaria en Lengua y Literatura<\/a><\/strong><\/td>\n<\/tr>\n<\/tbody>\n<\/table>\n\n\n<p><strong>| ESTRUCTURA CURRICULAR<\/strong><\/p>\n\n\n\n<p><strong>PRIMER A\u00d1O<\/strong><\/p>\n\n\n<div class=\"wp-block-image\">\n<figure class=\"aligncenter\"><img decoding=\"async\" loading=\"lazy\" width=\"944\" height=\"994\" src=\"https:\/\/ifdmoreno-cba.infd.edu.ar\/sitio\/wp-content\/uploads\/2021\/12\/L1.jpg\" alt=\"\" class=\"wp-image-1810\" srcset=\"https:\/\/ifdmoreno-cba.infd.edu.ar\/sitio\/wp-content\/uploads\/2021\/12\/L1.jpg 944w, https:\/\/ifdmoreno-cba.infd.edu.ar\/sitio\/wp-content\/uploads\/2021\/12\/L1-768x809.jpg 768w\" sizes=\"(max-width: 944px) 100vw, 944px\" \/><\/figure><\/div>\n\n\n<p><strong>SEGUNDO A\u00d1O<\/strong><\/p>\n\n\n<div class=\"wp-block-image\">\n<figure class=\"aligncenter\"><img decoding=\"async\" loading=\"lazy\" width=\"902\" height=\"1000\" src=\"https:\/\/ifdmoreno-cba.infd.edu.ar\/sitio\/wp-content\/uploads\/2021\/12\/L2-902x1000.jpg\" alt=\"\" class=\"wp-image-1811\" srcset=\"https:\/\/ifdmoreno-cba.infd.edu.ar\/sitio\/wp-content\/uploads\/2021\/12\/L2-902x1000.jpg 902w, https:\/\/ifdmoreno-cba.infd.edu.ar\/sitio\/wp-content\/uploads\/2021\/12\/L2-768x851.jpg 768w, https:\/\/ifdmoreno-cba.infd.edu.ar\/sitio\/wp-content\/uploads\/2021\/12\/L2.jpg 943w\" sizes=\"(max-width: 902px) 100vw, 902px\" \/><\/figure><\/div>\n\n\n<p><strong>TERCER A\u00d1O<\/strong><\/p>\n\n\n<div class=\"wp-block-image\">\n<figure class=\"aligncenter\"><img decoding=\"async\" loading=\"lazy\" width=\"916\" height=\"1000\" src=\"https:\/\/ifdmoreno-cba.infd.edu.ar\/sitio\/wp-content\/uploads\/2021\/12\/L3-916x1000.jpg\" alt=\"\" class=\"wp-image-1812\" srcset=\"https:\/\/ifdmoreno-cba.infd.edu.ar\/sitio\/wp-content\/uploads\/2021\/12\/L3-916x1000.jpg 916w, https:\/\/ifdmoreno-cba.infd.edu.ar\/sitio\/wp-content\/uploads\/2021\/12\/L3-768x839.jpg 768w, https:\/\/ifdmoreno-cba.infd.edu.ar\/sitio\/wp-content\/uploads\/2021\/12\/L3.jpg 956w\" sizes=\"(max-width: 916px) 100vw, 916px\" \/><\/figure><\/div>\n\n\n<p><strong>CUARTO A\u00d1O<\/strong><\/p>\n\n\n<div class=\"wp-block-image\">\n<figure class=\"aligncenter\"><img decoding=\"async\" loading=\"lazy\" width=\"950\" height=\"936\" src=\"https:\/\/ifdmoreno-cba.infd.edu.ar\/sitio\/wp-content\/uploads\/2021\/12\/L4.jpg\" alt=\"\" class=\"wp-image-1813\" srcset=\"https:\/\/ifdmoreno-cba.infd.edu.ar\/sitio\/wp-content\/uploads\/2021\/12\/L4.jpg 950w, https:\/\/ifdmoreno-cba.infd.edu.ar\/sitio\/wp-content\/uploads\/2021\/12\/L4-768x757.jpg 768w\" sizes=\"(max-width: 950px) 100vw, 950px\" \/><\/figure><\/div>","protected":false},"excerpt":{"rendered":"<p>PROFESORADO DE EDUCACI\u00d3N SECUNDARIA EN LENGUA Y LITERATURA T\u00edtulo: Profesor\/a de Educaci\u00f3n Secundaria en Lengua y Literatura Duraci\u00f3n:\u00a04 a\u00f1os Jefe de secci\u00f3n: Prof. Ma. Florencia Rama | mariaflorenciarama@isfdmmoreno.edu.ar \u00a0 \u00a0 \u00a0 \u00a0 \u00a0 \u00a0 \u00a0 \u00a0 \u00a0 \u00a0 \u00a0 \u00a0 \u00a0 \u00a0 \u00a0 \u00a0 \u00a0 \u00a0 \u00a0 \u00abLeer es adentrarse en otros mundos posibles. Es &#8230; <a title=\"Profesorado de Educaci\u00f3n Secundaria en Lengua y Literatura\" class=\"read-more\" href=\"https:\/\/ifdmoreno-cba.infd.edu.ar\/sitio\/profesorado-de-educacion-secundaria-en-lengua-y-literatura\/\" aria-label=\"More on Profesorado de Educaci\u00f3n Secundaria en Lengua y Literatura\">[+]<\/a><\/p>\n","protected":false},"author":572,"featured_media":0,"parent":0,"menu_order":0,"comment_status":"closed","ping_status":"closed","template":"","meta":[],"acf":[],"_links":{"self":[{"href":"https:\/\/ifdmoreno-cba.infd.edu.ar\/sitio\/wp-json\/wp\/v2\/pages\/1177"}],"collection":[{"href":"https:\/\/ifdmoreno-cba.infd.edu.ar\/sitio\/wp-json\/wp\/v2\/pages"}],"about":[{"href":"https:\/\/ifdmoreno-cba.infd.edu.ar\/sitio\/wp-json\/wp\/v2\/types\/page"}],"author":[{"embeddable":true,"href":"https:\/\/ifdmoreno-cba.infd.edu.ar\/sitio\/wp-json\/wp\/v2\/users\/572"}],"replies":[{"embeddable":true,"href":"https:\/\/ifdmoreno-cba.infd.edu.ar\/sitio\/wp-json\/wp\/v2\/comments?post=1177"}],"version-history":[{"count":4,"href":"https:\/\/ifdmoreno-cba.infd.edu.ar\/sitio\/wp-json\/wp\/v2\/pages\/1177\/revisions"}],"predecessor-version":[{"id":2233,"href":"https:\/\/ifdmoreno-cba.infd.edu.ar\/sitio\/wp-json\/wp\/v2\/pages\/1177\/revisions\/2233"}],"wp:attachment":[{"href":"https:\/\/ifdmoreno-cba.infd.edu.ar\/sitio\/wp-json\/wp\/v2\/media?parent=1177"}],"curies":[{"name":"wp","href":"https:\/\/api.w.org\/{rel}","templated":true}]}}