{"id":1181,"date":"2018-08-30T12:10:29","date_gmt":"2018-08-30T15:10:29","guid":{"rendered":"https:\/\/ifdmoreno-cba.infd.edu.ar\/sitio\/profesorado-en-educacion-inicial\/"},"modified":"2021-12-30T18:13:49","modified_gmt":"2021-12-30T21:13:49","slug":"profesorado-en-educacion-inicial","status":"publish","type":"page","link":"https:\/\/ifdmoreno-cba.infd.edu.ar\/sitio\/profesorado-en-educacion-inicial\/","title":{"rendered":"Profesorado en Educaci\u00f3n Inicial"},"content":{"rendered":"<p><img decoding=\"async\" loading=\"lazy\" class=\"wp-image-1772 aligncenter\" src=\"https:\/\/ifdmoreno-cba.infd.edu.ar\/sitio\/wp-content\/uploads\/2021\/12\/WhatsApp-Image-2020-12-28-at-16.42.25-1-1000x1000.jpeg\" alt=\"\" width=\"610\" height=\"610\" srcset=\"https:\/\/ifdmoreno-cba.infd.edu.ar\/sitio\/wp-content\/uploads\/2021\/12\/WhatsApp-Image-2020-12-28-at-16.42.25-1-1000x1000.jpeg 1000w, https:\/\/ifdmoreno-cba.infd.edu.ar\/sitio\/wp-content\/uploads\/2021\/12\/WhatsApp-Image-2020-12-28-at-16.42.25-1-500x500.jpeg 500w, https:\/\/ifdmoreno-cba.infd.edu.ar\/sitio\/wp-content\/uploads\/2021\/12\/WhatsApp-Image-2020-12-28-at-16.42.25-1-768x768.jpeg 768w, https:\/\/ifdmoreno-cba.infd.edu.ar\/sitio\/wp-content\/uploads\/2021\/12\/WhatsApp-Image-2020-12-28-at-16.42.25-1.jpeg 1080w\" sizes=\"(max-width: 610px) 100vw, 610px\" \/><\/p>\n<p style=\"text-align: right;\"><em>\u00abDibujamos JUNTOS para hacer de la experiencia del jugar un acontecimiento, porque la infancia es un acontecimiento\u00bb<\/em><\/p>\n<p style=\"text-align: right;\"><strong>Esteban Levin<\/strong><\/p>\n<p style=\"text-align: right;\">\n<p style=\"text-align: left;\"><strong>ALCANCE DEL T\u00cdTULO<\/strong><\/p>\n<p>Ejercer la docencia en jardines de infantes y jardines maternales<\/p>\n<p>Realizar emprendimientos educativos propios de la Educaci\u00f3n Inicial (guarder\u00edas, jardines maternales, etc.)<\/p>\n<p>Dise\u00f1ar, gestionar y evaluar los procesos de ense\u00f1anza y aprendizaje en Educaci\u00f3n Inicial<\/p>\n<p>Desarrollar tareas docentes con ni\u00f1os\/as en experiencias de educaci\u00f3n no formal<\/p>\n<p>Desarrollar materiales curriculares para el Nivel Inicial<\/p>\n<p>Valorar y promover la participaci\u00f3n, el compromiso y el trabajo compartido con otros, la gesti\u00f3n de proyectos interdisciplinarios y comunitarios<\/p>\n<p>Integrar equipos interdisciplinarios para el an\u00e1lisis e investigaci\u00f3n de problem\u00e1ticas educativas relativas a la Educaci\u00f3n Inicial<\/p>\n<p>Trabajar en equipo con otros docentes para elaborar proyectos \u00e1ulicos, institucionales, distritales y regionales compartidos<\/p>\n<p>Formular proyectos en experiencias de aprendizaje de servicio.<span style=\"font-family: arial, helvetica, sans-serif; font-size: 10pt;\">\u00a0<\/span><\/p>\n<p style=\"text-align: center;\"><strong>\u00a0<\/strong><\/p>\n<p style=\"text-align: center;\">\n<h5 style=\"text-align: center;\"><\/h5>\n","protected":false},"excerpt":{"rendered":"<p>\u00abDibujamos JUNTOS para hacer de la experiencia del jugar un acontecimiento, porque la infancia es un acontecimiento\u00bb Esteban Levin ALCANCE DEL T\u00cdTULO Ejercer la docencia en jardines de infantes y jardines maternales Realizar emprendimientos educativos propios de la Educaci\u00f3n Inicial (guarder\u00edas, jardines maternales, etc.) Dise\u00f1ar, gestionar y evaluar los procesos de ense\u00f1anza y aprendizaje en &#8230; <a title=\"Profesorado en Educaci\u00f3n Inicial\" class=\"read-more\" href=\"https:\/\/ifdmoreno-cba.infd.edu.ar\/sitio\/profesorado-en-educacion-inicial\/\" aria-label=\"More on Profesorado en Educaci\u00f3n Inicial\">[+]<\/a><\/p>\n","protected":false},"author":572,"featured_media":0,"parent":0,"menu_order":0,"comment_status":"closed","ping_status":"closed","template":"","meta":[],"acf":[],"_links":{"self":[{"href":"https:\/\/ifdmoreno-cba.infd.edu.ar\/sitio\/wp-json\/wp\/v2\/pages\/1181"}],"collection":[{"href":"https:\/\/ifdmoreno-cba.infd.edu.ar\/sitio\/wp-json\/wp\/v2\/pages"}],"about":[{"href":"https:\/\/ifdmoreno-cba.infd.edu.ar\/sitio\/wp-json\/wp\/v2\/types\/page"}],"author":[{"embeddable":true,"href":"https:\/\/ifdmoreno-cba.infd.edu.ar\/sitio\/wp-json\/wp\/v2\/users\/572"}],"replies":[{"embeddable":true,"href":"https:\/\/ifdmoreno-cba.infd.edu.ar\/sitio\/wp-json\/wp\/v2\/comments?post=1181"}],"version-history":[{"count":1,"href":"https:\/\/ifdmoreno-cba.infd.edu.ar\/sitio\/wp-json\/wp\/v2\/pages\/1181\/revisions"}],"predecessor-version":[{"id":1816,"href":"https:\/\/ifdmoreno-cba.infd.edu.ar\/sitio\/wp-json\/wp\/v2\/pages\/1181\/revisions\/1816"}],"wp:attachment":[{"href":"https:\/\/ifdmoreno-cba.infd.edu.ar\/sitio\/wp-json\/wp\/v2\/media?parent=1181"}],"curies":[{"name":"wp","href":"https:\/\/api.w.org\/{rel}","templated":true}]}}