{"id":1185,"date":"2018-08-30T12:10:31","date_gmt":"2018-08-30T15:10:31","guid":{"rendered":"https:\/\/ifdmoreno-cba.infd.edu.ar\/sitio\/profesorado-de-educacion-especial\/"},"modified":"2021-12-30T13:28:38","modified_gmt":"2021-12-30T16:28:38","slug":"profesorado-de-educacion-especial","status":"publish","type":"page","link":"https:\/\/ifdmoreno-cba.infd.edu.ar\/sitio\/profesorado-de-educacion-especial\/","title":{"rendered":"Profesorado de Educaci\u00f3n Especial con orientaci\u00f3n en Discapacidad Intelectual"},"content":{"rendered":"<div>\n<div style=\"text-align: right;\"><span style=\"font-size: 10pt;\"><img decoding=\"async\" loading=\"lazy\" class=\"wp-image-1773 aligncenter\" src=\"https:\/\/ifdmoreno-cba.infd.edu.ar\/sitio\/wp-content\/uploads\/2021\/12\/WhatsApp-Image-2020-12-28-at-16.42.25-1000x1000.jpeg\" alt=\"\" width=\"610\" height=\"610\" srcset=\"https:\/\/ifdmoreno-cba.infd.edu.ar\/sitio\/wp-content\/uploads\/2021\/12\/WhatsApp-Image-2020-12-28-at-16.42.25-1000x1000.jpeg 1000w, https:\/\/ifdmoreno-cba.infd.edu.ar\/sitio\/wp-content\/uploads\/2021\/12\/WhatsApp-Image-2020-12-28-at-16.42.25-500x500.jpeg 500w, https:\/\/ifdmoreno-cba.infd.edu.ar\/sitio\/wp-content\/uploads\/2021\/12\/WhatsApp-Image-2020-12-28-at-16.42.25-768x768.jpeg 768w, https:\/\/ifdmoreno-cba.infd.edu.ar\/sitio\/wp-content\/uploads\/2021\/12\/WhatsApp-Image-2020-12-28-at-16.42.25.jpeg 1080w\" sizes=\"(max-width: 610px) 100vw, 610px\" \/><\/span><\/div>\n<div>\n<p style=\"text-align: right; padding-left: 240px;\">\u201cEs una locura seguir haciendo siempre lo mismo y esperar resultados diferentes. A ver, entonces, qu\u00e9 podemos hacer para cambiar la escuela\u201d.<\/p>\n<p style=\"text-align: right;\"><strong>Albert Einstein<\/strong><\/p>\n<p>CAMPO OCUPACIONAL<\/p>\n<p>El t\u00edtulo de Profesor de Educaci\u00f3n Especial habilita para:<\/p>\n<ul>\n<li>Ejercer la docencia en todos los niveles (Educaci\u00f3n Inicia, Secundaria, Superior y sus modalidades)<\/li>\n<li>Planificar procesos educativos y procesos de ense\u00f1anza y aprendizaje diversificados<\/li>\n<li>Evaluar dise\u00f1os did\u00e1cticos<\/li>\n<li>Desarrollar metodolog\u00edas de ense\u00f1anza de Educaci\u00f3n Especial<\/li>\n<\/ul>\n<\/div>\n<\/div>\n","protected":false},"excerpt":{"rendered":"<p>\u201cEs una locura seguir haciendo siempre lo mismo y esperar resultados diferentes. A ver, entonces, qu\u00e9 podemos hacer para cambiar la escuela\u201d. Albert Einstein CAMPO OCUPACIONAL El t\u00edtulo de Profesor de Educaci\u00f3n Especial habilita para: Ejercer la docencia en todos los niveles (Educaci\u00f3n Inicia, Secundaria, Superior y sus modalidades) Planificar procesos educativos y procesos de &#8230; <a title=\"Profesorado de Educaci\u00f3n Especial con orientaci\u00f3n en Discapacidad Intelectual\" class=\"read-more\" href=\"https:\/\/ifdmoreno-cba.infd.edu.ar\/sitio\/profesorado-de-educacion-especial\/\" aria-label=\"More on Profesorado de Educaci\u00f3n Especial con orientaci\u00f3n en Discapacidad Intelectual\">[+]<\/a><\/p>\n","protected":false},"author":572,"featured_media":0,"parent":0,"menu_order":0,"comment_status":"closed","ping_status":"closed","template":"","meta":[],"acf":[],"_links":{"self":[{"href":"https:\/\/ifdmoreno-cba.infd.edu.ar\/sitio\/wp-json\/wp\/v2\/pages\/1185"}],"collection":[{"href":"https:\/\/ifdmoreno-cba.infd.edu.ar\/sitio\/wp-json\/wp\/v2\/pages"}],"about":[{"href":"https:\/\/ifdmoreno-cba.infd.edu.ar\/sitio\/wp-json\/wp\/v2\/types\/page"}],"author":[{"embeddable":true,"href":"https:\/\/ifdmoreno-cba.infd.edu.ar\/sitio\/wp-json\/wp\/v2\/users\/572"}],"replies":[{"embeddable":true,"href":"https:\/\/ifdmoreno-cba.infd.edu.ar\/sitio\/wp-json\/wp\/v2\/comments?post=1185"}],"version-history":[{"count":1,"href":"https:\/\/ifdmoreno-cba.infd.edu.ar\/sitio\/wp-json\/wp\/v2\/pages\/1185\/revisions"}],"predecessor-version":[{"id":1802,"href":"https:\/\/ifdmoreno-cba.infd.edu.ar\/sitio\/wp-json\/wp\/v2\/pages\/1185\/revisions\/1802"}],"wp:attachment":[{"href":"https:\/\/ifdmoreno-cba.infd.edu.ar\/sitio\/wp-json\/wp\/v2\/media?parent=1185"}],"curies":[{"name":"wp","href":"https:\/\/api.w.org\/{rel}","templated":true}]}}