{"id":1201,"date":"2018-08-30T12:10:37","date_gmt":"2018-08-30T15:10:37","guid":{"rendered":"https:\/\/ifdmoreno-cba.infd.edu.ar\/sitio\/biblioteca\/"},"modified":"2022-09-27T12:45:08","modified_gmt":"2022-09-27T15:45:08","slug":"biblioteca","status":"publish","type":"page","link":"https:\/\/ifdmoreno-cba.infd.edu.ar\/sitio\/biblioteca\/","title":{"rendered":"&#x1f4d2;Biblioteca \u00abEduardo Requena\u00bb"},"content":{"rendered":"\n<div class=\"wp-block-image\"><figure class=\"aligncenter size-large is-resized\"><img decoding=\"async\" loading=\"lazy\" src=\"https:\/\/ifdmoreno-cba.infd.edu.ar\/sitio\/wp-content\/uploads\/2022\/09\/240585620_104157198662696_7963522431288809661_n.jpg\" alt=\"\" class=\"wp-image-1936\" width=\"704\" height=\"396\" srcset=\"https:\/\/ifdmoreno-cba.infd.edu.ar\/sitio\/wp-content\/uploads\/2022\/09\/240585620_104157198662696_7963522431288809661_n.jpg 945w, https:\/\/ifdmoreno-cba.infd.edu.ar\/sitio\/wp-content\/uploads\/2022\/09\/240585620_104157198662696_7963522431288809661_n-768x432.jpg 768w\" sizes=\"(max-width: 704px) 100vw, 704px\" \/><\/figure><\/div>\n\n\n<p>\u00a0 \u00a0 \u00a0 \u00a0 \u00a0 \u00a0 \u00a0 \u00a0 \u00a0 \u00a0 \u00a0 \u00a0\u00a0 \u00a0 \u00a0 \u00a0<\/p>\n<blockquote>\n<h6 style=\"text-align: right; padding-left: 90px;\"><span style=\"font-family: arial, helvetica, sans-serif;\"><em><strong><span style=\"font-size: 12pt;\">\u00abOrdenar bibliotecas es ejercer de un modo silencioso el arte de la cr\u00edtica\u00bb<\/span><\/strong><\/em><\/span><\/h6>\n<h6 style=\"text-align: right;\">Jorge Luis Borges<\/h6>\n<\/blockquote>\n<p><span style=\"font-size: 10pt; font-family: arial, helvetica, sans-serif;\">\u00a0<\/span><\/p>\n<p><strong style=\"font-size: inherit;\">Horarios de atenci\u00f3n:<\/strong><span style=\"font-size: inherit;\"> Lunes a viernes de 18.20 a 23:00 h.<\/span><\/p>\n<div>\u00a0<\/div>\n<div><strong>Bibliotecaria:<\/strong> Prof. Stela Maris Barboni<\/div>\n<div><strong>Ayudante:<\/strong> Prof. Ana Mar\u00eda Visca<\/div>\n<div><strong>Pasante:<\/strong> Prof. Manuela Aquiles<\/div>\n<div>\u00a0<\/div>\n<div class=\"intertitulo\">\n<div class=\"intertitulo\"><strong><span style=\"font-family: arial, helvetica, sans-serif;\">Objetivos:<\/span><\/strong><\/div>\n<ul>\n<li>\n<p><span style=\"font-family: arial, helvetica, sans-serif;\">Promover y facilitar el acceso a la informaci\u00f3n para el enriquecimiento y perfeccionamiento personal y profesional de los estudiantes y docentes del ISFD \u00abMariano Moreno\u00bb<\/span><\/p>\n<\/li>\n<li><span style=\"font-family: arial, helvetica, sans-serif;\">Alentar y acompa\u00f1ar las actividades de investigaci\u00f3n, docencia y extensi\u00f3n.<\/span><\/li>\n<\/ul>\n<\/div>\n<div class=\"intertitulo\"><span style=\"font-family: arial, helvetica, sans-serif;\"><strong>Usuarios:<\/strong><\/span><\/div>\n<ul>\n<li>\n<div><span style=\"font-family: arial, helvetica, sans-serif;\">Tienen derecho a pr\u00e9stamo, tanto en sala como a domicilio, estudiantes, docentes y personal del Instituto.<\/span><\/div>\n<\/li>\n<li>\n<div><span style=\"font-family: arial, helvetica, sans-serif;\">La asociaci\u00f3n a la Biblioteca del Instituto es gratuita.<\/span><\/div>\n<\/li>\n<\/ul>\n<div class=\"intertitulo\"><span style=\"font-family: arial, helvetica, sans-serif;\"><strong>Servicios:<\/strong><\/span><\/div>\n<ul>\n<li>\n<div><span style=\"font-family: arial, helvetica, sans-serif;\">Los m\u00e1s de 3.000 vol\u00famenes de la Biblioteca \u00a0posibilitan m\u00faltiples y diversas formas de b\u00fasquedas agilizando y facilitando la investigaci\u00f3n de los usuarios.<br \/>Los prestatarios poseen a su disposici\u00f3n 1 computadora para realizar sus b\u00fasquedas.<\/span><\/div>\n<\/li>\n<\/ul>\n<ul>\n<li><span style=\"font-family: arial, helvetica, sans-serif;\">Hemeroteca<\/span><\/li>\n<li><span style=\"font-family: arial, helvetica, sans-serif;\">Videoteca:\u00a0La Biblioteca cuenta con 50 videos a disposici\u00f3n de los socios.<\/span><\/li>\n<\/ul>\n<p><span style=\"font-family: arial, helvetica, sans-serif;\">Los prestatarios pueden retirar videos para ser utilizados exclusivamente en las salas dispuestas en la sede Institucional.<\/span><\/p>\n<p><span style=\"font-size: 14pt;\">\u00a0 \u00a0 \u00a0 \u00a0 \u00a0 \u00a0 \u00a0 \u00a0 \u00a0 \u00a0 \u00a0 \u00a0 \u00a0 \u00a0 \u00a0 \u00a0 \u00a0 \u00a0<img decoding=\"async\" title=\"\" src=\"https:\/\/ifdmoreno-cba.infd.edu.ar\/sitio\/wp-content\/uploads\/2018\/08\/DSC01214-320x200.jpg\" alt=\"\" border=\"0\" \/>\u00a0 <\/span><\/p>\n<p><span style=\"font-size: 14pt;\">\u00a0 \u00a0 \u00a0 \u00a0 \u00a0 \u00a0 \u00a0 \u00a0 \u00a0 \u00a0 \u00a0 \u00a0 \u00a0 \u00a0 \u00a0 \u00a0 \u00a0 \u00a0 \u00a0 \u00a0 \u00a0 \u00a0 \u00a0 \u00a0 \u00a0 \u00a0 \u00a0 \u00a0 \u00a0 \u00a0 \u00a0 \u00a0 \u00a0 \u00a0 \u00a0 \u00a0 \u00a0 \u00a0 \u00a0 \u00a0 \u00a0\u00a0<img decoding=\"async\" title=\"\" src=\"https:\/\/ifdmoreno-cba.infd.edu.ar\/sitio\/wp-content\/uploads\/2018\/08\/DSC01213-320x200.jpg\" alt=\"\" border=\"0\" \/><\/span><\/p>\n<p>\u00a0<\/p>\n\n\n<ul class=\"wp-block-social-links is-style-default is-layout-flex\"><li class=\"wp-social-link wp-social-link-facebook wp-block-social-link\"><a href=\"https:\/\/www.facebook.com\/profile.php?id=100072052482875\" class=\"wp-block-social-link-anchor\"><svg width=\"24\" height=\"24\" viewBox=\"0 0 24 24\" version=\"1.1\" xmlns=\"http:\/\/www.w3.org\/2000\/svg\" aria-hidden=\"true\" focusable=\"false\"><path d=\"M12 2C6.5 2 2 6.5 2 12c0 5 3.7 9.1 8.4 9.9v-7H7.9V12h2.5V9.8c0-2.5 1.5-3.9 3.8-3.9 1.1 0 2.2.2 2.2.2v2.5h-1.3c-1.2 0-1.6.8-1.6 1.6V12h2.8l-.4 2.9h-2.3v7C18.3 21.1 22 17 22 12c0-5.5-4.5-10-10-10z\"><\/path><\/svg><span class=\"wp-block-social-link-label screen-reader-text\">Facebook<\/span><\/a><\/li><\/ul>\n\n\n\n<p><\/p>\n","protected":false},"excerpt":{"rendered":"<p>\u00a0 \u00a0 \u00a0 \u00a0 \u00a0 \u00a0 \u00a0 \u00a0 \u00a0 \u00a0 \u00a0 \u00a0\u00a0 \u00a0 \u00a0 \u00a0 \u00abOrdenar bibliotecas es ejercer de un modo silencioso el arte de la cr\u00edtica\u00bb Jorge Luis Borges \u00a0 Horarios de atenci\u00f3n: Lunes a viernes de 18.20 a 23:00 h. \u00a0 Bibliotecaria: Prof. Stela Maris Barboni Ayudante: Prof. Ana Mar\u00eda Visca Pasante: &#8230; <a title=\"&#x1f4d2;Biblioteca \u00abEduardo Requena\u00bb\" class=\"read-more\" href=\"https:\/\/ifdmoreno-cba.infd.edu.ar\/sitio\/biblioteca\/\" aria-label=\"More on &#x1f4d2;Biblioteca \u00abEduardo Requena\u00bb\">[+]<\/a><\/p>\n","protected":false},"author":572,"featured_media":0,"parent":0,"menu_order":0,"comment_status":"closed","ping_status":"closed","template":"","meta":[],"acf":[],"_links":{"self":[{"href":"https:\/\/ifdmoreno-cba.infd.edu.ar\/sitio\/wp-json\/wp\/v2\/pages\/1201"}],"collection":[{"href":"https:\/\/ifdmoreno-cba.infd.edu.ar\/sitio\/wp-json\/wp\/v2\/pages"}],"about":[{"href":"https:\/\/ifdmoreno-cba.infd.edu.ar\/sitio\/wp-json\/wp\/v2\/types\/page"}],"author":[{"embeddable":true,"href":"https:\/\/ifdmoreno-cba.infd.edu.ar\/sitio\/wp-json\/wp\/v2\/users\/572"}],"replies":[{"embeddable":true,"href":"https:\/\/ifdmoreno-cba.infd.edu.ar\/sitio\/wp-json\/wp\/v2\/comments?post=1201"}],"version-history":[{"count":3,"href":"https:\/\/ifdmoreno-cba.infd.edu.ar\/sitio\/wp-json\/wp\/v2\/pages\/1201\/revisions"}],"predecessor-version":[{"id":2182,"href":"https:\/\/ifdmoreno-cba.infd.edu.ar\/sitio\/wp-json\/wp\/v2\/pages\/1201\/revisions\/2182"}],"wp:attachment":[{"href":"https:\/\/ifdmoreno-cba.infd.edu.ar\/sitio\/wp-json\/wp\/v2\/media?parent=1201"}],"curies":[{"name":"wp","href":"https:\/\/api.w.org\/{rel}","templated":true}]}}