{"id":1216,"date":"2018-08-30T12:10:43","date_gmt":"2018-08-30T15:10:43","guid":{"rendered":"https:\/\/ifdmoreno-cba.infd.edu.ar\/sitio\/plan-de-estudios-2\/"},"modified":"2020-12-10T21:24:15","modified_gmt":"2020-12-11T00:24:15","slug":"plan-de-estudios-2","status":"publish","type":"page","link":"https:\/\/ifdmoreno-cba.infd.edu.ar\/sitio\/plan-de-estudios-2\/","title":{"rendered":"Plan de estudios"},"content":{"rendered":"<p><span style=\"font-family: helvetica, arial, sans-serif; font-size: 10pt;\"><strong>PROFESORADO DE EDUCACI\u00d3N SECUNDARIA EN\u00a0QU\u00cdMICA<\/strong><\/span><\/p>\n<p><span style=\"font-family: helvetica, arial, sans-serif; font-size: 10pt;\"><strong>T\u00edtulo:<\/strong>\u00a0Profesor\/a de Educaci\u00f3n Secundaria\u00a0en Qu\u00edmica<\/span><\/p>\n<p><span style=\"font-family: helvetica, arial, sans-serif; font-size: 10pt;\"><strong>Duraci\u00f3n:<\/strong>\u00a04 a\u00f1os<\/span><\/p>\n<p><span style=\"font-family: helvetica, arial, sans-serif; font-size: 10pt;\"><strong>Jefe de secci\u00f3n:<\/strong>\u00a0Viviana Fern\u00e1ndez <\/span><\/p>\n<p><span style=\"font-family: helvetica, arial, sans-serif; font-size: 10pt;\">Correo de contacto: viviana.fernandez50@gmail.com<\/span><\/p>\n<p><span style=\"font-family: helvetica, arial, sans-serif; font-size: 10pt;\">\u00a0<\/span><\/p>\n<p><span style=\"font-family: helvetica, arial, sans-serif; font-size: 10pt;\"><strong>ESTRUCTURA CURRICULAR<\/strong><\/span><\/p>\n<p class=\"MsoNormal\" style=\"line-height: 150%; margin: 0cm 0cm 0pt; text-align: left;\"><span style=\"background-color: #ffcc99;\"><strong><span style=\"font-size: 12pt;\">\u00a0<\/span><\/strong><\/span><\/p>\n<table style=\"width: 100%; margin-left: auto; margin-right: auto;\" border=\"1\" cellspacing=\"0\" cellpadding=\"0\">\n<tbody>\n<tr>\n<td valign=\"top\" width=\"321\">\n<p style=\"text-align: center;\"><strong>Espacios Curriculares<\/strong><\/p>\n<\/td>\n<td valign=\"top\" width=\"198\">\n<p style=\"text-align: center;\">Formato<\/p>\n<\/td>\n<td valign=\"top\" width=\"65\">\n<p style=\"text-align: center;\">Hs.C\u00e1t<\/p>\n<\/td>\n<\/tr>\n<tr>\n<td colspan=\"3\" valign=\"top\" width=\"585\">\n<p style=\"text-align: center;\"><span style=\"background-color: #ffffff;\"><strong>PRIMER A\u00d1O<\/strong><\/span><\/p>\n<\/td>\n<\/tr>\n<tr>\n<td valign=\"top\" width=\"321\">\n<p style=\"text-align: center;\">Pedagog\u00eda<\/p>\n<\/td>\n<td valign=\"top\" width=\"198\">\n<p style=\"text-align: center;\">Asignatura<\/p>\n<\/td>\n<td valign=\"top\" width=\"65\">\n<p style=\"text-align: center;\">4<\/p>\n<\/td>\n<\/tr>\n<tr>\n<td valign=\"top\" width=\"321\">\n<p style=\"text-align: center;\">Problem\u00e1ticas Socioantropol\u00f3gicas en Educaci\u00f3n<\/p>\n<\/td>\n<td valign=\"top\" width=\"198\">\n<p style=\"text-align: center;\">Seminario<\/p>\n<\/td>\n<td valign=\"top\" width=\"65\">\n<p style=\"text-align: center;\">3<\/p>\n<\/td>\n<\/tr>\n<tr>\n<td valign=\"top\" width=\"321\">\n<p style=\"text-align: center;\">Lenguaje Digital y Audiovisual<\/p>\n<\/td>\n<td valign=\"top\" width=\"198\">\n<p style=\"text-align: center;\">Taller<\/p>\n<\/td>\n<td valign=\"top\" width=\"65\">\n<p style=\"text-align: center;\">2<\/p>\n<\/td>\n<\/tr>\n<tr>\n<td valign=\"top\" width=\"321\">\n<p style=\"text-align: center;\">Pr\u00e1ctica Docente I<\/p>\n<\/td>\n<td valign=\"top\" width=\"198\">\n<p style=\"text-align: center;\">Seminario-Taller Integrador<\/p>\n<\/td>\n<td valign=\"top\" width=\"65\">\n<p style=\"text-align: center;\">3<\/p>\n<\/td>\n<\/tr>\n<tr>\n<td valign=\"top\" width=\"321\">\n<p style=\"text-align: center;\">Introducci\u00f3n a la Qu\u00edmica<\/p>\n<\/td>\n<td valign=\"top\" width=\"198\">\n<p style=\"text-align: center;\">Asignatura<\/p>\n<\/td>\n<td valign=\"top\" width=\"65\">\n<p style=\"text-align: center;\">7<\/p>\n<\/td>\n<\/tr>\n<tr>\n<td valign=\"top\" width=\"321\">\n<p style=\"text-align: center;\">Producci\u00f3n cient\u00edfica y sociedad<\/p>\n<\/td>\n<td valign=\"top\" width=\"198\">\n<p style=\"text-align: center;\">Seminario<\/p>\n<\/td>\n<td valign=\"top\" width=\"65\">\n<p style=\"text-align: center;\">3<\/p>\n<\/td>\n<\/tr>\n<tr>\n<td valign=\"top\" width=\"321\">\n<p style=\"text-align: center;\">Modelos F\u00edsicos para las Ciencias Naturales<\/p>\n<\/td>\n<td valign=\"top\" width=\"198\">\n<p style=\"text-align: center;\">Taller<\/p>\n<\/td>\n<td valign=\"top\" width=\"65\">\n<p style=\"text-align: center;\">4<\/p>\n<\/td>\n<\/tr>\n<tr>\n<td valign=\"top\" width=\"321\">\n<p style=\"text-align: center;\">Modelos Matem\u00e1ticos para las Ciencias Naturales<\/p>\n<\/td>\n<td valign=\"top\" width=\"198\">\n<p style=\"text-align: center;\">Taller<\/p>\n<\/td>\n<td valign=\"top\" width=\"65\">\n<p style=\"text-align: center;\">4<\/p>\n<\/td>\n<\/tr>\n<\/tbody>\n<\/table>\n<div style=\"text-align: center;\">\n<table style=\"text-align: center; width: 100%;\" border=\"1\" cellspacing=\"0\" cellpadding=\"0\">\n<tbody>\n<tr>\n<td colspan=\"3\" valign=\"top\" width=\"586\"><span style=\"background-color: #ffffff;\"><strong>SEGUNDO A\u00d1O<\/strong><strong>\u00a0<\/strong><\/span><\/td>\n<\/tr>\n<tr>\n<td valign=\"top\" width=\"321\"><span style=\"background-color: #ffffff;\">Psicolog\u00eda y Educaci\u00f3n<\/span><\/td>\n<td valign=\"top\" width=\"198\"><span style=\"background-color: #ffffff;\">Asignatura<\/span><\/td>\n<td valign=\"top\" width=\"66\"><span style=\"background-color: #ffffff;\">4<\/span><\/td>\n<\/tr>\n<tr>\n<td valign=\"top\" width=\"321\">Did\u00e1ctica General<\/td>\n<td valign=\"top\" width=\"198\">Asignatura<\/td>\n<td valign=\"top\" width=\"66\">3<\/td>\n<\/tr>\n<tr>\n<td valign=\"top\" width=\"321\">Pr\u00e1ctica Docente II<\/td>\n<td valign=\"top\" width=\"198\">Seminario-Taller Integrador<\/td>\n<td valign=\"top\" width=\"66\">4<\/td>\n<\/tr>\n<tr>\n<td valign=\"top\" width=\"321\">Sujetos de la Educaci\u00f3n y E.S.I.<\/td>\n<td valign=\"top\" width=\"198\">Seminario<\/td>\n<td valign=\"top\" width=\"66\">4<\/td>\n<\/tr>\n<tr>\n<td valign=\"top\" width=\"321\">Did\u00e1ctica de las Ciencias Naturales I<\/td>\n<td valign=\"top\" width=\"198\">Asignatura<\/td>\n<td valign=\"top\" width=\"66\">3<\/td>\n<\/tr>\n<tr>\n<td valign=\"top\" width=\"321\">Qu\u00edmica de los Compuestos del Carbono<\/td>\n<td valign=\"top\" width=\"198\">Asignatura<\/td>\n<td valign=\"top\" width=\"66\">6<\/td>\n<\/tr>\n<tr>\n<td valign=\"top\" width=\"321\">Estructura de la Materia y sus Transformaciones I<\/td>\n<td valign=\"top\" width=\"198\">Asignatura<\/td>\n<td valign=\"top\" width=\"66\">6<\/td>\n<\/tr>\n<tr>\n<td valign=\"top\" width=\"321\">Ciencias de la Tierra<\/td>\n<td valign=\"top\" width=\"198\">Asignatura<\/td>\n<td valign=\"top\" width=\"66\">3<\/td>\n<\/tr>\n<\/tbody>\n<\/table>\n<\/div>\n<div style=\"text-align: center;\">\n<table style=\"text-align: center; width: 100%;\" border=\"1\" cellspacing=\"0\" cellpadding=\"0\">\n<tbody>\n<tr>\n<td colspan=\"3\" valign=\"top\" width=\"586\"><span style=\"background-color: #ffffff;\"><strong>TERCER A\u00d1O<\/strong><\/span><\/td>\n<\/tr>\n<tr>\n<td valign=\"top\" width=\"255\">Historia y Pol\u00edtica de la Educ.Argentina<\/td>\n<td valign=\"top\" width=\"265\">Asignatura<\/td>\n<td valign=\"top\" width=\"66\">3<\/td>\n<\/tr>\n<tr>\n<td valign=\"top\" width=\"255\">Pr\u00e1ctica Docente III<\/td>\n<td valign=\"top\" width=\"265\">Seminario y Tutor\u00edas-Taller Integrador<\/td>\n<td valign=\"top\" width=\"66\">5<\/td>\n<\/tr>\n<tr>\n<td valign=\"top\" width=\"255\">Filosof\u00eda de las Ciencias<\/td>\n<td valign=\"top\" width=\"265\">Asignatura<\/td>\n<td valign=\"top\" width=\"66\">3<\/td>\n<\/tr>\n<tr>\n<td valign=\"top\" width=\"255\">Did\u00e1ctica de las Ciencias Naturales II<\/td>\n<td valign=\"top\" width=\"265\">Asignatura<\/td>\n<td valign=\"top\" width=\"66\">4<\/td>\n<\/tr>\n<tr>\n<td valign=\"top\" width=\"255\">Estructura de la Materia y sus Transf. II<\/td>\n<td valign=\"top\" width=\"265\">Asignatura<\/td>\n<td valign=\"top\" width=\"66\">5<\/td>\n<\/tr>\n<tr>\n<td valign=\"top\" width=\"255\">Qu\u00edmica F\u00edsica<\/td>\n<td valign=\"top\" width=\"265\">Asignatura<\/td>\n<td valign=\"top\" width=\"66\">5<\/td>\n<\/tr>\n<tr>\n<td valign=\"top\" width=\"255\">Trabajo Experimental en Cs. Naturales<\/td>\n<td valign=\"top\" width=\"265\">Taller<\/td>\n<td valign=\"top\" width=\"66\">3<\/td>\n<\/tr>\n<tr>\n<td valign=\"top\" width=\"255\">Qu\u00edmica Celular<\/td>\n<td valign=\"top\" width=\"265\">Seminario<\/td>\n<td valign=\"top\" width=\"66\">4<\/td>\n<\/tr>\n<tr>\n<td valign=\"top\" width=\"255\">Qu\u00edmica de los Seres Vivos (U.D.I.)<\/td>\n<td valign=\"top\" width=\"265\">Asignatura<\/td>\n<td valign=\"top\" width=\"66\">3<\/td>\n<\/tr>\n<\/tbody>\n<\/table>\n<\/div>\n<div style=\"text-align: center;\">\n<table style=\"text-align: center; width: 100%;\" border=\"1\" cellspacing=\"0\" cellpadding=\"0\">\n<tbody>\n<tr>\n<td colspan=\"3\" valign=\"top\" width=\"586\"><span style=\"background-color: #ffffff;\"><strong>CUARTO A\u00d1O<\/strong><\/span><\/td>\n<\/tr>\n<tr>\n<td valign=\"top\" width=\"255\">\u00c9tica y Construcci\u00f3n de Ciudadan\u00eda<\/td>\n<td valign=\"top\" width=\"265\">Seminario<\/td>\n<td valign=\"top\" width=\"66\">3<\/td>\n<\/tr>\n<tr>\n<td valign=\"top\" width=\"255\">Pr\u00e1ctica Docente IV y Residencia<\/td>\n<td valign=\"top\" width=\"265\">Seminario y Tutor\u00edas-Taller Integrador<\/td>\n<td valign=\"top\" width=\"66\">8<\/td>\n<\/tr>\n<tr>\n<td valign=\"top\" width=\"255\">Did\u00e1ctica de las Ciencias Naturales III<\/td>\n<td valign=\"top\" width=\"265\">Asignatura<\/td>\n<td valign=\"top\" width=\"66\">3<\/td>\n<\/tr>\n<tr>\n<td valign=\"top\" width=\"255\">Historia y Epistemolog\u00eda de la Qu\u00edmica<\/td>\n<td valign=\"top\" width=\"265\">Seminario<\/td>\n<td valign=\"top\" width=\"66\">3<\/td>\n<\/tr>\n<tr>\n<td valign=\"top\" width=\"255\">Qu\u00edmica de los Procesos Industriales<\/td>\n<td valign=\"top\" width=\"265\">Asignatura<\/td>\n<td valign=\"top\" width=\"66\">5<\/td>\n<\/tr>\n<tr>\n<td valign=\"top\" width=\"255\">Desarrollo Humano, Ambiente y Salud<\/td>\n<td valign=\"top\" width=\"265\">Seminario<\/td>\n<td valign=\"top\" width=\"66\">3<\/td>\n<\/tr>\n<tr>\n<td valign=\"top\" width=\"255\">La Qu\u00edmica en el Mundo Actual<\/td>\n<td valign=\"top\" width=\"265\">Seminario<\/td>\n<td valign=\"top\" width=\"66\">5<\/td>\n<\/tr>\n<tr>\n<td valign=\"top\" width=\"255\">Problem\u00e1ticas y Desaf\u00edos de la Educaci\u00f3n<\/td>\n<td valign=\"top\" width=\"265\">Seminario<\/td>\n<td valign=\"top\" width=\"66\">3<\/td>\n<\/tr>\n<\/tbody>\n<\/table>\n<\/div>\n<p><span style=\"color: #993366;\"><span style=\"color: #000000;\"><strong>\u00a0<\/strong><\/span><\/span><\/p>\n<p class=\"MsoNormal\" style=\"text-align: center; margin: 0cm 0cm 0pt;\"><span lang=\"ES\"><span style=\"font-family: verdana,geneva;\"><span style=\"font-size: 8pt;\">\u00a0<\/span><\/span><\/span><\/p>\n<p class=\"MsoNormal\" style=\"margin: 0cm 0cm 0pt;\"><span lang=\"ES\"><span style=\"font-family: verdana,geneva;\"><span style=\"font-size: 8pt;\">\u00a0<\/span><\/span><\/span><\/p>\n<p class=\"MsoNormal\" style=\"margin: 0cm 0cm 0pt;\"><span lang=\"ES\"><span style=\"font-family: verdana,geneva;\"><span style=\"font-size: 8pt;\">\u00a0<\/span><\/span><\/span><\/p>\n<p class=\"MsoNormal\" style=\"margin: 0cm 0cm 0pt; line-height: 150%; text-align: justify; tab-stops: 148.5pt;\">\n","protected":false},"excerpt":{"rendered":"<p>PROFESORADO DE EDUCACI\u00d3N SECUNDARIA EN\u00a0QU\u00cdMICA T\u00edtulo:\u00a0Profesor\/a de Educaci\u00f3n Secundaria\u00a0en Qu\u00edmica Duraci\u00f3n:\u00a04 a\u00f1os Jefe de secci\u00f3n:\u00a0Viviana Fern\u00e1ndez Correo de contacto: viviana.fernandez50@gmail.com \u00a0 ESTRUCTURA CURRICULAR \u00a0 Espacios Curriculares Formato Hs.C\u00e1t PRIMER A\u00d1O Pedagog\u00eda Asignatura 4 Problem\u00e1ticas Socioantropol\u00f3gicas en Educaci\u00f3n Seminario 3 Lenguaje Digital y Audiovisual Taller 2 Pr\u00e1ctica Docente I Seminario-Taller Integrador 3 Introducci\u00f3n a la Qu\u00edmica &#8230; <a title=\"Plan de estudios\" class=\"read-more\" href=\"https:\/\/ifdmoreno-cba.infd.edu.ar\/sitio\/plan-de-estudios-2\/\" aria-label=\"More on Plan de estudios\">[+]<\/a><\/p>\n","protected":false},"author":572,"featured_media":0,"parent":0,"menu_order":0,"comment_status":"closed","ping_status":"closed","template":"","meta":[],"acf":[],"_links":{"self":[{"href":"https:\/\/ifdmoreno-cba.infd.edu.ar\/sitio\/wp-json\/wp\/v2\/pages\/1216"}],"collection":[{"href":"https:\/\/ifdmoreno-cba.infd.edu.ar\/sitio\/wp-json\/wp\/v2\/pages"}],"about":[{"href":"https:\/\/ifdmoreno-cba.infd.edu.ar\/sitio\/wp-json\/wp\/v2\/types\/page"}],"author":[{"embeddable":true,"href":"https:\/\/ifdmoreno-cba.infd.edu.ar\/sitio\/wp-json\/wp\/v2\/users\/572"}],"replies":[{"embeddable":true,"href":"https:\/\/ifdmoreno-cba.infd.edu.ar\/sitio\/wp-json\/wp\/v2\/comments?post=1216"}],"version-history":[{"count":4,"href":"https:\/\/ifdmoreno-cba.infd.edu.ar\/sitio\/wp-json\/wp\/v2\/pages\/1216\/revisions"}],"predecessor-version":[{"id":1725,"href":"https:\/\/ifdmoreno-cba.infd.edu.ar\/sitio\/wp-json\/wp\/v2\/pages\/1216\/revisions\/1725"}],"wp:attachment":[{"href":"https:\/\/ifdmoreno-cba.infd.edu.ar\/sitio\/wp-json\/wp\/v2\/media?parent=1216"}],"curies":[{"name":"wp","href":"https:\/\/api.w.org\/{rel}","templated":true}]}}