{"id":1243,"date":"2018-08-30T12:10:54","date_gmt":"2018-08-30T15:10:54","guid":{"rendered":"https:\/\/ifdmoreno-cba.infd.edu.ar\/sitio\/plan-de-estudios-8\/"},"modified":"2021-12-30T18:17:42","modified_gmt":"2021-12-30T21:17:42","slug":"plan-de-estudios-8","status":"publish","type":"page","link":"https:\/\/ifdmoreno-cba.infd.edu.ar\/sitio\/plan-de-estudios-8\/","title":{"rendered":"Plan de Estudios"},"content":{"rendered":"<p><\/p>\n<h6>PROFESORADO DE EDUCACI\u00d3N SECUNDARIA EN LENGUA Y LITERATURA &nbsp;(274\/19)<\/h6>\n<h6>T\u00edtulo: Profesor\/a de Educaci\u00f3n Secundaria en Lengua y Literatura&nbsp;<\/h6>\n<h6>Duraci\u00f3n: 4 a\u00f1os&nbsp;<\/h6>\n<h6>Jefe de secci\u00f3n: Prof. Mar\u00eda Florencia Rama<\/h6>\n<h6><a href=\"mailto:mariaflorenciarama@isfdmmoreno.edu.ar\">mariaflorenciarama@isfdmmoreno.edu.ar<\/a><\/h6>\n<p><\/p>\n<h6 style=\"text-align: center;\">ESTRUCTURA CURRICULAR<\/h6>\n<p><strong>PRIMER A\u00d1O<\/strong><\/p>\n<p><img decoding=\"async\" loading=\"lazy\" class=\"wp-image-1810 aligncenter\" src=\"https:\/\/ifdmoreno-cba.infd.edu.ar\/sitio\/wp-content\/uploads\/2021\/12\/L1.jpg\" alt=\"\" width=\"840\" height=\"885\" srcset=\"https:\/\/ifdmoreno-cba.infd.edu.ar\/sitio\/wp-content\/uploads\/2021\/12\/L1.jpg 944w, https:\/\/ifdmoreno-cba.infd.edu.ar\/sitio\/wp-content\/uploads\/2021\/12\/L1-768x809.jpg 768w\" sizes=\"(max-width: 840px) 100vw, 840px\" \/><\/p>\n<p><strong>SEGUNDO A\u00d1O<\/strong><\/p>\n<p><img decoding=\"async\" loading=\"lazy\" class=\"wp-image-1811 aligncenter\" src=\"https:\/\/ifdmoreno-cba.infd.edu.ar\/sitio\/wp-content\/uploads\/2021\/12\/L2-902x1000.jpg\" alt=\"\" width=\"840\" height=\"931\" srcset=\"https:\/\/ifdmoreno-cba.infd.edu.ar\/sitio\/wp-content\/uploads\/2021\/12\/L2-902x1000.jpg 902w, https:\/\/ifdmoreno-cba.infd.edu.ar\/sitio\/wp-content\/uploads\/2021\/12\/L2-768x851.jpg 768w, https:\/\/ifdmoreno-cba.infd.edu.ar\/sitio\/wp-content\/uploads\/2021\/12\/L2.jpg 943w\" sizes=\"(max-width: 840px) 100vw, 840px\" \/><\/p>\n<p><strong>TERCER A\u00d1O<\/strong><\/p>\n<p><img decoding=\"async\" loading=\"lazy\" class=\" wp-image-1812 aligncenter\" src=\"https:\/\/ifdmoreno-cba.infd.edu.ar\/sitio\/wp-content\/uploads\/2021\/12\/L3-916x1000.jpg\" alt=\"\" width=\"840\" height=\"916\" srcset=\"https:\/\/ifdmoreno-cba.infd.edu.ar\/sitio\/wp-content\/uploads\/2021\/12\/L3-916x1000.jpg 916w, https:\/\/ifdmoreno-cba.infd.edu.ar\/sitio\/wp-content\/uploads\/2021\/12\/L3.jpg 956w\" sizes=\"(max-width: 840px) 100vw, 840px\" \/><\/p>\n<p><strong>CUARTO A\u00d1O<\/strong><\/p>\n<p><img decoding=\"async\" loading=\"lazy\" class=\" wp-image-1813 aligncenter\" src=\"https:\/\/ifdmoreno-cba.infd.edu.ar\/sitio\/wp-content\/uploads\/2021\/12\/L4.jpg\" alt=\"\" width=\"840\" height=\"828\" srcset=\"https:\/\/ifdmoreno-cba.infd.edu.ar\/sitio\/wp-content\/uploads\/2021\/12\/L4.jpg 950w, https:\/\/ifdmoreno-cba.infd.edu.ar\/sitio\/wp-content\/uploads\/2021\/12\/L4-768x757.jpg 768w\" sizes=\"(max-width: 840px) 100vw, 840px\" \/><\/p>\n\n\n<p><\/p>\n\n\n\n<p><strong>DISE\u00d1O CURRICULAR<\/strong><\/p>\n\n\n\n<figure class=\"wp-block-table\"><table><tbody><tr><td><strong><a href=\"https:\/\/dges-cba.infd.edu.ar\/sitio\/wp-content\/uploads\/2019\/05\/24_de_Abril_2019_LENGUA_Y_LITERATURA.pdf\" target=\"_blank\" rel=\"noreferrer noopener\">Actualizaci\u00f3n Dise\u00f1o Curricular para el Profesorado de Educaci\u00f3n Secundaria en Lengua y Literatura (A partir de la Cohorte 2019)<\/a><\/strong><\/td><\/tr><tr><\/tr><\/tbody><\/table><\/figure>\n","protected":false},"excerpt":{"rendered":"<p>PROFESORADO DE EDUCACI\u00d3N SECUNDARIA EN LENGUA Y LITERATURA &nbsp;(274\/19) T\u00edtulo: Profesor\/a de Educaci\u00f3n Secundaria en Lengua y Literatura&nbsp; Duraci\u00f3n: 4 a\u00f1os&nbsp; Jefe de secci\u00f3n: Prof. Mar\u00eda Florencia Rama mariaflorenciarama@isfdmmoreno.edu.ar ESTRUCTURA CURRICULAR PRIMER A\u00d1O SEGUNDO A\u00d1O TERCER A\u00d1O CUARTO A\u00d1O DISE\u00d1O CURRICULAR Actualizaci\u00f3n Dise\u00f1o Curricular para el Profesorado de Educaci\u00f3n Secundaria en Lengua y Literatura (A &#8230; <a title=\"Plan de Estudios\" class=\"read-more\" href=\"https:\/\/ifdmoreno-cba.infd.edu.ar\/sitio\/plan-de-estudios-8\/\" aria-label=\"More on Plan de Estudios\">[+]<\/a><\/p>\n","protected":false},"author":572,"featured_media":0,"parent":0,"menu_order":0,"comment_status":"closed","ping_status":"closed","template":"","meta":[],"acf":[],"_links":{"self":[{"href":"https:\/\/ifdmoreno-cba.infd.edu.ar\/sitio\/wp-json\/wp\/v2\/pages\/1243"}],"collection":[{"href":"https:\/\/ifdmoreno-cba.infd.edu.ar\/sitio\/wp-json\/wp\/v2\/pages"}],"about":[{"href":"https:\/\/ifdmoreno-cba.infd.edu.ar\/sitio\/wp-json\/wp\/v2\/types\/page"}],"author":[{"embeddable":true,"href":"https:\/\/ifdmoreno-cba.infd.edu.ar\/sitio\/wp-json\/wp\/v2\/users\/572"}],"replies":[{"embeddable":true,"href":"https:\/\/ifdmoreno-cba.infd.edu.ar\/sitio\/wp-json\/wp\/v2\/comments?post=1243"}],"version-history":[{"count":3,"href":"https:\/\/ifdmoreno-cba.infd.edu.ar\/sitio\/wp-json\/wp\/v2\/pages\/1243\/revisions"}],"predecessor-version":[{"id":1818,"href":"https:\/\/ifdmoreno-cba.infd.edu.ar\/sitio\/wp-json\/wp\/v2\/pages\/1243\/revisions\/1818"}],"wp:attachment":[{"href":"https:\/\/ifdmoreno-cba.infd.edu.ar\/sitio\/wp-json\/wp\/v2\/media?parent=1243"}],"curies":[{"name":"wp","href":"https:\/\/api.w.org\/{rel}","templated":true}]}}