{"id":1246,"date":"2018-08-30T12:10:55","date_gmt":"2018-08-30T15:10:55","guid":{"rendered":"https:\/\/ifdmoreno-cba.infd.edu.ar\/sitio\/plan-de-estudios-9\/"},"modified":"2024-04-19T21:04:44","modified_gmt":"2024-04-20T00:04:44","slug":"plan-de-estudios-9","status":"publish","type":"page","link":"https:\/\/ifdmoreno-cba.infd.edu.ar\/sitio\/plan-de-estudios-9\/","title":{"rendered":"Plan de Estudios"},"content":{"rendered":"<p><span style=\"font-family: helvetica, arial, sans-serif; font-size: 10pt;\"><strong>PROFESORADO DE EDUCACI\u00d3N SECUNDARIA EN\u00a0F\u00cdSICA<\/strong><\/span><\/p>\n<p><span style=\"font-family: helvetica, arial, sans-serif; font-size: 10pt;\"><strong>T\u00edtulo:<\/strong>\u00a0Profesor de Educaci\u00f3n Secundaria en\u00a0F\u00edsica<\/span><\/p>\n<p><span style=\"font-family: helvetica, arial, sans-serif; font-size: 10pt;\"><strong>Duraci\u00f3n:<\/strong>\u00a04 a\u00f1os<\/span><\/p>\n<p><span style=\"font-family: helvetica, arial, sans-serif; font-size: 10pt;\"><strong>Jefe de secci\u00f3n:<\/strong>\u00a0Prof.\u00a0Mar\u00eda Celia Benaya<\/span><\/p>\n<p><span style=\"font-family: helvetica, arial, sans-serif; font-size: 10pt; color: #0000ff;\">mcbenaya@hotmail.com<\/span><\/p>\n<p><span style=\"font-family: helvetica, arial, sans-serif; font-size: 10pt;\"><strong>ESTRUCTURA CURRICULAR<\/strong><\/span><\/p>\n<table style=\"font-weight: 400; border-color: #050505; background-color: #faf7f7;\" border=\"1\">\n<tbody>\n<tr style=\"height: 48px;\">\n<td style=\"height: 48px; width: 229px;\"><strong>DENOMINACI\u00d3N<\/strong><\/td>\n<td style=\"height: 48px; width: 58px;\"><strong>HS RELOJ\u00a0\u00a0\u00a0\u00a0\u00a0<\/strong><\/td>\n<td style=\"height: 48px; width: 81px;\"><strong>HS C\u00c1TEDRA\u00a0\u00a0\u00a0\u00a0\u00a0\u00a0<\/strong><\/td>\n<td style=\"height: 48px; width: 117px;\"><strong>Formato Curricular<\/strong><\/td>\n<\/tr>\n<tr style=\"height: 59px;\">\n<td style=\"height: 59px; width: 229px;\">\n<p><strong>PRIMER A\u00d1O<\/strong><\/td>\n<td style=\"height: 59px; width: 58px;\"><strong>\u00a0<\/strong><\/td>\n<td style=\"height: 59px; width: 81px;\"><strong>\u00a0<\/strong><\/td>\n<td style=\"height: 59px; width: 117px;\"><strong>\u00a0<\/strong><\/td>\n<\/tr>\n<tr style=\"height: 35px;\">\n<td style=\"height: 35px; width: 229px;\"><strong>Pedagog\u00eda<\/strong><\/td>\n<td style=\"height: 35px; width: 58px;\"><strong>4<\/strong><\/td>\n<td style=\"height: 35px; width: 81px;\"><strong>128<\/strong><\/td>\n<td style=\"height: 35px; width: 117px;\"><strong>Asignatura<\/strong><\/td>\n<\/tr>\n<tr style=\"height: 35px;\">\n<td style=\"height: 35px; width: 229px;\"><strong>Problem\u00e1ticas Socioantropol\u00f3gicas en Educaci\u00f3n<\/strong><\/td>\n<td style=\"height: 35px; width: 58px;\"><strong>3<\/strong><\/td>\n<td style=\"height: 35px; width: 81px;\"><strong>96<\/strong><\/td>\n<td style=\"height: 35px; width: 117px;\"><strong>Seminario<\/strong><\/td>\n<\/tr>\n<tr style=\"height: 48px;\">\n<td style=\"height: 48px; width: 229px;\"><strong>Pr\u00e1ctica Docente I<\/strong><\/td>\n<td style=\"height: 48px; width: 58px;\"><strong>3<\/strong><\/td>\n<td style=\"height: 48px; width: 81px;\"><strong>96<\/strong><\/td>\n<td style=\"height: 48px; width: 117px;\"><strong>Seminario\/ Taller integrador<\/strong><\/td>\n<\/tr>\n<tr style=\"height: 35px;\">\n<td style=\"height: 35px; width: 229px;\"><strong>Producci\u00f3n Cient\u00edfica y Sociedad<\/strong><\/td>\n<td style=\"height: 35px; width: 58px;\"><strong>3<\/strong><\/td>\n<td style=\"height: 35px; width: 81px;\"><strong>96<\/strong><\/td>\n<td style=\"height: 35px; width: 117px;\"><strong>Seminario<\/strong><\/td>\n<\/tr>\n<tr style=\"height: 35px;\">\n<td style=\"height: 35px; width: 229px;\"><strong>Lenguaje Digital y Audiovisual<\/strong><\/td>\n<td style=\"height: 35px; width: 58px;\"><strong>2<\/strong><\/td>\n<td style=\"height: 35px; width: 81px;\"><strong>64<\/strong><\/td>\n<td style=\"height: 35px; width: 117px;\"><strong>Taller<\/strong><\/td>\n<\/tr>\n<tr style=\"height: 35px;\">\n<td style=\"height: 35px; width: 229px;\"><strong>Modelos Matem\u00e1ticos para las Ciencias Naturales<\/strong><\/td>\n<td style=\"height: 35px; width: 58px;\"><strong>4<\/strong><\/td>\n<td style=\"height: 35px; width: 81px;\"><strong>128<\/strong><\/td>\n<td style=\"height: 35px; width: 117px;\"><strong>Taller<\/strong><\/td>\n<\/tr>\n<tr style=\"height: 35px;\">\n<td style=\"height: 35px; width: 229px;\"><strong>Qu\u00edmica<\/strong><\/td>\n<td style=\"height: 35px; width: 58px;\"><strong>4<\/strong><\/td>\n<td style=\"height: 35px; width: 81px;\"><strong>128<\/strong><\/td>\n<td style=\"height: 35px; width: 117px;\"><strong>Asignatura<\/strong><\/td>\n<\/tr>\n<tr style=\"height: 35px;\">\n<td style=\"height: 35px; width: 229px;\"><strong>Fen\u00f3menos Mec\u00e1nicos I<\/strong><\/td>\n<td style=\"height: 35px; width: 58px;\"><strong>7<\/strong><\/td>\n<td style=\"height: 35px; width: 81px;\"><strong>224<\/strong><\/td>\n<td style=\"height: 35px; width: 117px;\"><strong>Asignatura<\/strong><\/td>\n<\/tr>\n<tr style=\"height: 59px;\">\n<td style=\"height: 59px; width: 229px;\">\n<p><strong>SEGUNDO A\u00d1O<\/strong><\/td>\n<td style=\"height: 59px; width: 58px;\"><\/td>\n<td style=\"height: 59px; width: 81px;\"><\/td>\n<td style=\"height: 59px; width: 117px;\"><\/td>\n<\/tr>\n<tr style=\"height: 35px;\">\n<td style=\"height: 35px; width: 229px;\"><strong>Psicolog\u00eda y Educaci\u00f3n<\/strong><\/td>\n<td style=\"height: 35px; width: 58px;\"><strong>4<\/strong><\/td>\n<td style=\"height: 35px; width: 81px;\"><strong>128<\/strong><\/td>\n<td style=\"height: 35px; width: 117px;\"><strong>Asignatura<\/strong><\/td>\n<\/tr>\n<tr style=\"height: 35px;\">\n<td style=\"height: 35px; width: 229px;\"><strong>Did\u00e1ctica General<\/strong><\/td>\n<td style=\"height: 35px; width: 58px;\"><strong>3<\/strong><\/td>\n<td style=\"height: 35px; width: 81px;\"><strong>96<\/strong><\/td>\n<td style=\"height: 35px; width: 117px;\"><strong>Asignatura<\/strong><\/td>\n<\/tr>\n<tr style=\"height: 48px;\">\n<td style=\"height: 48px; width: 229px;\"><strong>Pr\u00e1ctica Docente II<\/strong><\/td>\n<td style=\"height: 48px; width: 58px;\"><strong>4<\/strong><\/td>\n<td style=\"height: 48px; width: 81px;\"><strong>128<\/strong><\/td>\n<td style=\"height: 48px; width: 117px;\"><strong>Seminario\/ Taller integrador<\/strong><\/td>\n<\/tr>\n<tr style=\"height: 35px;\">\n<td style=\"height: 35px; width: 229px;\"><strong>Sujetos de la Educaci\u00f3n y E.S.I<\/strong><\/td>\n<td style=\"height: 35px; width: 58px;\"><strong>4<\/strong><\/td>\n<td style=\"height: 35px; width: 81px;\"><strong>128<\/strong><\/td>\n<td style=\"height: 35px; width: 117px;\"><strong>Seminario<\/strong><\/td>\n<\/tr>\n<tr style=\"height: 35px;\">\n<td style=\"height: 35px; width: 229px;\"><strong>Modelos Matem\u00e1ticos para las Ciencias Naturales II<\/strong><\/td>\n<td style=\"height: 35px; width: 58px;\"><strong>5<\/strong><\/td>\n<td style=\"height: 35px; width: 81px;\"><strong>160<\/strong><\/td>\n<td style=\"height: 35px; width: 117px;\"><strong>Taller<\/strong><\/td>\n<\/tr>\n<tr style=\"height: 35px;\">\n<td style=\"height: 35px; width: 229px;\"><strong>Did\u00e1ctica de las Ciencias Naturales<\/strong><\/td>\n<td style=\"height: 35px; width: 58px;\"><strong>3<\/strong><\/td>\n<td style=\"height: 35px; width: 81px;\"><strong>96<\/strong><\/td>\n<td style=\"height: 35px; width: 117px;\"><strong>Asignatura<\/strong><\/td>\n<\/tr>\n<tr style=\"height: 35px;\">\n<td style=\"height: 35px; width: 229px;\"><strong>Fen\u00f3menos Mec\u00e1nicos II<\/strong><\/td>\n<td style=\"height: 35px; width: 58px;\"><strong>5<\/strong><\/td>\n<td style=\"height: 35px; width: 81px;\"><strong>160<\/strong><\/td>\n<td style=\"height: 35px; width: 117px;\"><strong>Asignatura<\/strong><\/td>\n<\/tr>\n<tr style=\"height: 35px;\">\n<td style=\"height: 35px; width: 229px;\"><strong>Fen\u00f3menos Ondulatorios<\/strong><\/td>\n<td style=\"height: 35px; width: 58px;\"><strong>5<\/strong><\/td>\n<td style=\"height: 35px; width: 81px;\"><strong>160<\/strong><\/td>\n<td style=\"height: 35px; width: 117px;\"><strong>Asignatura<\/strong><\/td>\n<\/tr>\n<tr style=\"height: 59px;\">\n<td style=\"height: 59px; width: 229px;\">\n<p><strong>TERCER A\u00d1O<\/strong><\/td>\n<td style=\"height: 59px; width: 58px;\"><\/td>\n<td style=\"height: 59px; width: 81px;\"><\/td>\n<td style=\"height: 59px; width: 117px;\"><\/td>\n<\/tr>\n<tr style=\"height: 35px;\">\n<td style=\"height: 35px; width: 229px;\"><strong>Historia y Pol\u00edtica de la Educaci\u00f3n Argentina<\/strong><\/td>\n<td style=\"height: 35px; width: 58px;\"><strong>3<\/strong><\/td>\n<td style=\"height: 35px; width: 81px;\"><strong>96<\/strong><\/td>\n<td style=\"height: 35px; width: 117px;\"><strong>Asignatura<\/strong><\/td>\n<\/tr>\n<tr style=\"height: 35px;\">\n<td style=\"height: 35px; width: 229px;\"><strong>Filosof\u00eda de las Ciencias<\/strong><\/td>\n<td style=\"height: 35px; width: 58px;\"><strong>3<\/strong><\/td>\n<td style=\"height: 35px; width: 81px;\"><strong>96<\/strong><\/td>\n<td style=\"height: 35px; width: 117px;\"><strong>Asignatura<\/strong><\/td>\n<\/tr>\n<tr style=\"height: 48px;\">\n<td style=\"height: 48px; width: 229px;\"><strong>Pr\u00e1ctica Docente III<\/strong><\/td>\n<td style=\"height: 48px; width: 58px;\"><strong>5<\/strong><\/td>\n<td style=\"height: 48px; width: 81px;\"><strong>160<\/strong><\/td>\n<td style=\"height: 48px; width: 117px;\"><strong>Seminario\/ Taller integrador<\/strong><\/td>\n<\/tr>\n<tr style=\"height: 35px;\">\n<td style=\"height: 35px; width: 229px;\"><strong>Did\u00e1ctica de las Ciencias Naturales II<\/strong><\/td>\n<td style=\"height: 35px; width: 58px;\"><strong>4<\/strong><\/td>\n<td style=\"height: 35px; width: 81px;\"><strong>128<\/strong><\/td>\n<td style=\"height: 35px; width: 117px;\"><strong>Asignatura<\/strong><\/td>\n<\/tr>\n<tr style=\"height: 35px;\">\n<td style=\"height: 35px; width: 229px;\"><strong>Trabajo Experimental en Ciencias Naturales<\/strong><\/td>\n<td style=\"height: 35px; width: 58px;\"><strong>3<\/strong><\/td>\n<td style=\"height: 35px; width: 81px;\"><strong>96<\/strong><\/td>\n<td style=\"height: 35px; width: 117px;\"><strong>Taller<\/strong><\/td>\n<\/tr>\n<tr style=\"height: 35px;\">\n<td style=\"height: 35px; width: 229px;\"><strong>Ciencias de la Tierra<\/strong><\/td>\n<td style=\"height: 35px; width: 58px;\"><strong>3<\/strong><\/td>\n<td style=\"height: 35px; width: 81px;\"><strong>96<\/strong><\/td>\n<td style=\"height: 35px; width: 117px;\"><strong>Asignatura<\/strong><\/td>\n<\/tr>\n<tr style=\"height: 35px;\">\n<td style=\"height: 35px; width: 229px;\"><strong>Fen\u00f3menos Termodin\u00e1micos<\/strong><\/td>\n<td style=\"height: 35px; width: 58px;\"><strong>5<\/strong><\/td>\n<td style=\"height: 35px; width: 81px;\"><strong>160<\/strong><\/td>\n<td style=\"height: 35px; width: 117px;\"><strong>Asignatura<\/strong><\/td>\n<\/tr>\n<tr style=\"height: 35px;\">\n<td style=\"height: 35px; width: 229px;\"><strong>Fen\u00f3menos Electromagn\u00e9ticos<\/strong><\/p>\n<p><strong>UDI: Metodolog\u00edas de la Investigaci\u00f3n Cient\u00edfica: F\u00edsica<\/strong><\/td>\n<td style=\"height: 35px; width: 58px;\"><strong>5<\/strong><\/p>\n<p><strong>3<\/strong><\/td>\n<td style=\"height: 35px; width: 81px;\"><strong>160<\/strong><\/p>\n<p><strong>96<\/strong><\/td>\n<td style=\"height: 35px; width: 117px;\"><strong>Asignatura<\/strong><\/p>\n<p><strong>Seminario<\/strong><\/td>\n<\/tr>\n<tr style=\"height: 59px;\">\n<td style=\"height: 59px; width: 229px;\">\n<p><strong>CUARTO A\u00d1O<\/strong><\/td>\n<td style=\"height: 59px; width: 58px;\"><\/td>\n<td style=\"height: 59px; width: 81px;\"><\/td>\n<td style=\"height: 59px; width: 117px;\"><\/td>\n<\/tr>\n<tr style=\"height: 35px;\">\n<td style=\"height: 35px; width: 229px;\"><strong>\u00c9tica y Construcci\u00f3n de Ciudadan\u00eda<\/strong><\/td>\n<td style=\"height: 35px; width: 58px;\"><strong>3<\/strong><\/td>\n<td style=\"height: 35px; width: 81px;\"><strong>96<\/strong><\/td>\n<td style=\"height: 35px; width: 117px;\"><strong>Asignatura<\/strong><\/td>\n<\/tr>\n<tr style=\"height: 48px;\">\n<td style=\"height: 48px; width: 229px;\"><strong>Pr\u00e1ctica Docente IV y Residencia<\/strong><\/td>\n<td style=\"height: 48px; width: 58px;\"><strong>8<\/strong><\/td>\n<td style=\"height: 48px; width: 81px;\"><strong>256<\/strong><\/td>\n<td style=\"height: 48px; width: 117px;\"><strong>Seminario\/ Taller integrador<\/strong><\/td>\n<\/tr>\n<tr style=\"height: 35px;\">\n<td style=\"height: 35px; width: 229px;\"><strong>Historia y Epistemolog\u00eda de la F\u00edsica<\/strong><\/td>\n<td style=\"height: 35px; width: 58px;\"><strong>3<\/strong><\/td>\n<td style=\"height: 35px; width: 81px;\"><strong>96<\/strong><\/td>\n<td style=\"height: 35px; width: 117px;\"><strong>Seminario<\/strong><\/td>\n<\/tr>\n<tr style=\"height: 35px;\">\n<td style=\"height: 35px; width: 229px;\"><strong>Did\u00e1ctica de las Ciencias Naturales III<\/strong><\/td>\n<td style=\"height: 35px; width: 58px;\"><strong>3<\/strong><\/td>\n<td style=\"height: 35px; width: 81px;\"><strong>96<\/strong><\/td>\n<td style=\"height: 35px; width: 117px;\"><strong>Asignatura<\/strong><\/td>\n<\/tr>\n<tr style=\"height: 35px;\">\n<td style=\"height: 35px; width: 229px;\"><strong>La F\u00edsica del Siglo XX<\/strong><\/td>\n<td style=\"height: 35px; width: 58px;\"><strong>5<\/strong><\/td>\n<td style=\"height: 35px; width: 81px;\"><strong>256<\/strong><\/td>\n<td style=\"height: 35px; width: 117px;\"><strong>Asignatura<\/strong><\/td>\n<\/tr>\n<tr style=\"height: 35px;\">\n<td style=\"height: 35px; width: 229px;\"><strong>Astronom\u00eda<\/strong><\/td>\n<td style=\"height: 35px; width: 58px;\"><strong>4<\/strong><\/td>\n<td style=\"height: 35px; width: 81px;\"><strong>128<\/strong><\/td>\n<td style=\"height: 35px; width: 117px;\"><strong>Asignatura<\/strong><\/td>\n<\/tr>\n<tr style=\"height: 59px;\">\n<td style=\"height: 59px; width: 229px;\"><strong>UDI: Problem\u00e1ticas y Desaf\u00edos del Nivel Secundario<\/strong><\/td>\n<td style=\"height: 59px; width: 58px;\"><strong>3<\/strong><\/td>\n<td style=\"height: 59px; width: 81px;\"><strong>96<\/strong><\/td>\n<td style=\"height: 59px; width: 117px;\"><strong>Seminario<\/strong><\/td>\n<\/tr>\n<tr style=\"height: 35px;\">\n<td style=\"height: 35px; width: 229px;\"><\/td>\n<td style=\"height: 35px; width: 58px;\"><\/td>\n<td style=\"height: 35px; width: 81px;\"><\/td>\n<td style=\"height: 35px; width: 117px;\"><\/td>\n<\/tr>\n<\/tbody>\n<\/table>\n<p style=\"text-align: center;\"><span style=\"font-size: 10pt; font-family: arial, helvetica, sans-serif;\"><strong><span style=\"color: #3366ff;\">\u00a0<\/span><\/strong><\/span><\/p>\n","protected":false},"excerpt":{"rendered":"<p>PROFESORADO DE EDUCACI\u00d3N SECUNDARIA EN\u00a0F\u00cdSICA T\u00edtulo:\u00a0Profesor de Educaci\u00f3n Secundaria en\u00a0F\u00edsica Duraci\u00f3n:\u00a04 a\u00f1os Jefe de secci\u00f3n:\u00a0Prof.\u00a0Mar\u00eda Celia Benaya mcbenaya@hotmail.com ESTRUCTURA CURRICULAR DENOMINACI\u00d3N HS RELOJ\u00a0\u00a0\u00a0\u00a0\u00a0 HS C\u00c1TEDRA\u00a0\u00a0\u00a0\u00a0\u00a0\u00a0 Formato Curricular PRIMER A\u00d1O \u00a0 \u00a0 \u00a0 Pedagog\u00eda 4 128 Asignatura Problem\u00e1ticas Socioantropol\u00f3gicas en Educaci\u00f3n 3 96 Seminario Pr\u00e1ctica Docente I 3 96 Seminario\/ Taller integrador Producci\u00f3n Cient\u00edfica y Sociedad &#8230; <a title=\"Plan de Estudios\" class=\"read-more\" href=\"https:\/\/ifdmoreno-cba.infd.edu.ar\/sitio\/plan-de-estudios-9\/\" aria-label=\"More on Plan de Estudios\">[+]<\/a><\/p>\n","protected":false},"author":572,"featured_media":0,"parent":0,"menu_order":0,"comment_status":"closed","ping_status":"closed","template":"","meta":[],"acf":[],"_links":{"self":[{"href":"https:\/\/ifdmoreno-cba.infd.edu.ar\/sitio\/wp-json\/wp\/v2\/pages\/1246"}],"collection":[{"href":"https:\/\/ifdmoreno-cba.infd.edu.ar\/sitio\/wp-json\/wp\/v2\/pages"}],"about":[{"href":"https:\/\/ifdmoreno-cba.infd.edu.ar\/sitio\/wp-json\/wp\/v2\/types\/page"}],"author":[{"embeddable":true,"href":"https:\/\/ifdmoreno-cba.infd.edu.ar\/sitio\/wp-json\/wp\/v2\/users\/572"}],"replies":[{"embeddable":true,"href":"https:\/\/ifdmoreno-cba.infd.edu.ar\/sitio\/wp-json\/wp\/v2\/comments?post=1246"}],"version-history":[{"count":1,"href":"https:\/\/ifdmoreno-cba.infd.edu.ar\/sitio\/wp-json\/wp\/v2\/pages\/1246\/revisions"}],"predecessor-version":[{"id":2413,"href":"https:\/\/ifdmoreno-cba.infd.edu.ar\/sitio\/wp-json\/wp\/v2\/pages\/1246\/revisions\/2413"}],"wp:attachment":[{"href":"https:\/\/ifdmoreno-cba.infd.edu.ar\/sitio\/wp-json\/wp\/v2\/media?parent=1246"}],"curies":[{"name":"wp","href":"https:\/\/api.w.org\/{rel}","templated":true}]}}