{"id":1262,"date":"2018-08-30T12:11:02","date_gmt":"2018-08-30T15:11:02","guid":{"rendered":"https:\/\/ifdmoreno-cba.infd.edu.ar\/sitio\/docentes\/"},"modified":"2024-01-16T19:38:53","modified_gmt":"2024-01-16T22:38:53","slug":"docentes","status":"publish","type":"page","link":"https:\/\/ifdmoreno-cba.infd.edu.ar\/sitio\/docentes\/","title":{"rendered":"Cuerpo Docente"},"content":{"rendered":"<h5>Ag\u00fcero, Alejandra<\/h5>\n<h5>Alberto, Mar\u00eda Laura<\/h5>\n<h5>Albornoz, Karina<\/h5>\n<h5>Aliaga, Jos\u00e9 Francisco<\/h5>\n<h5>Andrada, Omar<\/h5>\n<h5>Antonini, Liliana<\/h5>\n<h5>Ar\u00f3nica, Mauricio<\/h5>\n<h5>Audo Gianotti, Elizabeth<\/h5>\n<h5>Barbero, Sergio Omar<\/h5>\n<h5>Barrera, Paola<\/h5>\n<h5>Barrera, Valeria<\/h5>\n<h5>Basualdo, Blanca<\/h5>\n<h5>Batellino, Claudia<\/h5>\n<h5>Becher\u00e1n, Claudia<\/h5>\n<h5>Benaya, Maria Celia<\/h5>\n<h5>Bomone, Patricia<\/h5>\n<h5>Borgognone, Fabi\u00e1n<\/h5>\n<h5>Britos, Mar\u00eda Gabriela<\/h5>\n<h5>Brusa, Emilse<\/h5>\n<h5>Bruzzo, Romina<\/h5>\n<h5>Buffa, Javier<\/h5>\n<h5>Cabanillas, Cesar<\/h5>\n<h5>Cabanillas, Mar\u00eda Andrea<\/h5>\n<h5>Cabot, Graciela<\/h5>\n<h5>C\u00e1ceres, Elena<\/h5>\n<h5>Campiotti, Patricia<\/h5>\n<h5>Canc\u00e9, Ignacio<\/h5>\n<h5>Capponcelli, Julieta<\/h5>\n<h5>Carletta, Anal\u00eda<\/h5>\n<h5>Castro, Paola<\/h5>\n<h5>Cerminato, Gabriela<\/h5>\n<h5>Claro, Mar\u00eda Soledad<\/h5>\n<h5>Cura, Leila<\/h5>\n<h5>Delfini, Donata<\/h5>\n<h5>Enr\u00edquez, Mar\u00eda Fernanda<\/h5>\n<h5>Falco, Romina<\/h5>\n<h5>Faricelli, Alejandra<\/h5>\n<h5>Fern\u00e1ndez, Macarena<\/h5>\n<h5>Fern\u00e1ndez, C\u00e9sar<\/h5>\n<h5>Fern\u00e1ndez, Lara<\/h5>\n<h5>Fern\u00e1ndez, Mar\u00eda Cristina<\/h5>\n<h5>Fern\u00e1ndez, Viviana<\/h5>\n<h5>Ferrero, Silvia Alejandra<\/h5>\n<h5>Ferrero, Susana Paola<\/h5>\n<h5>Fleman, Mar\u00eda Victoria<\/h5>\n<h5>Fuentes, Marisa<\/h5>\n<h5>Fuentes, Mar\u00eda Laura<\/h5>\n<h5>Galetto, Carolina<\/h5>\n<h5>Gallardo, Mar\u00eda In\u00e9s<\/h5>\n<h5>Galv\u00e1n, Mar\u00eda Soledad<\/h5>\n<h5>Ganuza, Carina<\/h5>\n<h5>Garbuglia, Soledad Agustina<\/h5>\n<h5>Garc\u00eda, Yanir\u00e9<\/h5>\n<h5>Geminiani, Alicia In\u00e9s<\/h5>\n<h5>Ghirardi, Dora Marina<\/h5>\n<h5>Giuliboni, Stefan\u00eda<\/h5>\n<h5>Giuzio, Aldo<\/h5>\n<h5>Gonz\u00e1lez, Mar\u00eda Julieta<\/h5>\n<h5>Gorordo, Daniela<\/h5>\n<h5>Grosso, Hemilce<\/h5>\n<h5>Huais, Mar\u00eda Lucrecia<\/h5>\n<h5>Im\u00e1n, Sonia<\/h5>\n<h5>Jara, \u00c1lvaro<\/h5>\n<h5>Lerda, Mar\u00eda Valeria<\/h5>\n<h5>L\u00f3pez, Silvia<\/h5>\n<h5>L\u00f3pez, Yanina<\/h5>\n<h5>Luzuriaga, Fabiana Beatriz<\/h5>\n<h5>Macario, Sandra<\/h5>\n<h5>Maggi, Adriana<\/h5>\n<h5>Mainero, Juan Pedro<\/h5>\n<h5>Martins, Mar\u00eda Janet<\/h5>\n<h5>Mej\u00edas, Karina<\/h5>\n<h5>Oliva Cuneo, Ana Rita<\/h5>\n<h5>Oller C\u00e9liz, Agustina<\/h5>\n<h5>Pantano, Mar\u00eda Bel\u00e9n<\/h5>\n<h5>Peretti, Mar\u00eda Gabriela<\/h5>\n<h5>P\u00e9rez de Ciriza, Paula<\/h5>\n<h5>Piermarini, Marcela<\/h5>\n<h5>Ponzano, Dar\u00edo<\/h5>\n<h5>Quatr\u00f3colo, Ver\u00f3nica<\/h5>\n<h5>Quirinali, Claudia Alejandra<\/h5>\n<h5>Quiroga, Graciela<\/h5>\n<h5>Radicci, Paola<\/h5>\n<h5>Rama, Mar\u00eda Florencia<\/h5>\n<h5>R\u00e9, Abigail<\/h5>\n<h5>R\u00e9, Miguel Dante<\/h5>\n<h5>Reche, Mar\u00eda Silvia<\/h5>\n<h5>Remondetti, Lucila<\/h5>\n<h5>Ribba, Nadia Soledad<\/h5>\n<h5>Ribot, Carolina Susana<\/h5>\n<h5>Rinaudo, Geraldine<\/h5>\n<h5>Rivas, Mar\u00eda Soledad<\/h5>\n<h5>Rochaix, Paola Marcela<\/h5>\n<h5>Rodr\u00edguez, Alejandra<\/h5>\n<h5>Rodr\u00edguez, Emanuel<\/h5>\n<h5>Rodr\u00edguez, Nadia<\/h5>\n<h5>Rossi, Cristian<\/h5>\n<h5>Salazar, Ana Silvia<\/h5>\n<h5>Serra, Benjam\u00edn<\/h5>\n<h5>Simonet, Evangelina<\/h5>\n<h5>Torres, Marcela<\/h5>\n<h5>Ulla, Franco Emanuel<\/h5>\n<h5>Usardi, Alejandra<\/h5>\n<h5>V\u00e1zquez, Mar\u00eda Jos\u00e9<\/h5>\n<h5>Vezzoni,\u00a0 Luciano Jos\u00e9<\/h5>\n<h5>Vieyra, Iv\u00e1n<\/h5>\n<h5>Vigna, Mar\u00eda Susana<\/h5>\n<h5>Vijande, Ver\u00f3nica<\/h5>\n<h5>Villalba, Fabiana<\/h5>\n<h5>Vi\u00f1als Torres, Xavier<\/h5>\n<h5>Virgillito, Ana<\/h5>\n<h5>Visca, Ana Mar\u00eda<\/h5>\n<h5>Visca, Nazarena<\/h5>\n<h5>Vit\u00e1bile, Leandra<\/h5>\n<h5>Vivas, Fabian<\/h5>\n<h5>Zerpa, Cristina<\/h5>\n<h5>Zerpa, Rosal\u00eda<\/h5>\n","protected":false},"excerpt":{"rendered":"<p>Ag\u00fcero, Alejandra Alberto, Mar\u00eda Laura Albornoz, Karina Aliaga, Jos\u00e9 Francisco Andrada, Omar Antonini, Liliana Ar\u00f3nica, Mauricio Audo Gianotti, Elizabeth Barbero, Sergio Omar Barrera, Paola Barrera, Valeria Basualdo, Blanca Batellino, Claudia Becher\u00e1n, Claudia Benaya, Maria Celia Bomone, Patricia Borgognone, Fabi\u00e1n Britos, Mar\u00eda Gabriela Brusa, Emilse Bruzzo, Romina Buffa, Javier Cabanillas, Cesar Cabanillas, Mar\u00eda Andrea Cabot, Graciela &#8230; <a title=\"Cuerpo Docente\" class=\"read-more\" href=\"https:\/\/ifdmoreno-cba.infd.edu.ar\/sitio\/docentes\/\" aria-label=\"More on Cuerpo Docente\">[+]<\/a><\/p>\n","protected":false},"author":572,"featured_media":0,"parent":0,"menu_order":0,"comment_status":"closed","ping_status":"closed","template":"","meta":[],"acf":[],"_links":{"self":[{"href":"https:\/\/ifdmoreno-cba.infd.edu.ar\/sitio\/wp-json\/wp\/v2\/pages\/1262"}],"collection":[{"href":"https:\/\/ifdmoreno-cba.infd.edu.ar\/sitio\/wp-json\/wp\/v2\/pages"}],"about":[{"href":"https:\/\/ifdmoreno-cba.infd.edu.ar\/sitio\/wp-json\/wp\/v2\/types\/page"}],"author":[{"embeddable":true,"href":"https:\/\/ifdmoreno-cba.infd.edu.ar\/sitio\/wp-json\/wp\/v2\/users\/572"}],"replies":[{"embeddable":true,"href":"https:\/\/ifdmoreno-cba.infd.edu.ar\/sitio\/wp-json\/wp\/v2\/comments?post=1262"}],"version-history":[{"count":6,"href":"https:\/\/ifdmoreno-cba.infd.edu.ar\/sitio\/wp-json\/wp\/v2\/pages\/1262\/revisions"}],"predecessor-version":[{"id":2354,"href":"https:\/\/ifdmoreno-cba.infd.edu.ar\/sitio\/wp-json\/wp\/v2\/pages\/1262\/revisions\/2354"}],"wp:attachment":[{"href":"https:\/\/ifdmoreno-cba.infd.edu.ar\/sitio\/wp-json\/wp\/v2\/media?parent=1262"}],"curies":[{"name":"wp","href":"https:\/\/api.w.org\/{rel}","templated":true}]}}