{"id":1291,"date":"2018-08-30T12:11:12","date_gmt":"2018-08-30T15:11:12","guid":{"rendered":"https:\/\/ifdmoreno-cba.infd.edu.ar\/sitio\/consejo-institucional-2\/"},"modified":"2024-01-16T19:34:52","modified_gmt":"2024-01-16T22:34:52","slug":"consejo-institucional-2","status":"publish","type":"page","link":"https:\/\/ifdmoreno-cba.infd.edu.ar\/sitio\/consejo-institucional-2\/","title":{"rendered":"Consejo Institucional"},"content":{"rendered":"<p><img decoding=\"async\" loading=\"lazy\" class=\"size-medium wp-image-1672 aligncenter\" src=\"https:\/\/ifdmoreno-cba.infd.edu.ar\/sitio\/wp-content\/uploads\/2020\/09\/consejo.png\" alt=\"\" width=\"509\" height=\"61\" srcset=\"https:\/\/ifdmoreno-cba.infd.edu.ar\/sitio\/wp-content\/uploads\/2020\/09\/consejo.png 509w, https:\/\/ifdmoreno-cba.infd.edu.ar\/sitio\/wp-content\/uploads\/2020\/09\/consejo-500x61.png 500w\" sizes=\"(max-width: 509px) 100vw, 509px\" \/><\/p>\n<p style=\"text-align: center;\"><span style=\"color: #3366ff;\"><strong>REGLAMENTO ORG\u00c1NICO MARCO (ROM), Resoluci\u00f3n N\u00b0 750\/11<\/strong><\/span><\/p>\n<p>El <strong>Reglamento Org\u00e1nico Marco (ROM)<\/strong>, resoluci\u00f3n <strong>N\u00b0 750\/11<\/strong>, que regula las Instituciones p\u00fablicas de <strong>Educaci\u00f3n Superior<\/strong> dependientes del <strong>Ministerio de Educaci\u00f3n de la Provincia de C\u00f3rdoba<\/strong>, tanto de gesti\u00f3n estatal como de gesti\u00f3n privada,\u00a0 prev\u00e9 la conformaci\u00f3n del <strong>Consejo Institucional, <\/strong>en su\u00a0Art. 17. Actualmente, conforman este \u00f3rgano colegiado:<\/p>\n<p>\u00a0<\/p>\n<p><strong>EQUIPO DIRECTIVO:<\/strong><\/p>\n<p>Esp. Lic. Prof. Alicia In\u00e9s Geminiani<\/p>\n<p>Lic. Prof. Ma. Janet Martins<\/p>\n<p><strong>CLAUSTRO DOCENTE:<\/strong><br \/>Lic. Rossi Cristian<br \/>Prof. Ponzano Dar\u00edo<br \/>Prof. Ag\u00fcero Mar\u00eda Alejandra<br \/>Prof. Rodr\u00edguez Emanuel<br \/>Prof. Buffa Javier<br \/>Prof. Carletta Anal\u00eda<\/p>\n<p><strong>Suplentes:<\/strong><br \/>Prof. Martins Mar\u00eda Janet y Vezzoni Luciano<br \/>Prof. Cerminato Gabriela, Grosso Hemilce y Oliva Cuneo Ana Rita<br \/>Prof. Aliaga Jos\u00e9, Huais Mar\u00eda Lucrecia y Torres Marcela<\/p>\n<p>\u00a0<\/p>\n<p><strong>CLAUSTRO ESTUDIANTIL:<\/strong><br \/>Mustaf\u00e1 Mat\u00edas<br \/>Oviedo Luciana<br \/>Theiler Terragnolo Lucila<br \/>Marquez Franco<\/p>\n<p><strong>Suplentes:<\/strong><br \/>Caro Pamela y Quevedo Roc\u00edo<br \/>Martin Emilse<br \/>Sep\u00falveda Mar\u00eda Luz<br \/>Pesaresi Laura<\/p>\n<p><strong>CLAUSTRO GRADUADOS:<\/strong><br \/>Ortiz Victoria Alejandra<\/p>\n<p><strong>Suplente:<\/strong><br \/>Arribas Valdivia Sol de Lourdes<\/p>\n<p><span style=\"font-family: helvetica, arial, sans-serif;\">\u00a0<\/span><img decoding=\"async\" loading=\"lazy\" class=\"aligncenter\" src=\"https:\/\/ifdmoreno-cba.infd.edu.ar\/aula\/archivos\/_21\/news\/EleccionesConsejo.jpeg\" width=\"723\" height=\"407\" \/><\/p>\n<h6 style=\"text-align: center;\"><strong>Elecciones de Consejo Institucional<\/strong>, seg\u00fan consta en el acta de clausura y escrutinio, con fecha 8 de septiembre de 2022.<\/h6>\n\n\n<hr class=\"wp-block-separator has-css-opacity\"\/>\n\n\n\n<div class=\"wp-block-file\"><a id=\"wp-block-file--media-187ecc19-25d2-458a-9645-04ded78ac889\" href=\"https:\/\/ifdmoreno-cba.infd.edu.ar\/sitio\/wp-content\/uploads\/2022\/09\/R.O.M.-75011.pdf\"><strong>Reglamento Org\u00e1nico Marco (ROM), Resoluci\u00f3n N\u00b0 750\/11<\/strong><\/a><a href=\"https:\/\/ifdmoreno-cba.infd.edu.ar\/sitio\/wp-content\/uploads\/2022\/09\/R.O.M.-75011.pdf\" class=\"wp-block-file__button wp-element-button\" download aria-describedby=\"wp-block-file--media-187ecc19-25d2-458a-9645-04ded78ac889\">Descarga<\/a><\/div>\n","protected":false},"excerpt":{"rendered":"<p>REGLAMENTO ORG\u00c1NICO MARCO (ROM), Resoluci\u00f3n N\u00b0 750\/11 El Reglamento Org\u00e1nico Marco (ROM), resoluci\u00f3n N\u00b0 750\/11, que regula las Instituciones p\u00fablicas de Educaci\u00f3n Superior dependientes del Ministerio de Educaci\u00f3n de la Provincia de C\u00f3rdoba, tanto de gesti\u00f3n estatal como de gesti\u00f3n privada,\u00a0 prev\u00e9 la conformaci\u00f3n del Consejo Institucional, en su\u00a0Art. 17. Actualmente, conforman este \u00f3rgano colegiado: &#8230; <a title=\"Consejo Institucional\" class=\"read-more\" href=\"https:\/\/ifdmoreno-cba.infd.edu.ar\/sitio\/consejo-institucional-2\/\" aria-label=\"More on Consejo Institucional\">[+]<\/a><\/p>\n","protected":false},"author":572,"featured_media":0,"parent":0,"menu_order":0,"comment_status":"closed","ping_status":"closed","template":"","meta":[],"acf":[],"_links":{"self":[{"href":"https:\/\/ifdmoreno-cba.infd.edu.ar\/sitio\/wp-json\/wp\/v2\/pages\/1291"}],"collection":[{"href":"https:\/\/ifdmoreno-cba.infd.edu.ar\/sitio\/wp-json\/wp\/v2\/pages"}],"about":[{"href":"https:\/\/ifdmoreno-cba.infd.edu.ar\/sitio\/wp-json\/wp\/v2\/types\/page"}],"author":[{"embeddable":true,"href":"https:\/\/ifdmoreno-cba.infd.edu.ar\/sitio\/wp-json\/wp\/v2\/users\/572"}],"replies":[{"embeddable":true,"href":"https:\/\/ifdmoreno-cba.infd.edu.ar\/sitio\/wp-json\/wp\/v2\/comments?post=1291"}],"version-history":[{"count":6,"href":"https:\/\/ifdmoreno-cba.infd.edu.ar\/sitio\/wp-json\/wp\/v2\/pages\/1291\/revisions"}],"predecessor-version":[{"id":2352,"href":"https:\/\/ifdmoreno-cba.infd.edu.ar\/sitio\/wp-json\/wp\/v2\/pages\/1291\/revisions\/2352"}],"wp:attachment":[{"href":"https:\/\/ifdmoreno-cba.infd.edu.ar\/sitio\/wp-json\/wp\/v2\/media?parent=1291"}],"curies":[{"name":"wp","href":"https:\/\/api.w.org\/{rel}","templated":true}]}}