{"id":1361,"date":"2018-08-30T12:11:36","date_gmt":"2018-08-30T15:11:36","guid":{"rendered":"https:\/\/ifdmoreno-cba.infd.edu.ar\/sitio\/coordinador-institucional\/"},"modified":"2022-07-07T19:49:26","modified_gmt":"2022-07-07T22:49:26","slug":"coordinador-institucional","status":"publish","type":"page","link":"https:\/\/ifdmoreno-cba.infd.edu.ar\/sitio\/coordinador-institucional\/","title":{"rendered":"Coordinador Institucional"},"content":{"rendered":"<p style=\"text-align: left; padding-left: 30px;\"><img decoding=\"async\" loading=\"lazy\" style=\"float: right;\" src=\"https:\/\/ifdmoreno-cba.infd.edu.ar\/sitio\/wp-content\/uploads\/2018\/08\/yo.jpg\" alt=\"\" width=\"119\" height=\"119\" border=\"0\" \/><span style=\"color: #3366ff; font-size: 18pt;\"><em><strong>\u00a0Jos\u00e9 Francisco Aliaga<\/strong><\/em><\/span><\/p>\n<p style=\"padding-left: 30px;\">\n<p style=\"padding-left: 30px;\"><span style=\"color: #000000; font-size: 10pt;\">Correo Electr\u00f3nico:<br \/>\njosefranciscoaliaga@gmail.com<\/span><\/p>\n<p style=\"padding-left: 30px;\">\n<p style=\"padding-left: 30px; text-align: justify;\"><span style=\"color: #000000; font-size: 10pt;\">Jos\u00e9 Francisco Aliaga es T\u00e9cnico Superior en Animaci\u00f3n Sociocultural, ha coordinado talleres en Centros de Actividades Infantiles (CAI) y Centros de Actividades Juveniles (CAJ), y se desempe\u00f1\u00f3 como capacitador en el\u00a0Primer Congreso Nacional de Educaci\u00f3n:\u00a0<em>\u00abDe la formaci\u00f3n a la acci\u00f3n. Debates en torno al desaf\u00edo docente\u00bb<\/em>. Organizado en el a\u00f1o 2015 por el\u00a0Instituto Privado Diocesano Profesorado \u201cPbro. Jos\u00e9 Gabriel Brochero\u201d. Es miembro fundador, programador y coordinador del <em>Cineclub Coliseo<\/em> de la ciudad de Bell Ville, desde Abril de 2009 hasta la actualidad. Particip\u00f3 de la programaci\u00f3n y coordinaci\u00f3n de gran cantidad de ciclos de cine, entre las cuales se cuentan numerosas funciones infantiles. Muchas de estas actividades realizadas en articulaci\u00f3n con instituciones como La <em>Sociedad Italiana<\/em> de Bell Ville, la Asociaci\u00f3n Cultural <em>\u201cDante Alighieri\u201d<\/em>, la Direcci\u00f3n de Cultura de la Municipalidad de Bell Ville, la Biblioteca Popular <em>\u201cRam\u00f3n J. C\u00e1rcano\u201d<\/em>. InFoPaCi, Escuela de Bellas Artes <em>\u201cFernando Fader\u201d<\/em>, Conservatorio de M\u00fasica <em>\u201cGilardo Gilardi\u201d<\/em>, Escuela de Discapacitados Auditivos <em>\u201cLe\u00f3n Luis Pellegrino\u201d<\/em>, Escuela Especial <em>\u201cMar\u00eda Montessori\u201d<\/em>, el Bar Cultural <em>\u201cManukam\u201d<\/em>, <em>\u201cPlaneta Azul\u201d<\/em> Club Cultural, <em>\u00abGloria Juana\u00bb<\/em> Librer\u00eda Caf\u00e9 y tambi\u00e9n junto a entidades como la Secretar\u00eda de Extensi\u00f3n de la <em>Universidad Nacional de C\u00f3rdoba<\/em>, el <em>Instituto Italiano de Cultura de C\u00f3rdoba<\/em>, INCAA, AFSCA, el <em>Centro de Cl\u00ednica y Estudios en Psicoan\u00e1lisis<\/em> de Bell Ville, la\u00a0<em>Asociaci\u00f3n de Travestis Transg\u00e9neros y Transexuales de Argentina<\/em> ATTTA y la <em>Asociaci\u00f3n para la Producci\u00f3n y Formaci\u00f3n Audiovisual de Personas Sordas<\/em>\u00a0IDendeaf Espa\u00f1a, entre otras.<\/span><\/p>\n","protected":false},"excerpt":{"rendered":"<p>\u00a0Jos\u00e9 Francisco Aliaga Correo Electr\u00f3nico: josefranciscoaliaga@gmail.com Jos\u00e9 Francisco Aliaga es T\u00e9cnico Superior en Animaci\u00f3n Sociocultural, ha coordinado talleres en Centros de Actividades Infantiles (CAI) y Centros de Actividades Juveniles (CAJ), y se desempe\u00f1\u00f3 como capacitador en el\u00a0Primer Congreso Nacional de Educaci\u00f3n:\u00a0\u00abDe la formaci\u00f3n a la acci\u00f3n. Debates en torno al desaf\u00edo docente\u00bb. Organizado en el &#8230; <a title=\"Coordinador Institucional\" class=\"read-more\" href=\"https:\/\/ifdmoreno-cba.infd.edu.ar\/sitio\/coordinador-institucional\/\" aria-label=\"More on Coordinador Institucional\">[+]<\/a><\/p>\n","protected":false},"author":572,"featured_media":0,"parent":0,"menu_order":0,"comment_status":"closed","ping_status":"closed","template":"","meta":[],"acf":[],"_links":{"self":[{"href":"https:\/\/ifdmoreno-cba.infd.edu.ar\/sitio\/wp-json\/wp\/v2\/pages\/1361"}],"collection":[{"href":"https:\/\/ifdmoreno-cba.infd.edu.ar\/sitio\/wp-json\/wp\/v2\/pages"}],"about":[{"href":"https:\/\/ifdmoreno-cba.infd.edu.ar\/sitio\/wp-json\/wp\/v2\/types\/page"}],"author":[{"embeddable":true,"href":"https:\/\/ifdmoreno-cba.infd.edu.ar\/sitio\/wp-json\/wp\/v2\/users\/572"}],"replies":[{"embeddable":true,"href":"https:\/\/ifdmoreno-cba.infd.edu.ar\/sitio\/wp-json\/wp\/v2\/comments?post=1361"}],"version-history":[{"count":1,"href":"https:\/\/ifdmoreno-cba.infd.edu.ar\/sitio\/wp-json\/wp\/v2\/pages\/1361\/revisions"}],"predecessor-version":[{"id":1850,"href":"https:\/\/ifdmoreno-cba.infd.edu.ar\/sitio\/wp-json\/wp\/v2\/pages\/1361\/revisions\/1850"}],"wp:attachment":[{"href":"https:\/\/ifdmoreno-cba.infd.edu.ar\/sitio\/wp-json\/wp\/v2\/media?parent=1361"}],"curies":[{"name":"wp","href":"https:\/\/api.w.org\/{rel}","templated":true}]}}