{"id":1377,"date":"2018-08-30T12:11:41","date_gmt":"2018-08-30T15:11:41","guid":{"rendered":"https:\/\/ifdmoreno-cba.infd.edu.ar\/sitio\/oferta-academica\/"},"modified":"2019-07-15T17:58:15","modified_gmt":"2019-07-15T20:58:15","slug":"oferta-academica","status":"publish","type":"page","link":"https:\/\/ifdmoreno-cba.infd.edu.ar\/sitio\/oferta-academica\/","title":{"rendered":"Oferta acad\u00e9mica"},"content":{"rendered":"<p style=\"text-align: justify;\"><span style=\"font-family: helvetica, arial, sans-serif;\"><strong><span style=\"font-size: 12pt; color: #3366ff;\">SEMINARIO &#8211; Inclusi\u00f3n: \u00abDesaf\u00edos para asumir en la Pr\u00e1ctica\u00bb<\/span><\/strong><\/span><\/p>\n<p><strong><span style=\"font-family: helvetica, arial, sans-serif; color: #000000; font-size: 10pt;\">INICIA EN EL MES DE OCTUBRE DE 2019<\/span><\/strong><\/p>\n<p style=\"text-align: justify;\"><strong><span style=\"font-family: helvetica, arial, sans-serif; color: #000000; font-size: 10pt;\">A cargo de las Lic. Nora Limeres y Leticia Grosso (Bs.As.)<\/span><\/strong><\/p>\n<p style=\"text-align: left;\"><span style=\"font-family: helvetica, arial, sans-serif;\">\u00a0<img decoding=\"async\" loading=\"lazy\" class=\"alignnone size-medium wp-image-1535\" src=\"https:\/\/ifdmoreno-cba.infd.edu.ar\/sitio\/wp-content\/uploads\/2019\/07\/Seminario_Inclusi\u00f3n-para-p\u00e1gina-1000x562.jpg\" alt=\"\" width=\"1000\" height=\"562\" srcset=\"https:\/\/ifdmoreno-cba.infd.edu.ar\/sitio\/wp-content\/uploads\/2019\/07\/Seminario_Inclusi\u00f3n-para-p\u00e1gina-1000x562.jpg 1000w, https:\/\/ifdmoreno-cba.infd.edu.ar\/sitio\/wp-content\/uploads\/2019\/07\/Seminario_Inclusi\u00f3n-para-p\u00e1gina-768x432.jpg 768w, https:\/\/ifdmoreno-cba.infd.edu.ar\/sitio\/wp-content\/uploads\/2019\/07\/Seminario_Inclusi\u00f3n-para-p\u00e1gina-1900x1069.jpg 1900w\" sizes=\"(max-width: 1000px) 100vw, 1000px\" \/><\/span><\/p>\n<p style=\"text-align: justify;\"><span style=\"font-family: helvetica, arial, sans-serif; font-size: 10pt;\"><strong>RESUMEN DE LA PROPUESTA: <\/strong><\/span><\/p>\n<p style=\"text-align: justify;\"><span style=\"font-family: helvetica, arial, sans-serif; font-size: 10pt;\">Deber ser y competencias para el hacer en la escuela inclusiva&#8230; \u00bfSon mandatos pol\u00edticos, institucionales, sociales, cient\u00edficos, pedag\u00f3gicos?<\/span><\/p>\n<p style=\"text-align: justify;\"><span style=\"font-family: helvetica, arial, sans-serif; font-size: 10pt;\"> Tem\u00e1ticas: Ideolog\u00eda de la inclusi\u00f3n. Gesti\u00f3n institucional de la inclusi\u00f3n. Gesti\u00f3n en el aula de la inclusi\u00f3n. La evaluaci\u00f3n desde la inclusi\u00f3n.<\/span><\/p>\n<p style=\"text-align: justify;\"><span style=\"font-family: helvetica, arial, sans-serif; font-size: 10pt;\">Frente al cambio operado en las instituciones educativas a prop\u00f3sito de la inclusi\u00f3n; tanto docentes como gestores institucionales, demandan apoyos para encarar situaciones hasta no hace mucho no experimentadas en la escuela. La presencia de estudiantes con caracter\u00edsticas particulares que hasta no hace mucho requer\u00edan la intervenci\u00f3n de escuelas especiales y la concurrencia a ellas, hoy es habitual en las escuelas llamadas comunes. No obstante, de ello surge inmediatamente la necesidad de interpelar a los \u00e1mbitos de toma de decisiones sobre c\u00f3mo se espera que esta escuela (no ya com\u00fan), se constituya en una escuela para todos. Respuestas hay, pero lo que se deja entrever es que al cambiar la escuela es necesario comprender que cambian los docentes, las culturas, las pr\u00e1cticas. Las pol\u00edticas expresan los cambios a trav\u00e9s de marcos normativos, que no comienzan necesariamente en las escuelas, pero las mismas por su car\u00e1cter social y por su especificidad pedag\u00f3gica, repercuten como cajas de resonancia.<\/span><\/p>\n<p style=\"text-align: justify;\"><span style=\"font-family: helvetica, arial, sans-serif; font-size: 10pt;\">Entonces, es desde estas bases conceptuales y prop\u00f3sitos, que se seleccionaron y organizaron los siguientes contenidos:<\/span><\/p>\n<ol style=\"text-align: justify;\">\n<li><span style=\"font-family: helvetica, arial, sans-serif; font-size: 10pt;\">Diversidad. \u00bfIntegraci\u00f3n o inclusi\u00f3n? Ideolog\u00eda de la inclusi\u00f3n. Barreras para el aprendizaje y la participaci\u00f3n. Origen, comienzo y desarrollo de la inclusi\u00f3n. Pol\u00edticas y decisiones que acompa\u00f1aron a la inclusi\u00f3n desde su origen. Modelos de pensamiento en educaci\u00f3n;<\/span><\/li>\n<li><span style=\"font-family: helvetica, arial, sans-serif; font-size: 10pt;\">C\u00f3mo se gestiona una instituci\u00f3n desde la inclusi\u00f3n. La mirada sist\u00e9mica y ecol\u00f3gica de las instituciones en la inclusi\u00f3n. La gesti\u00f3n de la ense\u00f1anza desde diferentes modelos y enfoques. Dimensiones de la inclusi\u00f3n. Trabajo colaborativo entre docente. Comunidades de aprendizaje. Relaci\u00f3n escuela-familia-comunidad;<\/span><\/li>\n<li><span style=\"font-family: helvetica, arial, sans-serif; font-size: 10pt;\">C\u00f3mo se gestiona el aula desde la inclusi\u00f3n. Indicadores. Apoyos, configuraciones, clima del aula, agrupamientos, estilos de ense\u00f1anza y de aprendizaje, trayectorias, flexibilidad, relaci\u00f3n con el saber, v\u00ednculos con la familia; y<\/span><\/li>\n<li><span style=\"font-family: helvetica, arial, sans-serif; font-size: 10pt;\"><span style=\"font-family: helvetica, arial, sans-serif; font-size: 10pt;\"><span style=\"font-family: helvetica, arial, sans-serif; font-size: 10pt;\"><span style=\"font-family: helvetica, arial, sans-serif; font-size: 10pt;\">Evaluaci\u00f3n. Replantear la evaluaci\u00f3n desde la inclusi\u00f3n. Evaluaci\u00f3n de proyectos institucionales. Evaluaci\u00f3n de aprendizajes. Evaluaci\u00f3n de los docentes.<\/span><\/span><\/span><\/span><\/li>\n<\/ol>\n<p style=\"text-align: justify;\"><span style=\"font-family: helvetica, arial, sans-serif; font-size: 10pt;\">\u25cf <strong>ENCUENTROS PRESENCIALES<\/strong><\/span><\/p>\n<p><strong><span style=\"font-family: helvetica, arial, sans-serif; font-size: 10pt;\">Cursado presencial de cuatro semanas de duraci\u00f3n &#8211;\u00a0 Cursado quincenal<\/span><\/strong><\/p>\n<p style=\"text-align: justify;\"><span style=\"font-family: helvetica, arial, sans-serif; font-size: 10pt;\"><strong>OCTUBRE:<\/strong><\/span><\/p>\n<p><span style=\"font-family: helvetica, arial, sans-serif; font-size: 10pt;\">&#8211;<\/span><span style=\"font-family: helvetica, arial, sans-serif; font-size: 10pt;\">V<\/span><span style=\"font-family: helvetica, arial, sans-serif; font-size: 10pt;\">iernes\u00a0 04 y s\u00e1bado 05.<\/span><\/p>\n<p><span style=\"font-family: helvetica, arial, sans-serif; font-size: 10pt;\">&#8211;<\/span><span style=\"font-family: helvetica, arial, sans-serif; font-size: 10pt;\">V<\/span><span style=\"font-family: helvetica, arial, sans-serif; font-size: 10pt;\">iernes\u00a0 18 y s\u00e1bado 19<\/span><\/p>\n<p><span style=\"font-family: helvetica, arial, sans-serif; font-size: 10pt;\"><strong>NOVIEMBRE:<\/strong><\/span><\/p>\n<p><span style=\"font-family: helvetica, arial, sans-serif; font-size: 10pt;\">&#8211;<\/span><span style=\"font-family: helvetica, arial, sans-serif; font-size: 10pt;\">V<\/span><span style=\"font-family: helvetica, arial, sans-serif; font-size: 10pt;\">iernes\u00a0 15 y s\u00e1bado 16.<\/span><\/p>\n<p><span style=\"font-family: helvetica, arial, sans-serif; font-size: 10pt;\">&#8211;<\/span><span style=\"font-family: helvetica, arial, sans-serif; font-size: 10pt;\">V<\/span><span style=\"font-family: helvetica, arial, sans-serif; font-size: 10pt;\">iernes\u00a0 29 y s\u00e1bado 30<\/span><\/p>\n<p><strong><span style=\"font-family: helvetica, arial, sans-serif; font-size: 10pt;\">HORARIOS DE CURSADO:<\/span><\/strong><\/p>\n<p><span style=\"font-family: helvetica, arial, sans-serif; font-size: 10pt;\">V<\/span><span style=\"font-family: helvetica, arial, sans-serif; font-size: 10pt;\">iernes &#8211; De 18:00 a 21:30 hs.<\/span><\/p>\n<p><span style=\"font-family: helvetica, arial, sans-serif; font-size: 10pt;\">S\u00e1bados &#8211; De 09:00 a 13:00 hs.<\/span><\/p>\n<p><span style=\"font-family: helvetica, arial, sans-serif; font-size: 10pt;\">En la Sede del Instituto\u00a0 Superior de Formaci\u00f3n Docente &#8211; Profesorado \u00abMariano Moreno\u00bb <\/span><\/p>\n<p><span style=\"font-family: helvetica, arial, sans-serif; font-size: 10pt;\">Calle 25 de Mayo 135, Bell Ville<\/span><\/p>\n<p>&nbsp;<\/p>\n<p style=\"text-align: justify;\"><span style=\"font-size: 10pt; font-family: helvetica, arial, sans-serif;\">\u25cf <strong>Carga horaria<\/strong>: 40 hs. reloj.<\/span><\/p>\n<p><span style=\"font-size: 10pt; font-family: helvetica, arial, sans-serif;\">\u25cf <strong>Certificaci\u00f3n<\/strong>: Se emitir\u00e1 certificado que acredita un total de 40 hs. reloj. de cursado con evaluaci\u00f3n.<\/span><\/p>\n<p style=\"text-align: justify;\"><span style=\"font-size: 10pt; font-family: helvetica, arial, sans-serif;\">\u25cf <strong>Destinatarios<\/strong>:<\/span><\/p>\n<p style=\"text-align: justify;\"><span style=\"font-size: 10pt; font-family: helvetica, arial, sans-serif;\">&#8211; Docentes en actividad que se desempe\u00f1en en el sistema educativo provincial<\/span><\/p>\n<p style=\"text-align: justify;\"><span style=\"font-size: 10pt; font-family: helvetica, arial, sans-serif;\">&#8211;\u00a0Profesionales no docentes\u00a0que se desempe\u00f1en en el sistema educativo provincial en campos de conocimientos relacionados a la tem\u00e1tica.\u00a0<\/span><\/p>\n<p><span style=\"font-size: 10pt; font-family: helvetica, arial, sans-serif;\">&#8211; Estudiantes de carreras de formaci\u00f3n docente.<\/span><\/p>\n<p style=\"text-align: justify;\"><span style=\"font-family: helvetica, arial, sans-serif; font-size: 10pt;\">\u25cf\u00a0<strong>Aranceles<\/strong><\/span><\/p>\n<ul>\n<li style=\"text-align: justify;\"><span style=\"font-size: 10pt; font-family: helvetica, arial, sans-serif;\">Docentes en general: <strong>$2500<\/strong> (Divididas en cuotas de: Inscripci\u00f3n $ 1000 y dos cuotas de $ 750<\/span><\/li>\n<li><span style=\"font-size: 10pt; font-family: helvetica, arial, sans-serif;\">Estudiantes del ISFD \u201cMariano Moreno\u201d: <strong>$ 2050<\/strong> (con cooperadora al d\u00eda)<br \/>\n(Entrega inicial: $550 y tres cuotas de $500)<\/span><\/li>\n<\/ul>\n<p><strong>&#8211; CUPOS LIMITADOS &#8211;<\/strong><\/p>\n<p style=\"text-align: justify;\"><span style=\"text-decoration: underline;\"><strong><span style=\"font-family: helvetica, arial, sans-serif; font-size: 10pt;\">Requisitos de admisi\u00f3n<\/span><\/strong><\/span><\/p>\n<p style=\"text-align: justify;\"><span style=\"font-family: helvetica, arial, sans-serif; font-size: 10pt;\">Completar un <a href=\"https:\/\/forms.gle\/dij75eZs1B6RjkV68\">formulario<\/a> de inscripci\u00f3n en l\u00ednea<\/span><\/p>\n<p style=\"text-align: justify;\"><span style=\"font-family: helvetica, arial, sans-serif; font-size: 10pt;\">Para confirmar su inscripci\u00f3n definitiva al seminario, deber\u00e1 concurrir a la sede del Profesorado y abonar el arancel correspondiente.<\/span><\/p>\n<p style=\"text-align: justify;\"><span style=\"text-decoration: underline;\"><span style=\"font-family: helvetica, arial, sans-serif; font-size: 10pt;\"><strong>Informes e inscripciones<\/strong><\/span><\/span><\/p>\n<p style=\"text-align: justify;\"><span style=\"font-family: helvetica, arial, sans-serif; font-size: 10pt;\">Coordinaci\u00f3n de Nivel Superior\u00a0&#8211; Instituto de Formaci\u00f3n Docente \u00abMariano Moreno\u00bb\u00a0&#8211;\u00a025 de Mayo 135 (Bell Ville) \u2013 Lunes a viernes de 19.00 a 23 hs. &#8211; Tel: 03537-\u00a0421023 \u2013 Correo electr\u00f3nico:\u00a0<span style=\"color: #0000ff;\">mmorenoformacioncontinua@gmail.com<\/span><\/span><\/p>\n<p style=\"text-align: justify;\"><span style=\"font-family: helvetica, arial, sans-serif; font-size: 10pt;\">Responsables: Prof. Cdor. Crist\u00f3bal Saretti<\/span><\/p>\n<p style=\"text-align: justify;\"><span style=\"font-family: helvetica, arial, sans-serif; font-size: 10pt;\">Coordina: Equipo Institucional de Formaci\u00f3n Continua\u00a0<\/span><\/p>\n<p style=\"text-align: center;\"><span style=\"font-family: helvetica, arial, sans-serif; font-size: 10pt;\">*<\/span><\/p>\n<p style=\"text-align: justify;\"><span style=\"text-decoration: underline;\"><strong><span style=\"font-family: helvetica, arial, sans-serif; font-size: 10pt;\">Programa<\/span><\/strong><\/span><\/p>\n<p style=\"text-align: justify;\">\n","protected":false},"excerpt":{"rendered":"<p>SEMINARIO &#8211; Inclusi\u00f3n: \u00abDesaf\u00edos para asumir en la Pr\u00e1ctica\u00bb INICIA EN EL MES DE OCTUBRE DE 2019 A cargo de las Lic. Nora Limeres y Leticia Grosso (Bs.As.) \u00a0 RESUMEN DE LA PROPUESTA: Deber ser y competencias para el hacer en la escuela inclusiva&#8230; \u00bfSon mandatos pol\u00edticos, institucionales, sociales, cient\u00edficos, pedag\u00f3gicos? Tem\u00e1ticas: Ideolog\u00eda de la &#8230; <a title=\"Oferta acad\u00e9mica\" class=\"read-more\" href=\"https:\/\/ifdmoreno-cba.infd.edu.ar\/sitio\/oferta-academica\/\" aria-label=\"More on Oferta acad\u00e9mica\">[+]<\/a><\/p>\n","protected":false},"author":572,"featured_media":0,"parent":0,"menu_order":0,"comment_status":"closed","ping_status":"closed","template":"","meta":[],"acf":[],"_links":{"self":[{"href":"https:\/\/ifdmoreno-cba.infd.edu.ar\/sitio\/wp-json\/wp\/v2\/pages\/1377"}],"collection":[{"href":"https:\/\/ifdmoreno-cba.infd.edu.ar\/sitio\/wp-json\/wp\/v2\/pages"}],"about":[{"href":"https:\/\/ifdmoreno-cba.infd.edu.ar\/sitio\/wp-json\/wp\/v2\/types\/page"}],"author":[{"embeddable":true,"href":"https:\/\/ifdmoreno-cba.infd.edu.ar\/sitio\/wp-json\/wp\/v2\/users\/572"}],"replies":[{"embeddable":true,"href":"https:\/\/ifdmoreno-cba.infd.edu.ar\/sitio\/wp-json\/wp\/v2\/comments?post=1377"}],"version-history":[{"count":5,"href":"https:\/\/ifdmoreno-cba.infd.edu.ar\/sitio\/wp-json\/wp\/v2\/pages\/1377\/revisions"}],"predecessor-version":[{"id":1540,"href":"https:\/\/ifdmoreno-cba.infd.edu.ar\/sitio\/wp-json\/wp\/v2\/pages\/1377\/revisions\/1540"}],"wp:attachment":[{"href":"https:\/\/ifdmoreno-cba.infd.edu.ar\/sitio\/wp-json\/wp\/v2\/media?parent=1377"}],"curies":[{"name":"wp","href":"https:\/\/api.w.org\/{rel}","templated":true}]}}