{"id":1542,"date":"2019-08-06T14:06:06","date_gmt":"2019-08-06T17:06:06","guid":{"rendered":"https:\/\/ifdmoreno-cba.infd.edu.ar\/sitio\/?page_id=1542"},"modified":"2022-03-11T21:33:14","modified_gmt":"2022-03-12T00:33:14","slug":"diplomado-universitario","status":"publish","type":"page","link":"https:\/\/ifdmoreno-cba.infd.edu.ar\/sitio\/diplomado-universitario\/","title":{"rendered":"Diplomado Universitario"},"content":{"rendered":"<p><img decoding=\"async\" loading=\"lazy\" class=\"size-medium wp-image-1841 aligncenter\" src=\"https:\/\/ifdmoreno-cba.infd.edu.ar\/sitio\/wp-content\/uploads\/2022\/03\/WhatsApp-Image-2022-03-11-at-09.49.29-737x1000.jpeg\" alt=\"\" width=\"737\" height=\"1000\" srcset=\"https:\/\/ifdmoreno-cba.infd.edu.ar\/sitio\/wp-content\/uploads\/2022\/03\/WhatsApp-Image-2022-03-11-at-09.49.29-737x1000.jpeg 737w, https:\/\/ifdmoreno-cba.infd.edu.ar\/sitio\/wp-content\/uploads\/2022\/03\/WhatsApp-Image-2022-03-11-at-09.49.29-768x1042.jpeg 768w, https:\/\/ifdmoreno-cba.infd.edu.ar\/sitio\/wp-content\/uploads\/2022\/03\/WhatsApp-Image-2022-03-11-at-09.49.29.jpeg 796w\" sizes=\"(max-width: 737px) 100vw, 737px\" \/><\/p>\n<pre style=\"text-align: center;\"><strong>DI<\/strong><strong>PLOMADO EN GESTI\u00d3N DE ORGANIZACIONES SOCIALES Y COMUNITARIAS<\/strong><\/pre>\n<p><strong>\u00a0E<\/strong>l Diplomado en Gesti\u00f3n de Organizaciones Sociales y Comunitarias constituye una iniciativa orientada a abordar los desaf\u00edos actuales que enfrentan las Organizaciones de la sociedad Civil (OSC) en el abordaje e intervenci\u00f3n de m\u00faltiples problem\u00e1ticas sociales, culturales y econ\u00f3micas. Estas intervenciones demandan capacidades de gesti\u00f3n, planificaci\u00f3n, implementaci\u00f3n y evaluaci\u00f3n de iniciativas y proyectos sociales.<\/p>\n<p>El Diplomado implica una formaci\u00f3n integral e interdisciplinaria que combina el an\u00e1lisis riguroso del contexto con la apropiaci\u00f3n de dispositivos de gesti\u00f3n interna como de redes y articulaci\u00f3n interinstitucional e intersectorial.<\/p>\n<p>La heterogeneidad y la diversidad de acci\u00f3n y especializaci\u00f3n (en salud, educaci\u00f3n, medioambiente, etc.), el conocimiento y la experiencia en el terreno, la capacidad de actuar con los sectores m\u00e1s vulnerables y excluidos y el saber articular y elaborar proyectos sit\u00faa a las OSC como actores estrat\u00e9gicos para el logro de los ODS 2030. El Diplomado realiza una contribuci\u00f3n sustancial en este desaf\u00edo.<\/p>\n<p>El Diplomado se plantea aportar desde saberes \u201cexpertos\u201d en di\u00e1logo con las trayectorias y experiencias acumuladas de las organizaciones.<\/p>\n<p>Desde la Escuela de Gobierno nos proponemos acompa\u00f1ar el desarrollo institucional democr\u00e1tico aportando calidad en la gesti\u00f3n de las OSC y su vinculaci\u00f3n con las pol\u00edticas estatales.<\/p>\n<pre><strong>Destinatarios<\/strong><\/pre>\n<p>Integrantes de organizaciones de la sociedad civil que trabajan en la comunidad: Centros Vecinales, Docentes, Bibliotecas Populares, Comedores, Fundaciones, ONGs que llevan adelante programas de la Secretar\u00eda de Equidad y Promoci\u00f3n de empleo. P\u00fablico en general con inter\u00e9s en la tem\u00e1tica.<\/p>\n<p>Para poder inscribirse debe acreditar secundario completo, aval institucional, carta intenci\u00f3n donde relate sus motivaciones para ingresar a la diplomatura universitaria.<\/p>\n<p><strong>\u00a0<\/strong><\/p>\n<pre><strong>Objetivos<\/strong><\/pre>\n<p><strong>Generales<\/strong><\/p>\n<ul>\n<li>Fortalecer las organizaciones de la sociedad civil en sus procesos de gesti\u00f3n interna y de intervenci\u00f3n orientados al cambio de sus contextos inmediatos y mediatos desde una mirada de desarrollo sostenible.<\/li>\n<\/ul>\n<p><strong>\u00a0<\/strong><\/p>\n<p><strong>Espec\u00edficos<\/strong><\/p>\n<ul>\n<li>Promover capacidades y habilidades de gesti\u00f3n y an\u00e1lisis del contexto social y pol\u00edtico en el que se desenvuelven las organizaciones de la sociedad civil (OSC).<\/li>\n<li>Desarrollar competencias para el dise\u00f1o, implementaci\u00f3n y evaluaci\u00f3n de iniciativas y proyectos sociales.<\/li>\n<li>Fomentar la mejora permanente en la gesti\u00f3n de las OSC y las intervenciones que llevan adelante.<\/li>\n<li>Incorporar dispositivos, estrategias y herramientas espec\u00edficas de gesti\u00f3n organizaciones y social desde una perspectiva situacional.<\/li>\n<\/ul>\n<p><strong>\u00a0<\/strong><\/p>\n<pre><strong>Organizadores<\/strong><\/pre>\n<p>Escuela de Gobierno del Instituto Acad\u00e9mico Pedag\u00f3gico de Ciencias Sociales de la Universidad Nacional de Villa Mar\u00eda en articulaci\u00f3n con el Profesorado \u00abMariano Moreno\u00bb.<\/p>\n<pre><strong>Contenidos:<\/strong><\/pre>\n<p>La propuesta se estructura en cuatro (4) M\u00d3DULOS TEM\u00c1TICOS de actualizaci\u00f3n, a saber:<\/p>\n<p>M\u00f3dulo 1.- Organizaciones de la Sociedad Civil.<\/p>\n<p>M\u00f3dulo 2.- Gesti\u00f3n Social y Pol\u00edticas P\u00fablicas.<\/p>\n<p>M\u00f3dulo 3.- Habilidades organizativas en entornos comunitarios.<\/p>\n<p>M\u00f3dulo 4.- Desarrollo de Proyectos Comunitarios.<\/p>\n<p>Cada m\u00f3dulo constar\u00e1 de cuatro (4) en algunos casos cinco (5) Subtemas, a dictarse uno (1) -o dos (2) en su caso- por jornada.<\/p>\n<pre><strong>Modalidad de cursado<\/strong><\/pre>\n<p>Los alumnos tendr\u00e1n acceso al Campus Virtual de la UNVM d\u00f3nde encontrar\u00e1n el material bibliogr\u00e1fico y la actividad pr\u00e1ctica de cada m\u00f3dulo. A trav\u00e9s de ejercicios, bibliograf\u00eda y\/o casos de estudio, se reflexionar\u00e1 sobre los problemas cr\u00edticos y presentar\u00e1n ejemplos que representen las mejores pr\u00e1cticas.<\/p>\n<p>Las clases del Diplomado se dictar\u00e1n de manera presencial, cursado cada quince d\u00edas. Los d\u00edas s\u00e1bados por la ma\u00f1ana, con una duraci\u00f3n de 4 hs. 8 encuentros en total.<\/p>\n<p>Lugar: Instituto Superior de Formaci\u00f3n Docente \u2013 Profesorado \u201cMariano Moreno\u201d<\/p>\n<p>25 de mayo 135 | Bell Ville<\/p>\n<pre><strong>Inicia en mayo de 2022<\/strong><\/pre>\n<pre><strong>Carga Total: 100 horas. Certifica la Universidad Nacional de Villa Mar\u00eda.<\/strong><\/pre>\n<pre><strong>Evaluaci\u00f3n<\/strong><\/pre>\n<p>El Diplomado se aprobar\u00e1 con la elaboraci\u00f3n de un Trabajo Integrador Final que recupere los contenidos desarrollados a lo largo del cursado y que implique una propuesta de mejora de la OSC de pertenencia de los participantes.<\/p>\n<p>Se entregar\u00e1n certificados de:<\/p>\n<ol>\n<li>a) Asistencia, con participaci\u00f3n del 75% de la cursada.<\/li>\n<li>b) Aprobaci\u00f3n del Trabajo Final Integrador, presentado y aprobado.<\/li>\n<\/ol>\n<pre><strong>Requisitos de aprobaci\u00f3n: <\/strong><\/pre>\n<ul>\n<li>Asistencia requerida: cumplir con el 75% de asistencia.<\/li>\n<li>Cumplir con los avances del trabajo.<\/li>\n<li>Aprobaci\u00f3n del Trabajo Final Integrador. Nota de aprobaci\u00f3n m\u00ednima: 4 (cuatro).<\/li>\n<\/ul>\n<pre><strong>Arancel<\/strong><\/pre>\n<p><strong>$ 15.000 (quince mil pesos)<\/strong><\/p>\n<p>Entrega inicial de <strong>$3000<\/strong> \u2013requisito de inscripci\u00f3n- y\u00a0\u00a0<strong>$12.000<\/strong> de contado<\/p>\n<p>Por informes sobre otras opciones de pago financiadas y pago con tarjeta, llegarse presencialmente al Instituto o comunicarse al 421023.<\/p>\n<pre><strong>Medios de pago<\/strong><\/pre>\n<p><img decoding=\"async\" loading=\"lazy\" class=\"\" src=\"https:\/\/encrypted-tbn0.gstatic.com\/images?q=tbn:ANd9GcQnkgh7YVaxokmnBTyNkjTY6fTm2lQlypz2rQ&amp;usqp=CAU\" alt=\"Vector Icono De Sueldos, Presupuesto, Presupuesto Icono, Dinero En Efectivo  PNG y Vector para Descargar Gratis | Pngtree\" width=\"70\" height=\"70\" \/> <strong>Efectivo<\/strong><\/p>\n<p><strong><img decoding=\"async\" loading=\"lazy\" class=\"alignnone  wp-image-1844\" src=\"https:\/\/ifdmoreno-cba.infd.edu.ar\/sitio\/wp-content\/uploads\/2022\/03\/fdgfd.jpg\" alt=\"\" width=\"70\" height=\"49\" \/>\u00a0 Transferencia bancaria o dep\u00f3sito bancario<\/strong> &#8211; Banco de la Provincia de C\u00f3rdoba<\/p>\n<p style=\"text-align: left;\"><strong>\u00a0 \u00a0 \u00a0 \u00a0 \u00a0 \u00a0 \u00a0 \u00a0 \u00a0 \u00a0 \u00a0 \u00a0 \u00a0 \u00a0 \u00a0 \u00a0 \u00a0 \u00a0 \u00a0 \u00a0 \u00a0 \u00a0 \u00a0 \u00a0 \u00a0 \u00a0 \u00a0 \u00a0 \u00a0 \u00a0 \u00a0 \u00a0 CA<\/strong> $ 305 0020264509<br \/><strong>\u00a0 \u00a0 \u00a0 \u00a0 \u00a0 \u00a0 \u00a0 \u00a0 \u00a0 \u00a0 \u00a0 \u00a0 \u00a0 \u00a0 \u00a0 \u00a0 \u00a0 \u00a0 \u00a0 \u00a0 \u00a0 \u00a0 \u00a0 \u00a0 \u00a0Nro CBU:<\/strong> 0200305211000020264594<\/p>\n<p><strong><img decoding=\"async\" loading=\"lazy\" class=\"\" src=\"https:\/\/encrypted-tbn0.gstatic.com\/images?q=tbn:ANd9GcTAp31qs1jHuhVlqiTZ7uvIZ6KA7bGeqLV26A&amp;usqp=CAU\" alt=\"Argentina Logo Vectors Free Download - Page 4\" width=\"134\" height=\"38\" \/>\u00a0 Mercado Pago<\/strong>: Todas las tarjetas de cr\u00e9dito y d\u00e9bito en la sede del Instituto.<\/p>\n<p>\u00a0<\/p>\n<pre><strong>Requisitos de admisi\u00f3n\u00a0<\/strong><\/pre>\n<p>Completar un\u00a0<a href=\"https:\/\/docs.google.com\/forms\/d\/e\/1FAIpQLSfswowIyzSwrm4UPOKV4itgVMZM_s6ErLEA_-3L3_vm2Vft1Q\/viewform\">formulario<\/a>\u00a0de inscripci\u00f3n en l\u00ednea<\/p>\n<p>Para confirmar su inscripci\u00f3n definitiva al <strong>Diplomado Universitario<\/strong>, deber\u00e1 concurrir a la sede del Profesorado y abonar el arancel correspondiente por los medios notificados.<\/p>\n<p>En el caso de pago con transferencias o dep\u00f3sitos bancarios, enviar un correo a <a href=\"mailto:mmorenoformacioncontinuar@gmail.com\">mmorenoformacioncontinuar@gmail.com<\/a> con el comprobante de la matr\u00edcula inicial adjunto al mail. Especificando sus datos personales.<\/p>\n<pre><strong>Informes e inscripciones<\/strong><\/pre>\n<p>Coordinaci\u00f3n de Nivel Superior\u00a0\u2013 Instituto de Formaci\u00f3n Docente \u201cMariano Moreno\u201d\u00a0\u2013\u00a025 de Mayo 135 (Bell Ville) \u2013 Lunes a viernes de 19.00 a 23 hs. \u2013<\/p>\n<p><img decoding=\"async\" loading=\"lazy\" class=\"\" src=\"https:\/\/encrypted-tbn0.gstatic.com\/images?q=tbn:ANd9GcTl7XiBM4hxBr_l3O5V-GdbIiWaXzdZMsK5Mw&amp;usqp=CAU\" alt=\"Icono Logotipo, whatsapp, tel\u00e9fono, auricular Gratis - Icon-Icons.com\" width=\"35\" height=\"35\" \/> <strong>Tel:<\/strong> 03537- 421023<\/p>\n<p><img decoding=\"async\" loading=\"lazy\" class=\"\" src=\"https:\/\/encrypted-tbn0.gstatic.com\/images?q=tbn:ANd9GcQiuY1S8FcG3EE0aX2HQwzDLWxrDTZZgxGI-Q&amp;usqp=CAU\" alt=\"Whatsapp Business Logotipo Vector - Descarga Gratis SVG | Worldvectorlogo\" width=\"35\" height=\"35\" \/> <strong>WhatsApp<\/strong> 3537567600<\/p>\n<p><img decoding=\"async\" loading=\"lazy\" class=\"\" src=\"https:\/\/encrypted-tbn0.gstatic.com\/images?q=tbn:ANd9GcRfsFHl276WLNrWSsT0NRZKOjM--brFdUC-Sg&amp;usqp=CAU\" alt=\"New, logo, gmail icon - Free download on Iconfinder\" width=\"41\" height=\"41\" \/><strong>Correo electr\u00f3nico:<\/strong> mmorenoformacioncontinua@gmail.com<\/p>\n<p>Responsable contable:\u00a0 Cdor. Prof. Crist\u00f3bal Saretti<\/p>\n<pre><strong>Coordina: Equipo Institucional de Formaci\u00f3n Continua\u00a0\n<\/strong><\/pre>\n<p><img decoding=\"async\" loading=\"lazy\" class=\"alignnone wp-image-1516\" src=\"https:\/\/ifdmoreno-cba.infd.edu.ar\/sitio\/wp-content\/uploads\/2019\/04\/logo-FDC-1-1000x220.jpg\" alt=\"\" width=\"435\" height=\"96\" srcset=\"https:\/\/ifdmoreno-cba.infd.edu.ar\/sitio\/wp-content\/uploads\/2019\/04\/logo-FDC-1-1000x220.jpg 1000w, https:\/\/ifdmoreno-cba.infd.edu.ar\/sitio\/wp-content\/uploads\/2019\/04\/logo-FDC-1-768x169.jpg 768w, https:\/\/ifdmoreno-cba.infd.edu.ar\/sitio\/wp-content\/uploads\/2019\/04\/logo-FDC-1.jpg 1657w\" sizes=\"(max-width: 435px) 100vw, 435px\" \/><\/p>\n\n\n<p><\/p>\n","protected":false},"excerpt":{"rendered":"<p>DIPLOMADO EN GESTI\u00d3N DE ORGANIZACIONES SOCIALES Y COMUNITARIAS \u00a0El Diplomado en Gesti\u00f3n de Organizaciones Sociales y Comunitarias constituye una iniciativa orientada a abordar los desaf\u00edos actuales que enfrentan las Organizaciones de la sociedad Civil (OSC) en el abordaje e intervenci\u00f3n de m\u00faltiples problem\u00e1ticas sociales, culturales y econ\u00f3micas. Estas intervenciones demandan capacidades de gesti\u00f3n, planificaci\u00f3n, implementaci\u00f3n &#8230; <a title=\"Diplomado Universitario\" class=\"read-more\" href=\"https:\/\/ifdmoreno-cba.infd.edu.ar\/sitio\/diplomado-universitario\/\" aria-label=\"More on Diplomado Universitario\">[+]<\/a><\/p>\n","protected":false},"author":619,"featured_media":0,"parent":0,"menu_order":0,"comment_status":"closed","ping_status":"closed","template":"","meta":[],"acf":[],"_links":{"self":[{"href":"https:\/\/ifdmoreno-cba.infd.edu.ar\/sitio\/wp-json\/wp\/v2\/pages\/1542"}],"collection":[{"href":"https:\/\/ifdmoreno-cba.infd.edu.ar\/sitio\/wp-json\/wp\/v2\/pages"}],"about":[{"href":"https:\/\/ifdmoreno-cba.infd.edu.ar\/sitio\/wp-json\/wp\/v2\/types\/page"}],"author":[{"embeddable":true,"href":"https:\/\/ifdmoreno-cba.infd.edu.ar\/sitio\/wp-json\/wp\/v2\/users\/619"}],"replies":[{"embeddable":true,"href":"https:\/\/ifdmoreno-cba.infd.edu.ar\/sitio\/wp-json\/wp\/v2\/comments?post=1542"}],"version-history":[{"count":8,"href":"https:\/\/ifdmoreno-cba.infd.edu.ar\/sitio\/wp-json\/wp\/v2\/pages\/1542\/revisions"}],"predecessor-version":[{"id":1847,"href":"https:\/\/ifdmoreno-cba.infd.edu.ar\/sitio\/wp-json\/wp\/v2\/pages\/1542\/revisions\/1847"}],"wp:attachment":[{"href":"https:\/\/ifdmoreno-cba.infd.edu.ar\/sitio\/wp-json\/wp\/v2\/media?parent=1542"}],"curies":[{"name":"wp","href":"https:\/\/api.w.org\/{rel}","templated":true}]}}