{"id":1614,"date":"2020-06-29T12:04:43","date_gmt":"2020-06-29T15:04:43","guid":{"rendered":"https:\/\/ifdmoreno-cba.infd.edu.ar\/sitio\/?page_id=1614"},"modified":"2020-11-25T21:41:43","modified_gmt":"2020-11-26T00:41:43","slug":"convocatorias-actas-dictamen","status":"publish","type":"page","link":"https:\/\/ifdmoreno-cba.infd.edu.ar\/sitio\/convocatorias-actas-dictamen\/","title":{"rendered":"Convocatorias &#8211; Actas dictamen"},"content":{"rendered":"<h2 style=\"text-align: center;\"><strong>El ISFD Profesorado \u00abMariano Moreno\u00bb notifica las siguientes ACTA DICTAMEN en relaci\u00f3n con las Convocatorias Horas C\u00e1tedras<\/strong><\/h2>\n<p>&nbsp;<\/p>\n<h2 style=\"text-align: center;\"><span style=\"color: #0000ff;\">HORAS C\u00c1TEDRAS- LISTA DE ORDEN DE MERITO<\/span><\/h2>\n<h3 style=\"text-align: center;\"><strong>Listado de Convocatorias CERRADAS, Actas y Listas de Orden de M\u00e9rito<\/strong><\/h3>\n<p>&nbsp;<\/p>\n<table width=\"771\">\n<tbody>\n<tr>\n<td>\n<h5><strong>CARRERA<\/strong><\/h5>\n<\/td>\n<td>\n<h5><strong>ESPACIO CURRICULAR<\/strong><\/h5>\n<\/td>\n<td width=\"11%\">\n<h5><strong>HS.<\/strong><strong>CAR\u00c1CTER<\/strong><\/h5>\n<\/td>\n<td width=\"11%\">\n<h5><strong>FECHA FINALIZACI\u00d3N<\/strong><\/h5>\n<\/td>\n<td width=\"12%\">\n<h5><strong>ACTA DICTAMEN<\/strong><\/h5>\n<\/td>\n<td width=\"18%\">\n<h5><strong>FECHA<\/strong><\/h5>\n<\/td>\n<\/tr>\n<tr>\n<td><strong>Profesorado\u00a0 de\u00a0\u00a0<\/strong><strong>Educaci\u00f3n Inicial<\/strong><\/td>\n<td><strong>Pr\u00e1ctica Docente IV \u2013 Ateneo<\/strong><br \/>\n<strong>Ciencias Naturales<\/strong><\/td>\n<td width=\"11%\">\n<p style=\"text-align: center;\"><strong>2 hs.\u00a0<\/strong><\/p>\n<p style=\"text-align: center;\"><strong>Interino a t\u00e9rmino<\/strong><\/p>\n<\/td>\n<td width=\"11%\"><strong>05\/06\/2020<\/strong><\/td>\n<td width=\"12%\"><strong><a href=\"https:\/\/ifdmoreno-cba.infd.edu.ar\/sitio\/wp-content\/uploads\/2020\/06\/Pr\u00e1ctica-Docente-IV-A-teneo-Cs.-Naturales-Prof.-Ed.-Inicial.-IFD-Mariano-MOreno.pdf\">Comisi\u00f3n Ad Hoc<\/a><\/strong><\/td>\n<td width=\"18%\"><strong>26\/06\/2020<\/strong><\/td>\n<\/tr>\n<\/tbody>\n<\/table>\n<table width=\"771\">\n<tbody>\n<tr>\n<td style=\"text-align: center;\"><strong>Profesorado\u00a0 de\u00a0\u00a0<\/strong><strong>Educaci\u00f3n Inicial<\/strong><\/td>\n<td style=\"text-align: center;\"><strong>Pr\u00e1ctica Docente IV y Residencia:\u00a0<\/strong><strong>recrear las pr\u00e1cticas docentes<\/strong><\/td>\n<td width=\"11%\">\n<p style=\"text-align: center;\"><strong>10 hs.<\/strong><\/p>\n<p style=\"text-align: center;\"><strong>Interino a t\u00e9rmino<\/strong><\/p>\n<\/td>\n<td width=\"11%\"><strong>05\/06\/2020<\/strong><\/td>\n<td width=\"12%\"><strong><a href=\"https:\/\/ifdmoreno-cba.infd.edu.ar\/sitio\/wp-content\/uploads\/2020\/06\/Pr\u00e1ctica-Docente-IV-y-Residencia-Prof.-Ed.-Inicial.-IFD-Mariano-MOreno.pdf\">Comisi\u00f3n Ad Hoc<\/a><\/strong><\/td>\n<td width=\"18%\"><strong>26\/06\/2020<\/strong><\/td>\n<\/tr>\n<\/tbody>\n<\/table>\n<table width=\"771\">\n<tbody>\n<tr>\n<td><strong>Profesorado\u00a0 de\u00a0\u00a0<\/strong><strong>Educaci\u00f3n Inicial<\/strong><\/td>\n<td><b>Educaci\u00f3n Art\u00edstica: Teatro<\/b><\/td>\n<td width=\"11%\"><strong>3 hs.<\/strong><\/p>\n<p><strong>Interino a t\u00e9rmino<\/strong><\/td>\n<td width=\"11%\"><strong>05\/06\/2020<\/strong><\/td>\n<td width=\"12%\"><a href=\"https:\/\/ifdmoreno-cba.infd.edu.ar\/sitio\/wp-content\/uploads\/2020\/07\/EDUCACI\u00d3N-ARTISTICA-TEATRO.pdf\" target=\"_blank\" rel=\"noopener\"><strong>Comisi\u00f3n Ad Hoc<\/strong><\/a><\/td>\n<td style=\"text-align: center;\" width=\"18%\"><strong>Fecha de publicaci\u00f3n 27\/07\/2020<\/strong><\/td>\n<\/tr>\n<\/tbody>\n<\/table>\n<table width=\"771\">\n<tbody>\n<tr>\n<td><strong>Profesorado\u00a0 de\u00a0\u00a0<\/strong><strong>Educaci\u00f3n Inicial<\/strong><\/td>\n<td><b>E.S.I En el Nivel Inicial<\/b><\/td>\n<td width=\"11%\"><strong>2 hs.<\/strong><\/p>\n<p><strong>Interino a t\u00e9rmino<\/strong><\/td>\n<td width=\"11%\"><strong>05\/06\/2020<\/strong><\/td>\n<td width=\"12%\"><strong><a href=\"https:\/\/ifdmoreno-cba.infd.edu.ar\/sitio\/wp-content\/uploads\/2020\/07\/ESI-NIVEL-INICIAL.pdf\" target=\"_blank\" rel=\"noopener\">Comisi\u00f3n Ad Hoc<\/a><\/strong><\/td>\n<td width=\"18%\"><strong>Fecha de publicaci\u00f3n 27\/07\/2020<\/strong><\/td>\n<\/tr>\n<\/tbody>\n<\/table>\n<table width=\"771\">\n<tbody>\n<tr>\n<td><strong>Profesorado\u00a0 de\u00a0\u00a0<\/strong><strong>Educaci\u00f3n Inicial<\/strong><\/td>\n<td><strong>Pr\u00e1ctica Docente IV &#8211; Ateneo de Matem\u00e1tica y su Did\u00e1ctica<\/strong><\/td>\n<td width=\"11%\"><strong>2 hs.<\/strong><\/p>\n<p><strong>Interino a t\u00e9rmino<\/strong><\/td>\n<td width=\"11%\"><strong>05\/06\/2020<\/strong><\/td>\n<td width=\"12%\"><strong><a href=\"https:\/\/ifdmoreno-cba.infd.edu.ar\/sitio\/wp-content\/uploads\/2020\/07\/PRACTICA-DOC-IV-ATENEO-MATEM\u00c1TICA-Y-SU-DID\u00c1CTICA.pdf\" target=\"_blank\" rel=\"noopener\">Comisi\u00f3n Ad Hoc<\/a><\/strong><\/td>\n<td width=\"18%\"><strong>Fecha de publicaci\u00f3n 27\/07\/2020<\/strong><\/td>\n<\/tr>\n<\/tbody>\n<\/table>\n<table width=\"771\">\n<tbody>\n<tr>\n<td><strong>Profesorado\u00a0 de\u00a0\u00a0<\/strong><strong>Educaci\u00f3n Secundaria en Biolog\u00eda<\/strong><\/td>\n<td><b>Gen\u00e9tica y Biotecnolog\u00eda<\/b><\/td>\n<td width=\"11%\"><strong>4 hs.<\/strong><\/p>\n<p><strong>Interino a t\u00e9rmino<\/strong><\/td>\n<td width=\"11%\"><strong>05\/06\/2020<\/strong><\/td>\n<td width=\"12%\"><strong><a href=\"https:\/\/ifdmoreno-cba.infd.edu.ar\/sitio\/wp-content\/uploads\/2020\/07\/GENETICA-Y-BIOTECNOLOGIA.pdf\" target=\"_blank\" rel=\"noopener\">Comisi\u00f3n Ad Hoc<\/a><\/strong><\/td>\n<td width=\"18%\"><strong>Fecha de publicaci\u00f3n 27\/07\/2020<\/strong><\/td>\n<\/tr>\n<\/tbody>\n<\/table>\n<table width=\"771\">\n<tbody>\n<tr>\n<td><strong>Profesorado\u00a0 de\u00a0\u00a0<\/strong><strong>Educaci\u00f3n Secundaria en Biolog\u00eda<\/strong><\/td>\n<td><b>Historia de la Vida en la Tierra<\/b><\/td>\n<td width=\"11%\"><strong>3 hs.<\/strong><strong>Interino a t\u00e9rmino<\/strong><\/td>\n<td width=\"11%\"><strong>05\/06\/2020<\/strong><\/td>\n<td width=\"12%\"><a href=\"https:\/\/ifdmoreno-cba.infd.edu.ar\/sitio\/wp-content\/uploads\/2020\/07\/HISTORIA-DE-LA-VIDA-EN-LA-TIERRA.pdf\" target=\"_blank\" rel=\"noopener\"><strong>Comisi\u00f3n Ad Hoc<\/strong><\/a><\/td>\n<td width=\"18%\"><strong>Fecha de publicaci\u00f3n 27\/07\/2020<\/strong><\/td>\n<\/tr>\n<\/tbody>\n<\/table>\n<p>&nbsp;<\/p>\n<table width=\"771\">\n<tbody>\n<tr>\n<td><strong>Profesorado\u00a0 de\u00a0\u00a0<\/strong><strong>Educaci\u00f3n Secundaria en Geograf\u00eda<\/strong><\/td>\n<td><b>Geograf\u00eda Cultural<\/b><\/td>\n<td width=\"11%\"><strong>3 hs.<\/strong><\/p>\n<p><strong>Interino a t\u00e9rmino<\/strong><\/td>\n<td width=\"11%\"><strong>10\/06\/2020<\/strong><\/td>\n<td width=\"12%\"><strong><a href=\"https:\/\/ifdmoreno-cba.infd.edu.ar\/sitio\/wp-content\/uploads\/2020\/07\/GEOGRAFIA-CULTURAL.pdf\" target=\"_blank\" rel=\"noopener\">Comisi\u00f3n Ad Hoc<\/a><\/strong><\/td>\n<td width=\"18%\"><strong>Fecha de publicaci\u00f3n 27\/07\/2020<\/strong><\/td>\n<\/tr>\n<\/tbody>\n<\/table>\n<table width=\"771\">\n<tbody>\n<tr>\n<td><strong>Profesorado\u00a0 de\u00a0\u00a0<\/strong><strong>Educaci\u00f3n Secundaria en Geograf\u00eda<\/strong><\/td>\n<td><b>Geograf\u00eda Mundial II<\/b><\/td>\n<td width=\"11%\"><strong>3 hs.<\/strong><strong>Interino a t\u00e9rmino<\/strong><\/td>\n<td width=\"11%\"><strong>10\/06\/2020<\/strong><\/td>\n<td width=\"12%\"><a href=\"https:\/\/ifdmoreno-cba.infd.edu.ar\/sitio\/wp-content\/uploads\/2020\/07\/GEOGRAFIA-MUNDIAL-II.pdf\" target=\"_blank\" rel=\"noopener\"><strong>Comisi\u00f3n Ad Hoc<\/strong><\/a><\/td>\n<td width=\"18%\"><strong>Fecha de publicaci\u00f3n 27\/07\/2020<\/strong><\/td>\n<\/tr>\n<\/tbody>\n<\/table>\n<table width=\"771\">\n<tbody>\n<tr>\n<td><strong>Profesorado\u00a0 de\u00a0\u00a0<\/strong><strong>Educaci\u00f3n Secundaria en Geograf\u00eda<\/strong><\/td>\n<td><b>Geograf\u00eda Pol\u00edtica y de los Conflictos<\/b><\/td>\n<td width=\"11%\"><strong>5 hs.<\/strong><strong>Interino a t\u00e9rmino<\/strong><\/td>\n<td width=\"11%\"><strong>10\/06\/2020<\/strong><\/td>\n<td width=\"12%\"><strong><a href=\"https:\/\/ifdmoreno-cba.infd.edu.ar\/sitio\/wp-content\/uploads\/2020\/07\/GEOGRAF\u00cdA-POLITICA-Y-DE-LOS-CONFLICTOS.pdf\" target=\"_blank\" rel=\"noopener\">Comisi\u00f3n Ad Hoc<\/a><\/strong><\/td>\n<td width=\"18%\"><strong>Fecha de publicaci\u00f3n 27\/07\/2020<\/strong><\/td>\n<\/tr>\n<\/tbody>\n<\/table>\n<table width=\"771\">\n<tbody>\n<tr>\n<td><strong>Profesorado\u00a0 de\u00a0\u00a0<\/strong><strong>Educaci\u00f3n Secundaria en Lengua y Literatura<\/strong><\/td>\n<td><b>Problem\u00e1ticas y Desaf\u00edos de la Educaci\u00f3n<\/b><\/td>\n<td width=\"11%\"><strong>2 hs.<\/strong><strong>Interino a t\u00e9rmino<\/strong><\/td>\n<td width=\"11%\"><strong>05\/06\/2020<\/strong><\/td>\n<td width=\"12%\"><a href=\"https:\/\/ifdmoreno-cba.infd.edu.ar\/sitio\/wp-content\/uploads\/2020\/07\/PROBLEMATICAS-Y-DESAFIOS....pdf\" target=\"_blank\" rel=\"noopener\"><strong>Comisi\u00f3n Ad Hoc<\/strong><\/a><\/td>\n<td width=\"18%\"><strong>Fecha de publicaci\u00f3n 28\/07\/2020<\/strong><\/td>\n<\/tr>\n<\/tbody>\n<\/table>\n<p>&nbsp;<\/p>\n<table width=\"771\">\n<tbody>\n<tr>\n<td><strong>Profesorado\u00a0 de\u00a0\u00a0<\/strong><strong>Educaci\u00f3n Secundaria en Geograf\u00eda<\/strong><\/td>\n<td><strong>Pol\u00edtica y Gesti\u00f3n territorial de la Argentina<\/strong><\/td>\n<td width=\"11%\"><strong>3 hs.<\/strong><strong>Interino a t\u00e9rmino<\/strong><\/td>\n<td width=\"11%\"><strong>29\/07\/2020<\/strong><\/td>\n<td width=\"12%\"><strong><a href=\"https:\/\/ifdmoreno-cba.infd.edu.ar\/sitio\/wp-content\/uploads\/2020\/08\/geograf\u00eda-Acta-dictamen-Espacio-_-Unidad-Curricular-194-IES-1-1.pdf\" target=\"_blank\" rel=\"noopener\">Comisi\u00f3n Ad Hoc<\/a><\/strong><\/td>\n<td width=\"18%\"><strong>Fecha de publicaci\u00f3n 10\/08\/2020<\/strong><\/td>\n<\/tr>\n<\/tbody>\n<\/table>\n<table width=\"771\">\n<tbody>\n<tr>\n<td><strong>Profesorado\u00a0 de\u00a0\u00a0<\/strong><strong>Educaci\u00f3n\u00a0 Inicial<\/strong><\/td>\n<td><strong>Pr\u00e1ctica\u00a0<\/strong><strong>Docente IV y Residencia: recrear las pr\u00e1cticas docentes<\/strong><\/td>\n<td width=\"11%\"><strong>10 hs.\u00a0<\/strong><strong>Interino a t\u00e9rmino<\/strong><\/td>\n<td width=\"11%\"><strong>29\/07\/2020<\/strong><\/td>\n<td width=\"12%\"><a href=\"https:\/\/ifdmoreno-cba.infd.edu.ar\/sitio\/wp-content\/uploads\/2020\/08\/Practica-IV-Inicial-Acta-dictamen-Espacio-_-Unidad-Curricular-194-IES-...pdf\" target=\"_blank\" rel=\"noopener\"><strong>Comisi\u00f3n Ad Hoc<\/strong><\/a><\/td>\n<td width=\"18%\"><strong>Fecha de publicaci\u00f3n 10\/08\/2020<\/strong><\/td>\n<\/tr>\n<\/tbody>\n<\/table>\n<table width=\"771\">\n<tbody>\n<tr>\n<td><strong>Profesorado\u00a0 de\u00a0\u00a0<\/strong><strong>Educaci\u00f3n Secundaria en Geograf\u00eda<\/strong><\/td>\n<td><strong>Metodolog\u00eda de la Investigaci\u00f3n<\/strong><\/td>\n<td width=\"11%\"><strong>4 hs. suplentes<\/strong><\/td>\n<td width=\"11%\"><strong>26\/08\/2020<\/strong><\/td>\n<td width=\"12%\"><strong><a href=\"https:\/\/ifdmoreno-cba.infd.edu.ar\/sitio\/wp-content\/uploads\/2020\/08\/Metodolog\u00eda-de-la-Investigaci\u00f3n-.pdf\" target=\"_blank\" rel=\"noopener\">Comisi\u00f3n Ad Hoc<\/a><\/strong><\/td>\n<td width=\"18%\"><strong>Fecha de publicaci\u00f3n 31\/08\/2020<\/strong><\/td>\n<\/tr>\n<\/tbody>\n<\/table>\n<table width=\"771\">\n<tbody>\n<tr>\n<td><strong>Profesorado\u00a0 de\u00a0\u00a0<\/strong><strong>Educaci\u00f3n\u00a0 Inicial<\/strong><\/td>\n<td><strong>Pr\u00e1ctica\u00a0<\/strong><strong>Docente IV y Residencia: recrear las pr\u00e1cticas docentes<\/strong><\/td>\n<td width=\"11%\"><strong>10 hs.\u00a0<\/strong><strong>Interino a t\u00e9rmino<\/strong><\/td>\n<td width=\"11%\"><strong>26\/08\/2020<\/strong><\/td>\n<td width=\"12%\"><strong><a href=\"https:\/\/ifdmoreno-cba.infd.edu.ar\/sitio\/wp-content\/uploads\/2020\/09\/Pr\u00e1ctica-Docente-IV-y-Residencia-Prof.-Ed.-Inicial.-IFD-Mariano-MOreno-1.pdf\" target=\"_blank\" rel=\"noopener\">Comisi\u00f3n Ad Hoc<\/a><\/strong><\/td>\n<td width=\"18%\"><strong>Fecha de publicaci\u00f3n 01\/09\/2020<\/strong><\/td>\n<\/tr>\n<\/tbody>\n<\/table>\n<table width=\"771\">\n<tbody>\n<tr>\n<td><strong>Profesorado\u00a0 de\u00a0\u00a0<\/strong><strong>Educaci\u00f3n Secundaria en Econom\u00eda<\/strong><\/td>\n<td><strong>\u00c9tica y Construcci\u00f3n de Ciudadan\u00eda<\/strong><\/td>\n<td width=\"11%\"><strong>3 hs. suplentes<\/strong><\/td>\n<td width=\"11%\"><strong>02\/09\/2020<\/strong><\/td>\n<td width=\"12%\"><a href=\"https:\/\/ifdmoreno-cba.infd.edu.ar\/sitio\/wp-content\/uploads\/2020\/09\/Acta-dictamen-Etica-y-Construcci\u00f3n-de-Ciudadania-194-IES-Mariano-Moreno-1.pdf\" target=\"_blank\" rel=\"noopener\"><strong>Comisi\u00f3n Ad Hoc<\/strong><\/a><\/td>\n<td width=\"18%\"><strong>Fecha de publicaci\u00f3n 07\/09\/2020<\/strong><\/td>\n<\/tr>\n<\/tbody>\n<\/table>\n<table width=\"771\">\n<tbody>\n<tr>\n<td><strong>Profesorado\u00a0 de\u00a0\u00a0<\/strong><strong>Educaci\u00f3n Secundaria en Econom\u00eda<\/strong><\/td>\n<td><strong>Introducci\u00f3n a la Matem\u00e1tica<\/strong><\/td>\n<td width=\"11%\"><strong>4 hs. Interino a t\u00e9rmino<\/strong><\/td>\n<td width=\"11%\"><strong>06\/10\/2020<\/strong><\/td>\n<td width=\"12%\"><a href=\"https:\/\/ifdmoreno-cba.infd.edu.ar\/sitio\/wp-content\/uploads\/2020\/10\/Acta-dictamen-Introducci\u00f3n-a-la-Matem\u00e1tica-194-IES-Mariano-Moreno.pdf\" target=\"_blank\" rel=\"noopener\"><strong>Comisi\u00f3n Ad Hoc<\/strong><\/a><\/td>\n<td width=\"18%\"><strong>Fecha de publicaci\u00f3n 13\/10\/2020<\/strong><\/td>\n<\/tr>\n<\/tbody>\n<\/table>\n<table width=\"771\">\n<tbody>\n<tr>\n<td><strong>Profesorado\u00a0 de\u00a0\u00a0<\/strong><strong>Educaci\u00f3n Secundaria en Biolog\u00eda<\/strong><\/td>\n<td><strong>Ecolog\u00eda<\/strong><\/td>\n<td width=\"11%\"><strong>4 hs. Interino a t\u00e9rmino<\/strong><\/td>\n<td width=\"11%\"><strong>06\/10\/2020<\/strong><\/td>\n<td width=\"12%\"><a href=\"https:\/\/ifdmoreno-cba.infd.edu.ar\/sitio\/wp-content\/uploads\/2020\/10\/Acta-dictamen-ECOLOGIA-194-IES-Mariano-Moreno.pdf\" target=\"_blank\" rel=\"noopener\"><strong>Comisi\u00f3n Ad Hoc<\/strong><\/a><\/td>\n<td width=\"18%\"><strong>Fecha de publicaci\u00f3n 13\/10\/2020<\/strong><\/td>\n<\/tr>\n<\/tbody>\n<\/table>\n<table width=\"771\">\n<tbody>\n<tr>\n<td><strong>Profesorado\u00a0 de\u00a0\u00a0<\/strong><strong>Educaci\u00f3n Secundaria en Geograf\u00eda<\/strong><\/td>\n<td><strong>Geograf\u00eda de la Sociedad y la Poblaci\u00f3n<\/strong><\/td>\n<td width=\"11%\"><strong>4 hs. suplentes<\/strong><\/td>\n<td width=\"11%\"><strong>06\/10\/2020<\/strong><\/td>\n<td width=\"12%\"><strong><a href=\"https:\/\/ifdmoreno-cba.infd.edu.ar\/sitio\/wp-content\/uploads\/2020\/10\/Acta-dictamen-Geografia-de-la-Sociedad-y-la-Poblaci\u00f3n-194-IES-Mariano-Moreno.pdf\" target=\"_blank\" rel=\"noopener\">Comisi\u00f3n Ad Hoc<\/a><\/strong><\/td>\n<td width=\"18%\"><strong>Fecha de publicaci\u00f3n 21\/10\/2020<\/strong><\/td>\n<\/tr>\n<\/tbody>\n<\/table>\n<table width=\"771\">\n<tbody>\n<tr>\n<td><strong>Profesorado\u00a0 de\u00a0\u00a0<\/strong><strong>Educaci\u00f3n Secundaria en Geograf\u00eda<\/strong><\/td>\n<td><strong>Geograf\u00eda de Latinoam\u00e9rica<\/strong><\/td>\n<td width=\"11%\"><strong>4 hs. Interino a t\u00e9rmino<\/strong><\/td>\n<td width=\"11%\"><strong>06\/10\/2020<\/strong><\/td>\n<td width=\"12%\"><strong><a href=\"https:\/\/ifdmoreno-cba.infd.edu.ar\/sitio\/wp-content\/uploads\/2020\/10\/Acta-dictamen-Geografia-de-Latinoamerica-194-IES-Mariano-Moreno.pdf\" target=\"_blank\" rel=\"noopener\">Comisi\u00f3n Ad Hoc<\/a><\/strong><\/td>\n<td width=\"18%\"><strong>Fecha de publicaci\u00f3n 21\/10\/2020<\/strong><\/td>\n<\/tr>\n<\/tbody>\n<\/table>\n<table width=\"771\">\n<tbody>\n<tr>\n<td><strong>Profesorado\u00a0 de\u00a0\u00a0<\/strong><strong>Educaci\u00f3n Secundaria en Geograf\u00eda<\/strong><\/td>\n<td><strong>Geograf\u00eda F\u00edsica I<\/strong><\/td>\n<td width=\"11%\"><b>4 hs. Interino\u00a0a t\u00e9rmino<\/b><\/td>\n<td width=\"11%\"><strong>06\/10\/2020<\/strong><\/td>\n<td width=\"12%\"><strong><a href=\"https:\/\/ifdmoreno-cba.infd.edu.ar\/sitio\/wp-content\/uploads\/2020\/10\/Acta-dictamen-Geografia-Fisica-I-194-IES-Mariano-Moreno.pdf\" target=\"_blank\" rel=\"noopener\">Comisi\u00f3n Ad Hoc<\/a><\/strong><\/td>\n<td width=\"18%\"><strong>Fecha de publicaci\u00f3n 21\/10\/2020<\/strong><\/td>\n<\/tr>\n<\/tbody>\n<\/table>\n<table width=\"771\">\n<tbody>\n<tr>\n<td><strong>Profesorado\u00a0 de\u00a0\u00a0<\/strong><strong>Educaci\u00f3n Secundaria en Geograf\u00eda<\/strong><\/td>\n<td><strong>Geograf\u00eda F\u00edsica II<\/strong><\/td>\n<td width=\"11%\"><strong>4 hs. Interino a t\u00e9rmino<\/strong><\/td>\n<td width=\"11%\"><strong>06\/10\/2020<\/strong><\/td>\n<td width=\"12%\"><strong><a href=\"https:\/\/ifdmoreno-cba.infd.edu.ar\/sitio\/wp-content\/uploads\/2020\/10\/Acta-dictamen-Geografia-Fisica-II-194-IES-Mariano-Moreno.pdf\" target=\"_blank\" rel=\"noopener\">Comisi\u00f3n Ad Hoc<\/a><\/strong><\/td>\n<td width=\"18%\"><strong>Fecha de publicaci\u00f3n 21\/10\/2020<\/strong><\/td>\n<\/tr>\n<\/tbody>\n<\/table>\n<table width=\"771\">\n<tbody>\n<tr>\n<td><strong>Profesorado\u00a0 de\u00a0\u00a0<\/strong><strong>Educaci\u00f3n Secundaria en Geograf\u00eda<\/strong><\/td>\n<td><strong>Geograf\u00eda Mundial<\/strong><\/td>\n<td width=\"11%\"><strong>4 hs. Interino a t\u00e9rmino<\/strong><\/td>\n<td width=\"11%\"><strong>06\/10\/2020<\/strong><\/td>\n<td width=\"12%\"><strong><a href=\"https:\/\/ifdmoreno-cba.infd.edu.ar\/sitio\/wp-content\/uploads\/2020\/10\/Acta-dictamen-Geografia-Mundial-I-194-IES-Mariano-Moreno.pdf\" target=\"_blank\" rel=\"noopener\">Comisi\u00f3n Ad Hoc<\/a><\/strong><\/td>\n<td width=\"18%\"><strong>Fecha de publicaci\u00f3n 21\/10\/2020<\/strong><\/td>\n<\/tr>\n<\/tbody>\n<\/table>\n<table width=\"771\">\n<tbody>\n<tr>\n<td><strong>Profesorado\u00a0 de\u00a0\u00a0<\/strong><strong>Educaci\u00f3n Secundaria en Geograf\u00eda<\/strong><\/td>\n<td><strong>Introducci\u00f3n a la Geograf\u00eda<\/strong><\/td>\n<td width=\"11%\"><strong>4 hs. Interino a t\u00e9rmino<\/strong><\/td>\n<td width=\"11%\"><strong>06\/10\/2020<\/strong><\/td>\n<td width=\"12%\"><a href=\"https:\/\/ifdmoreno-cba.infd.edu.ar\/sitio\/wp-content\/uploads\/2020\/10\/Acta-dictamen-Introducci\u00f3n-a-la-Geografia-194-IES-Mariano-Moreno.pdf\" target=\"_blank\" rel=\"noopener\"><strong>Comisi\u00f3n Ad Hoc<\/strong><\/a><\/td>\n<td width=\"18%\"><strong>Fecha de publicaci\u00f3n 21\/10\/2020<\/strong><\/td>\n<\/tr>\n<\/tbody>\n<\/table>\n<table width=\"771\">\n<tbody>\n<tr>\n<td><strong>Profesorado\u00a0 de\u00a0\u00a0<\/strong><strong>Educaci\u00f3n Inicial<\/strong><\/td>\n<td><strong>Pr\u00e1ctica Docente I<\/strong><\/td>\n<td width=\"11%\"><strong>5 hs. Interino a t\u00e9rmino<\/strong><\/td>\n<td width=\"11%\"><strong>26\/10\/2020<\/strong><\/td>\n<td width=\"12%\"><strong><a href=\"https:\/\/ifdmoreno-cba.infd.edu.ar\/sitio\/wp-content\/uploads\/2020\/11\/Acta-dictamen-Practica-Docente-I-Inicial-194-IES-Mariano-Moreno.pdf\" target=\"_blank\" rel=\"noopener\">Comisi\u00f3n Ad Hoc<\/a><\/strong><\/td>\n<td width=\"18%\"><strong>Fecha de publicaci\u00f3n 17\/11\/2020<\/strong><\/td>\n<\/tr>\n<\/tbody>\n<\/table>\n<table width=\"771\">\n<tbody>\n<tr>\n<td><strong>Profesorado\u00a0 de\u00a0\u00a0<\/strong><strong>Educaci\u00f3n Secundaria en Matem\u00e1tica<\/strong><\/td>\n<td><strong>Problem\u00e1tica de la Geometr\u00eda II<\/strong><\/td>\n<td width=\"11%\"><strong>5 hs. Interino a t\u00e9rmino<\/strong><\/td>\n<td width=\"11%\"><strong>26\/10\/2020<\/strong><\/td>\n<td width=\"12%\"><strong><a href=\"https:\/\/ifdmoreno-cba.infd.edu.ar\/sitio\/wp-content\/uploads\/2020\/11\/Acta-dictamen-Problem\u00e1ticas-de-la-Geometr\u00eda-II-194-IES-Mariano-Moreno.pdf\" target=\"_blank\" rel=\"noopener\">Comisi\u00f3n Ad Hoc<\/a><\/strong><\/td>\n<td width=\"18%\"><strong>Fecha de publicaci\u00f3n 17\/11\/2020<\/strong><\/td>\n<\/tr>\n<\/tbody>\n<\/table>\n<table width=\"771\">\n<tbody>\n<tr>\n<td><strong>Profesorado\u00a0 de\u00a0\u00a0<\/strong><strong>Educaci\u00f3n Inicial<\/strong><\/td>\n<td><strong>Ciencias Naturales y su<\/strong><br \/>\n<strong>Did\u00e1ctica<\/strong><\/td>\n<td width=\"11%\"><strong>4 hs. Interino a t\u00e9rmino<\/strong><\/td>\n<td width=\"11%\"><strong>29\/10\/2020<\/strong><\/td>\n<td width=\"12%\"><strong><a href=\"https:\/\/ifdmoreno-cba.infd.edu.ar\/sitio\/wp-content\/uploads\/2020\/11\/Acta-dictamen-Ciencias-naturales-y-Su-did\u00e1ctica-194-IES-Mariano-Moreno.pdf\" target=\"_blank\" rel=\"noopener\">Comisi\u00f3n Ad Hoc<\/a><\/strong><\/td>\n<td width=\"18%\"><strong>Fecha de publicaci\u00f3n 25\/11\/2020<\/strong><\/td>\n<\/tr>\n<\/tbody>\n<\/table>\n<table width=\"771\">\n<tbody>\n<tr>\n<td><strong>Profesorado\u00a0 de\u00a0\u00a0<\/strong><strong>Educaci\u00f3n Inicial<\/strong><\/td>\n<td><strong>Ciencias Naturales:<\/strong><br \/>\n<strong>Educaci\u00f3n para la salud\/ educaci\u00f3n ambiental<\/strong><\/td>\n<td width=\"11%\"><strong>4 hs. Interino a t\u00e9rmino<\/strong><\/td>\n<td width=\"11%\"><strong>29\/10\/2020<\/strong><\/td>\n<td width=\"12%\"><strong><a href=\"https:\/\/ifdmoreno-cba.infd.edu.ar\/sitio\/wp-content\/uploads\/2020\/11\/Acta-dictamen-Educaci\u00f3n-para-la-salud-Ambiental-194-IES-Mariano-Moreno.pdf\" target=\"_blank\" rel=\"noopener\">Comisi\u00f3n Ad Hoc<\/a><\/strong><\/td>\n<td width=\"18%\"><strong>Fecha de publicaci\u00f3n 25\/11\/2020<\/strong><\/td>\n<\/tr>\n<\/tbody>\n<\/table>\n<table width=\"771\">\n<tbody>\n<tr>\n<td><strong>Profesorado\u00a0 de\u00a0\u00a0<\/strong><strong>Educaci\u00f3n Inicial<\/strong><\/td>\n<td><strong>Desarrollo del<\/strong><br \/>\n<strong>Pensamiento matem\u00e1tico<\/strong><\/td>\n<td width=\"11%\"><strong>4 hs. Interino a t\u00e9rmino<\/strong><\/td>\n<td width=\"11%\"><strong>29\/10\/2020<\/strong><\/td>\n<td width=\"12%\"><strong><a href=\"https:\/\/ifdmoreno-cba.infd.edu.ar\/sitio\/wp-content\/uploads\/2020\/11\/Acta-dictamen-Desarrollo-del-Pensamiento-Matem\u00e1tico-194-IES-.Mariano-Moreno.pdf\" target=\"_blank\" rel=\"noopener\">Comisi\u00f3n Ad Hoc<\/a><\/strong><\/td>\n<td width=\"18%\"><strong>Fecha de publicaci\u00f3n 25\/11\/2020<\/strong><\/td>\n<\/tr>\n<\/tbody>\n<\/table>\n","protected":false},"excerpt":{"rendered":"<p>El ISFD Profesorado \u00abMariano Moreno\u00bb notifica las siguientes ACTA DICTAMEN en relaci\u00f3n con las Convocatorias Horas C\u00e1tedras &nbsp; HORAS C\u00c1TEDRAS- LISTA DE ORDEN DE MERITO Listado de Convocatorias CERRADAS, Actas y Listas de Orden de M\u00e9rito &nbsp; CARRERA ESPACIO CURRICULAR HS.CAR\u00c1CTER FECHA FINALIZACI\u00d3N ACTA DICTAMEN FECHA Profesorado\u00a0 de\u00a0\u00a0Educaci\u00f3n Inicial Pr\u00e1ctica Docente IV \u2013 Ateneo Ciencias &#8230; <a title=\"Convocatorias &#8211; Actas dictamen\" class=\"read-more\" href=\"https:\/\/ifdmoreno-cba.infd.edu.ar\/sitio\/convocatorias-actas-dictamen\/\" aria-label=\"More on Convocatorias &#8211; Actas dictamen\">[+]<\/a><\/p>\n","protected":false},"author":619,"featured_media":0,"parent":0,"menu_order":0,"comment_status":"closed","ping_status":"closed","template":"","meta":[],"acf":[],"_links":{"self":[{"href":"https:\/\/ifdmoreno-cba.infd.edu.ar\/sitio\/wp-json\/wp\/v2\/pages\/1614"}],"collection":[{"href":"https:\/\/ifdmoreno-cba.infd.edu.ar\/sitio\/wp-json\/wp\/v2\/pages"}],"about":[{"href":"https:\/\/ifdmoreno-cba.infd.edu.ar\/sitio\/wp-json\/wp\/v2\/types\/page"}],"author":[{"embeddable":true,"href":"https:\/\/ifdmoreno-cba.infd.edu.ar\/sitio\/wp-json\/wp\/v2\/users\/619"}],"replies":[{"embeddable":true,"href":"https:\/\/ifdmoreno-cba.infd.edu.ar\/sitio\/wp-json\/wp\/v2\/comments?post=1614"}],"version-history":[{"count":17,"href":"https:\/\/ifdmoreno-cba.infd.edu.ar\/sitio\/wp-json\/wp\/v2\/pages\/1614\/revisions"}],"predecessor-version":[{"id":1721,"href":"https:\/\/ifdmoreno-cba.infd.edu.ar\/sitio\/wp-json\/wp\/v2\/pages\/1614\/revisions\/1721"}],"wp:attachment":[{"href":"https:\/\/ifdmoreno-cba.infd.edu.ar\/sitio\/wp-json\/wp\/v2\/media?parent=1614"}],"curies":[{"name":"wp","href":"https:\/\/api.w.org\/{rel}","templated":true}]}}