{"id":2025,"date":"2022-10-17T23:02:45","date_gmt":"2022-10-18T02:02:45","guid":{"rendered":"https:\/\/ifdmoreno-cba.infd.edu.ar\/sitio\/?page_id=2025"},"modified":"2022-12-29T20:14:47","modified_gmt":"2022-12-29T23:14:47","slug":"paideia-numero-1","status":"publish","type":"page","link":"https:\/\/ifdmoreno-cba.infd.edu.ar\/sitio\/paideia-numero-1\/","title":{"rendered":"Paideia, volumen 1"},"content":{"rendered":"\n<p>Diciembre 2022<\/p>\n\n\n\n<p><strong>\u00cdndice del volumen<\/strong><\/p>\n\n\n<ul class=\"wp-block-latest-posts__list wp-block-latest-posts\"><li><a class=\"wp-block-latest-posts__post-title\" href=\"https:\/\/ifdmoreno-cba.infd.edu.ar\/sitio\/editorial-revista-paideia-vol-1\/\">Editorial Revista Paideia Vol. 1<\/a><div class=\"wp-block-latest-posts__post-excerpt\">Alusi\u00f3n al nombre: Paideia&nbsp; Palabras como ense\u00f1ar, formar, educar com\u00fanmente son utilizadas como sin\u00f3nimos, pero tienen una significaci\u00f3n diferente. El t\u00e9rmino Paideia (\u03c0\u03b1\u03b9\u03b4\u03b5\u03b9\u03b1) cuyo significado equivale a \u00abeducaci\u00f3n o formaci\u00f3n\u00bb &#8230; <a title=\"Editorial Revista Paideia Vol. 1\" class=\"read-more\" href=\"https:\/\/ifdmoreno-cba.infd.edu.ar\/sitio\/editorial-revista-paideia-vol-1\/\" aria-label=\"More on Editorial Revista Paideia Vol. 1\">[+]<\/a><\/div><\/li>\n<li><a class=\"wp-block-latest-posts__post-title\" href=\"https:\/\/ifdmoreno-cba.infd.edu.ar\/sitio\/el-pensamiento-complejo-y-los-numeros\/\">El pensamiento complejo y los n\u00fameros:<\/a><div class=\"wp-block-latest-posts__post-excerpt\">\u00bfC\u00f3mo pensar la sociedad? Arroyo Ludmila | ludmiarroyo@gmail.comBrusa Ver\u00f3nica | vero.brussa@gmail.com Primer a\u00f1o | Profesorado de Educaci\u00f3n Secundaria en Matem\u00e1ticas Problem\u00e1ticas Socio-Antropol\u00f3gicas en educaci\u00f3n Docente: Mgter. Prof Claudia Becheran | &#8230; <a title=\"El pensamiento complejo y los n\u00fameros:\" class=\"read-more\" href=\"https:\/\/ifdmoreno-cba.infd.edu.ar\/sitio\/el-pensamiento-complejo-y-los-numeros\/\" aria-label=\"More on El pensamiento complejo y los n\u00fameros:\">[+]<\/a><\/div><\/li>\n<li><a class=\"wp-block-latest-posts__post-title\" href=\"https:\/\/ifdmoreno-cba.infd.edu.ar\/sitio\/la-escuela-que-cuida\/\">La escuela que cuida<\/a><div class=\"wp-block-latest-posts__post-excerpt\">Marysol Ag\u00fcero, Mar\u00eda Jimena Arguello, Virginia Bertaina, Melina Cabrera Tobares, Florencia Carlini, Lucila Compagnucci, &nbsp;Sabrina Cort\u00e9s, Candela D\u00edaz, Mar\u00eda CelesteEsp\u00edndola, Agustina Gonz\u00e1lez, Mar\u00eda Jimena Gonz\u00e1lez, Julieta Granado, Giuliana L\u00f3pez, Mar\u00eda &#8230; <a title=\"La escuela que cuida\" class=\"read-more\" href=\"https:\/\/ifdmoreno-cba.infd.edu.ar\/sitio\/la-escuela-que-cuida\/\" aria-label=\"More on La escuela que cuida\">[+]<\/a><\/div><\/li>\n<li><a class=\"wp-block-latest-posts__post-title\" href=\"https:\/\/ifdmoreno-cba.infd.edu.ar\/sitio\/el-uso-irracional-de-los-recursos-naturales\/\">El uso irracional de los recursos naturales.<\/a><div class=\"wp-block-latest-posts__post-excerpt\">Explotaci\u00f3n, sobreexplotaci\u00f3n y simbiosis L\u00f3pez, Micaela | micaelalopezbrossard@gmail.com Primer a\u00f1o | Profesorado de Educaci\u00f3n Secundaria en Qu\u00edmica Problem\u00e1ticas Socioantropol\u00f3gicas en Educaci\u00f3n Docente: Mgter Lic. Claudia Becheran | claudiabecheran@isfdmmoreno.edu.ar Resumen&nbsp; El &#8230; <a title=\"El uso irracional de los recursos naturales.\" class=\"read-more\" href=\"https:\/\/ifdmoreno-cba.infd.edu.ar\/sitio\/el-uso-irracional-de-los-recursos-naturales\/\" aria-label=\"More on El uso irracional de los recursos naturales.\">[+]<\/a><\/div><\/li>\n<li><a class=\"wp-block-latest-posts__post-title\" href=\"https:\/\/ifdmoreno-cba.infd.edu.ar\/sitio\/noticias-falsas-una-problematica-muchas-incidencias\/\">Noticias falsas: una problem\u00e1tica, muchas incidencias<\/a><div class=\"wp-block-latest-posts__post-excerpt\">Germ\u00e1n Ariel Ciriacci | gabrielciriacci17@gmail.com Gustavo An\u00edbal Canelo | gustacanelo@gmail.com Primer a\u00f1o | Profesorado de Educaci\u00f3n Secundaria en F\u00edsicaProblem\u00e1ticas Socio-antropol\u00f3gicas en Educaci\u00f3n. Docente: Mgter. Lic. Claudia Becheran | claudiabecheran@isfdmmoreno.edu.ar Resumen &#8230; <a title=\"Noticias falsas: una problem\u00e1tica, muchas incidencias\" class=\"read-more\" href=\"https:\/\/ifdmoreno-cba.infd.edu.ar\/sitio\/noticias-falsas-una-problematica-muchas-incidencias\/\" aria-label=\"More on Noticias falsas: una problem\u00e1tica, muchas incidencias\">[+]<\/a><\/div><\/li>\n<li><a class=\"wp-block-latest-posts__post-title\" href=\"https:\/\/ifdmoreno-cba.infd.edu.ar\/sitio\/esos-locos-viajeros\/\">La nave de los locos<\/a><div class=\"wp-block-latest-posts__post-excerpt\">Bourdieu, Joaqu\u00edn. D\u00edaz, Bel\u00e9n. Gonz\u00e1lez, Gabriela. Torres Novici, Roc\u00edo Cuarto A\u00f1o | Profesorado de Educaci\u00f3n Secundaria en HISTORIAHistoria Argentina II Docente: Gabriela Peretti | gabiperetti2@hotmail.com Resumen Los estudiantes de Cuarto &#8230; <a title=\"La nave de los locos\" class=\"read-more\" href=\"https:\/\/ifdmoreno-cba.infd.edu.ar\/sitio\/esos-locos-viajeros\/\" aria-label=\"More on La nave de los locos\">[+]<\/a><\/div><\/li>\n<li><a class=\"wp-block-latest-posts__post-title\" href=\"https:\/\/ifdmoreno-cba.infd.edu.ar\/sitio\/infancias-desarrollo-integral-y-malnutricion\/\">Infancias, desarrollo integral y malnutrici\u00f3n<\/a><div class=\"wp-block-latest-posts__post-excerpt\">Mozzi, Jazm\u00edn | jazminmozzi@gmail.com Inga, Micaela | micaelainga9@gmail.com Primer a\u00f1o &#8211; Profesorado de Educaci\u00f3n Especial con Orientaci\u00f3n en DI&nbsp;Problem\u00e1ticas Socioantropol\u00f3gicas en Educaci\u00f3n Docente: Mgter Lic. Claudia Becheran&nbsp;| claudiabecheran@isfdmmoreno.edu.ar Resumen El &#8230; <a title=\"Infancias, desarrollo integral y malnutrici\u00f3n\" class=\"read-more\" href=\"https:\/\/ifdmoreno-cba.infd.edu.ar\/sitio\/infancias-desarrollo-integral-y-malnutricion\/\" aria-label=\"More on Infancias, desarrollo integral y malnutrici\u00f3n\">[+]<\/a><\/div><\/li>\n<li><a class=\"wp-block-latest-posts__post-title\" href=\"https:\/\/ifdmoreno-cba.infd.edu.ar\/sitio\/camino-a-la-practica-una-experiencia-poetica\/\">Camino a la Pr\u00e1ctica, una experiencia po\u00e9tica<\/a><div class=\"wp-block-latest-posts__post-excerpt\">Mercedes Alberto, Brenda Barrionuevo, Roc\u00edo Bragaioli, Cristian Baz\u00e1n Bandini, Fiorella Felicelli, Luciana Gutierrez Becerra, Luciana Pederzoli, Paula Polo y Noelia Villarroel. Cuarto a\u00f1o | Profesorado de Educ. Secundaria en Lengua &#8230; <a title=\"Camino a la Pr\u00e1ctica, una experiencia po\u00e9tica\" class=\"read-more\" href=\"https:\/\/ifdmoreno-cba.infd.edu.ar\/sitio\/camino-a-la-practica-una-experiencia-poetica\/\" aria-label=\"More on Camino a la Pr\u00e1ctica, una experiencia po\u00e9tica\">[+]<\/a><\/div><\/li>\n<\/ul>","protected":false},"excerpt":{"rendered":"<p>Diciembre 2022 \u00cdndice del volumen<\/p>\n","protected":false},"author":619,"featured_media":0,"parent":0,"menu_order":0,"comment_status":"closed","ping_status":"closed","template":"","meta":[],"acf":[],"_links":{"self":[{"href":"https:\/\/ifdmoreno-cba.infd.edu.ar\/sitio\/wp-json\/wp\/v2\/pages\/2025"}],"collection":[{"href":"https:\/\/ifdmoreno-cba.infd.edu.ar\/sitio\/wp-json\/wp\/v2\/pages"}],"about":[{"href":"https:\/\/ifdmoreno-cba.infd.edu.ar\/sitio\/wp-json\/wp\/v2\/types\/page"}],"author":[{"embeddable":true,"href":"https:\/\/ifdmoreno-cba.infd.edu.ar\/sitio\/wp-json\/wp\/v2\/users\/619"}],"replies":[{"embeddable":true,"href":"https:\/\/ifdmoreno-cba.infd.edu.ar\/sitio\/wp-json\/wp\/v2\/comments?post=2025"}],"version-history":[{"count":9,"href":"https:\/\/ifdmoreno-cba.infd.edu.ar\/sitio\/wp-json\/wp\/v2\/pages\/2025\/revisions"}],"predecessor-version":[{"id":2209,"href":"https:\/\/ifdmoreno-cba.infd.edu.ar\/sitio\/wp-json\/wp\/v2\/pages\/2025\/revisions\/2209"}],"wp:attachment":[{"href":"https:\/\/ifdmoreno-cba.infd.edu.ar\/sitio\/wp-json\/wp\/v2\/media?parent=2025"}],"curies":[{"name":"wp","href":"https:\/\/api.w.org\/{rel}","templated":true}]}}