{"id":2390,"date":"2024-03-28T10:28:04","date_gmt":"2024-03-28T13:28:04","guid":{"rendered":"https:\/\/ifdmoreno-cba.infd.edu.ar\/sitio\/?page_id=2390"},"modified":"2024-04-02T20:46:27","modified_gmt":"2024-04-02T23:46:27","slug":"trayecto-pedagogico","status":"publish","type":"page","link":"https:\/\/ifdmoreno-cba.infd.edu.ar\/sitio\/trayecto-pedagogico\/","title":{"rendered":"TRAYECTO PEDAG\u00d3GICO"},"content":{"rendered":"\n<p>El Ministerio de Educaci\u00f3n, a trav\u00e9s de la Direcci\u00f3n de Educaci\u00f3n Superior, informa que a partir del <strong>3 de abril y hasta el 10 del mismo mes<\/strong> del 2024, se encuentran <strong>abiertas las inscripciones para el Trayecto Pedag\u00f3gico para Graduados no Docentes<\/strong>.<\/p>\n\n\n\n<p>El Trayecto Pedag\u00f3gico ofrece la posibilidad a aquellas <strong>personas con t\u00edtulo Superior no docente<\/strong> (universitario o no) que est\u00e9 categorizado con alcance \u201c<strong>habilitante de nivel Superior<\/strong>\u201d para cualquier espacio curricular en la Educaci\u00f3n Secundaria de C\u00f3rdoba. Al finalizar dicha capacitaci\u00f3n, el egresado podr\u00e1 desempe\u00f1arse como docente de los espacios curriculares vinculados al \u00e1rea disciplinar correspondiente con su t\u00edtulo de base.<\/p>\n\n\n\n<p>La propuesta busca hacer aportes del campo pedag\u00f3gico a la profesi\u00f3n docente, y propiciar la construcci\u00f3n de un sistema de saberes de diverso orden, que nutra el an\u00e1lisis de la realidad educativa y escolar, adem\u00e1s de sumar a la construcci\u00f3n de propuestas de intervenci\u00f3n docente.<\/p>\n\n\n\n<p><strong>\u00bfA qui\u00e9nes est\u00e1 destinado el Trayecto Pedag\u00f3gico?<\/strong><\/p>\n\n\n\n<p>Acceder\u00e1n al cursado del Trayecto Pedag\u00f3gico los profesionales \u2013 est\u00e9n o no desempe\u00f1\u00e1ndose en la docencia, ya sea estatal o privada \u2013 con t\u00edtulo de Educaci\u00f3n Superior (Universitario, T\u00e9cnico Superior) con alcance \u201c<strong>habilitante de nivel Superior<\/strong>\u201d para cualquier espacio curricular en la Educaci\u00f3n Secundaria de C\u00f3rdoba.<\/p>\n\n\n\n<p>No podr\u00e1n cursar quienes posean t\u00edtulo t\u00e9cnico de nivel secundario o t\u00edtulo considerado supletorio para la docencia de nivel secundario.<\/p>\n\n\n\n<p><strong>\u00bfD\u00f3nde puedo cursar?<\/strong><\/p>\n\n\n\n<p><strong>\u00a1En nuestro Profesorado Mariano Moreno!!!<\/strong> Una de las m\u00e1s de 30 Instituciones en todo el territorio y que est\u00e1n distribuidas para atender la demanda de aspirantes en los 26 Departamentos de la Provincia.<\/p>\n\n\n\n<pre class=\"wp-block-preformatted\"><strong>Carga horaria total<\/strong><\/pre>\n\n\n\n<p>1129 horas reloj &#8211; 1696 horas c\u00e1tedra de 40 min<\/p>\n\n\n\n<pre class=\"wp-block-preformatted\"><strong>Certificaci\u00f3n<\/strong><\/pre>\n\n\n\n<p>Trayecto Pedag\u00f3gico para Graduados No Docentes (Profesionales y T\u00e9cnicos Superiores) para la Educaci\u00f3n Secundaria.<br><\/p>\n\n\n\n<pre class=\"wp-block-preformatted\"><strong>Alcance de la certificaci\u00f3n<\/strong><\/pre>\n\n\n\n<p>La certificaci\u00f3n, junto con el t\u00edtulo profesional o t\u00e9cnico superior de base, transforma el alcance habilitante de nivel Superior a Docente en la provincia de C\u00f3rdoba.<\/p>\n\n\n\n<pre class=\"wp-block-preformatted\"><strong>Requisitos de ingreso<\/strong><\/pre>\n\n\n\n<p>Poseer t\u00edtulo superior no docente (universitario o no) que est\u00e9 categorizado con alcance \u00abhabilitante de nivel superior\u00bb para cualquier espacio curricular en la Educaci\u00f3n Secundaria de la Provincia de C\u00f3rdoba, de acuerdo con el listado de T\u00edtulos Reglamentados para la LOM vigente al momento de la inscripci\u00f3n &gt; <a href=\"https:\/\/www.cba.gov.ar\/wp-content\/uploads\/2023\/04\/TITULOS-2024-1.pdf\" target=\"_blank\" rel=\"noreferrer noopener\">Lista anexa 2024<\/a><\/p>\n\n\n\n<pre class=\"wp-block-preformatted\"><strong>\u00bfCu\u00e1nto tiempo dura el cursado?<\/strong><\/pre>\n\n\n\n<p>El Trayecto tiene una duraci\u00f3n de 2 a\u00f1os.<\/p>\n\n\n\n<pre class=\"wp-block-preformatted\"><strong>\u00bfCu\u00e1l es la modalidad de cursado?<\/strong><\/pre>\n\n\n\n<p>El Trayecto se cursa en modalidad combinada, esto es, encuentros virtuales (sincr\u00f3nicos y asincr\u00f3nicos) y encuentros presenciales con los tutores a cargo del dictado del mismo en la sede.<\/p>\n\n\n\n<pre class=\"wp-block-preformatted\"><strong>\u00bfQui\u00e9n certifica el trayecto?<\/strong><\/pre>\n\n\n\n<p>Una vez finalizado el cursado, cada estudiante, que acredite el mismo, recibir\u00e1 la certificaci\u00f3n emitida por el Instituto de Formaci\u00f3n Docente donde curs\u00f3.<\/p>\n\n\n\n<pre class=\"wp-block-preformatted\"><strong>\u00bfHay l\u00edmite de ingresantes en las diferentes sedes?<\/strong><\/pre>\n\n\n\n<p>Acceder\u00e1n al cursado los primeros 50 inscriptos en cada sede donde se dicte el Trayecto. Si esa cantidad de ingresantes disminuye, podr\u00e1n ingresar quienes conformen el listado de inscriptos en espera.<\/p>\n\n\n\n<p><strong>\u00bfD\u00f3nde debo inscribirme?<\/strong><\/p>\n\n\n\n<pre class=\"wp-block-preformatted\"><strong>Pre-Matriculaci\u00f3n - Ciclo lectivo 2024<\/strong><\/pre>\n\n\n\n<p>Antes de<strong>&nbsp;formalizar tu Inscripci\u00f3n<\/strong>&nbsp;<strong>y aportar la documentaci\u00f3n requerida en la Sede de nuestra Instituci\u00f3n<\/strong>&nbsp;<strong>deber\u00e1s realizar una Pre-Matriculaci\u00f3n v\u00eda Web<\/strong>&nbsp;en el&nbsp;<strong>Sistema de Gesti\u00f3n de Estudiantes<\/strong>&nbsp;del&nbsp; Ministerio de Educaci\u00f3n de la Provincia de C\u00f3rdoba.<\/p>\n\n\n<div class=\"wp-block-image\">\n<figure class=\"aligncenter\"><a href=\"https:\/\/www.cba.gov.ar\/gestion-estudiantes\/\"><img decoding=\"async\" loading=\"lazy\" width=\"363\" height=\"180\" src=\"https:\/\/ifdmoreno-cba.infd.edu.ar\/sitio\/wp-content\/uploads\/2019\/12\/pre-matricula-icono.jpg\" alt=\"\" class=\"wp-image-2110\"\/><\/a><\/figure><\/div>\n\n\n<p>Para poder buscar el instituto debes contar con su c\u00f3digo&nbsp;de identificaci\u00f3n. Este es el nuestro:&nbsp;<strong>EE0330326 \u2013 INSTITUTO SUPERIOR DEL PROFESORADO MARIANO MORENO<\/strong><\/p>\n\n\n\n<p>Comunicate v\u00eda e-mail o por tel\u00e9fono con nuestra instituci\u00f3n para que puedas obtener toda la informaci\u00f3n sobre los pasos a seguir, documentaci\u00f3n a presentar y plazos para realizar tu inscripci\u00f3n definitiva.<\/p>\n\n\n\n<pre class=\"wp-block-preformatted\"><strong>Acced\u00e9 al<\/strong> <strong><a rel=\"noreferrer noopener\" href=\"https:\/\/docs.google.com\/document\/d\/14I3a1XNwSKnBs-P0fSHqu81cRq6Ow_xB\/edit?usp=sharing&amp;ouid=110683160960813963368&amp;rtpof=true&amp;sd=true\" target=\"_blank\">documento de la propuesta<\/a><\/strong><\/pre>\n\n\n\n<p><strong>Por otras consultas:<\/strong><\/p>\n\n\n\n<p>Correo electr\u00f3nico: <a href=\"mailto:trayectopedagogico@isfdmmoreno.edu.ar\">trayectopedagogico@isfdmmoreno.edu.ar<\/a><\/p>\n\n\n\n<p>WhatsApp: 3537567600<\/p>\n\n\n\n<pre class=\"wp-block-preformatted\"><strong>\u00bfCu\u00e1ndo comienza el cursado del Trayecto?<\/strong><\/pre>\n\n\n\n<p>El dictado del trayecto comienza el d\u00eda 20 de abril de 2024 en todas las sedes establecidas.<\/p>\n\n\n\n<p><strong>Seguinos en nuestra cuenta de Instagram:&nbsp;<a href=\"https:\/\/www.instagram.com\/isfdmarianomoreno\/\" target=\"_blank\" rel=\"noreferrer noopener\">Clic Aqu\u00ed<\/a><\/strong><\/p>\n\n\n<div class=\"wp-block-image\">\n<figure class=\"aligncenter size-full is-resized\"><img decoding=\"async\" loading=\"lazy\" src=\"https:\/\/ifdmoreno-cba.infd.edu.ar\/sitio\/wp-content\/uploads\/2024\/03\/trayecto_flyer.jpg\" alt=\"\" class=\"wp-image-2392\" width=\"512\" height=\"512\" srcset=\"https:\/\/ifdmoreno-cba.infd.edu.ar\/sitio\/wp-content\/uploads\/2024\/03\/trayecto_flyer.jpg 1080w, https:\/\/ifdmoreno-cba.infd.edu.ar\/sitio\/wp-content\/uploads\/2024\/03\/trayecto_flyer-1000x1000.jpg 1000w, https:\/\/ifdmoreno-cba.infd.edu.ar\/sitio\/wp-content\/uploads\/2024\/03\/trayecto_flyer-500x500.jpg 500w, https:\/\/ifdmoreno-cba.infd.edu.ar\/sitio\/wp-content\/uploads\/2024\/03\/trayecto_flyer-768x768.jpg 768w\" sizes=\"(max-width: 512px) 100vw, 512px\" \/><\/figure><\/div>\n\n\n<p>Resoluci\u00f3n Ministerial del Trayecto Pedag\u00f3gico &#8211; <strong><a href=\"https:\/\/drive.google.com\/file\/d\/1F_qqqLfzJO-iHqGI5RhXyYcAX1x0We_V\/view?usp=sharing\" target=\"_blank\" rel=\"noreferrer noopener\">RM N\u00b0 104\/22<\/a><\/strong><\/p>\n","protected":false},"excerpt":{"rendered":"<p>El Ministerio de Educaci\u00f3n, a trav\u00e9s de la Direcci\u00f3n de Educaci\u00f3n Superior, informa que a partir del 3 de abril y hasta el 10 del mismo mes del 2024, se encuentran abiertas las inscripciones para el Trayecto Pedag\u00f3gico para Graduados no Docentes. El Trayecto Pedag\u00f3gico ofrece la posibilidad a aquellas personas con t\u00edtulo Superior no &#8230; <a title=\"TRAYECTO PEDAG\u00d3GICO\" class=\"read-more\" href=\"https:\/\/ifdmoreno-cba.infd.edu.ar\/sitio\/trayecto-pedagogico\/\" aria-label=\"More on TRAYECTO PEDAG\u00d3GICO\">[+]<\/a><\/p>\n","protected":false},"author":619,"featured_media":0,"parent":0,"menu_order":0,"comment_status":"closed","ping_status":"closed","template":"","meta":[],"acf":[],"_links":{"self":[{"href":"https:\/\/ifdmoreno-cba.infd.edu.ar\/sitio\/wp-json\/wp\/v2\/pages\/2390"}],"collection":[{"href":"https:\/\/ifdmoreno-cba.infd.edu.ar\/sitio\/wp-json\/wp\/v2\/pages"}],"about":[{"href":"https:\/\/ifdmoreno-cba.infd.edu.ar\/sitio\/wp-json\/wp\/v2\/types\/page"}],"author":[{"embeddable":true,"href":"https:\/\/ifdmoreno-cba.infd.edu.ar\/sitio\/wp-json\/wp\/v2\/users\/619"}],"replies":[{"embeddable":true,"href":"https:\/\/ifdmoreno-cba.infd.edu.ar\/sitio\/wp-json\/wp\/v2\/comments?post=2390"}],"version-history":[{"count":9,"href":"https:\/\/ifdmoreno-cba.infd.edu.ar\/sitio\/wp-json\/wp\/v2\/pages\/2390\/revisions"}],"predecessor-version":[{"id":2411,"href":"https:\/\/ifdmoreno-cba.infd.edu.ar\/sitio\/wp-json\/wp\/v2\/pages\/2390\/revisions\/2411"}],"wp:attachment":[{"href":"https:\/\/ifdmoreno-cba.infd.edu.ar\/sitio\/wp-json\/wp\/v2\/media?parent=2390"}],"curies":[{"name":"wp","href":"https:\/\/api.w.org\/{rel}","templated":true}]}}