{"id":286,"date":"2016-10-31T13:17:59","date_gmt":"2016-10-31T16:17:59","guid":{"rendered":"https:\/\/ifdmoreno-cba.infd.edu.ar\/sitio\/?page_id=286"},"modified":"2022-09-27T12:22:10","modified_gmt":"2022-09-27T15:22:10","slug":"inicio","status":"publish","type":"page","link":"https:\/\/ifdmoreno-cba.infd.edu.ar\/sitio\/","title":{"rendered":"Inicio"},"content":{"rendered":"<div id=\"metaslider-id-403\" style=\"width: 100%; margin: 0 auto;\" class=\"ml-slider-3-33-0 metaslider metaslider-flex metaslider-403 ml-slider ms-theme-default\" role=\"region\" aria-roledescription=\"Slideshow\" aria-label=\"Slideshow\">\n    <div id=\"metaslider_container_403\">\n        <div id=\"metaslider_403\" class=\"flexslider\">\n            <ul aria-live=\"polite\" class=\"slides\">\n                <li style=\"display: block; width: 100%;\" class=\"slide-2400 ms-image\" aria-roledescription=\"slide\" aria-label=\"slide-2400\"><a href=\"https:\/\/ifdmoreno-cba.infd.edu.ar\/sitio\/trayecto-pedagogico\/\" target=\"_blank\"><img src=\"https:\/\/ifdmoreno-cba.infd.edu.ar\/sitio\/wp-content\/uploads\/2024\/03\/Diseno-sin-titulo.jpg\" height=\"360\" width=\"1280\" alt=\"\" class=\"slider-403 slide-2400\" title=\"Dise\u00f1o sin t\u00edtulo\" \/><\/a><\/li>\n                <li style=\"display: none; width: 100%;\" class=\"slide-1735 ms-image\" aria-roledescription=\"slide\" aria-label=\"slide-1735\"><a href=\"https:\/\/ifdmoreno-cba.infd.edu.ar\/sitio\/pre-inscripciones-ingreso-2019\/\" target=\"_self\"><img src=\"https:\/\/ifdmoreno-cba.infd.edu.ar\/sitio\/wp-content\/uploads\/2023\/11\/ingreso-2024.jpg\" height=\"360\" width=\"1280\" alt=\"\" class=\"slider-403 slide-1735\" title=\"ingreso 2024\" \/><\/a><\/li>\n                <li style=\"display: none; width: 100%;\" class=\"slide-2185 ms-image\" aria-roledescription=\"slide\" aria-label=\"slide-2185\"><a href=\"https:\/\/ifdmoreno-cba.infd.edu.ar\/sitio\/revista-paideia\/\" target=\"_self\"><img src=\"https:\/\/ifdmoreno-cba.infd.edu.ar\/sitio\/wp-content\/uploads\/2022\/08\/linkedin_banner_image_2mod-1280x360.png\" height=\"360\" width=\"1280\" alt=\"\" class=\"slider-403 slide-2185\" title=\"linkedin_banner_image_2mod\" \/><\/a><\/li>\n                <li style=\"display: none; width: 100%;\" class=\"slide-607 ms-image\" aria-roledescription=\"slide\" aria-label=\"slide-607\"><a href=\"https:\/\/mapa.infd.edu.ar\/\" target=\"_self\"><img src=\"https:\/\/ifdmoreno-cba.infd.edu.ar\/sitio\/wp-content\/uploads\/2018\/06\/mapa_infd6-1280x360.png\" height=\"360\" width=\"1280\" alt=\"\" class=\"slider-403 slide-607\" title=\"mapa_infd6\" \/><\/a><\/li>\n                <li style=\"display: none; width: 100%;\" class=\"slide-609 ms-image\" aria-roledescription=\"slide\" aria-label=\"slide-609\"><a href=\"https:\/\/www.argentina.gob.ar\/educacion\/becas\" target=\"_self\"><img src=\"https:\/\/ifdmoreno-cba.infd.edu.ar\/sitio\/wp-content\/uploads\/2018\/06\/becas7-1280x360.png\" height=\"360\" width=\"1280\" alt=\"\" class=\"slider-403 slide-609\" title=\"becas7\" \/><\/a><\/li>\n                <li style=\"display: none; width: 100%;\" class=\"slide-635 ms-image\" aria-roledescription=\"slide\" aria-label=\"slide-635\"><a href=\"https:\/\/www.argentina.gob.ar\/tema\/estudiar\/formacion-docencia\" target=\"_self\"><img src=\"https:\/\/ifdmoreno-cba.infd.edu.ar\/sitio\/wp-content\/uploads\/2018\/06\/convocatorias_slide6-1-1280x360.png\" height=\"360\" width=\"1280\" alt=\"\" class=\"slider-403 slide-635\" title=\"convocatorias_slide6-1\" \/><\/a><\/li>\n            <\/ul>\n        <\/div>\n        \n    <\/div>\n<\/div>\n<p><img decoding=\"async\" loading=\"lazy\" class=\" wp-image-1919 aligncenter\" src=\"https:\/\/ifdmoreno-cba.infd.edu.ar\/sitio\/wp-content\/uploads\/2022\/09\/Escudo_Negro.png\" alt=\"\" width=\"547\" height=\"547\" srcset=\"https:\/\/ifdmoreno-cba.infd.edu.ar\/sitio\/wp-content\/uploads\/2022\/09\/Escudo_Negro.png 591w, https:\/\/ifdmoreno-cba.infd.edu.ar\/sitio\/wp-content\/uploads\/2022\/09\/Escudo_Negro-500x500.png 500w\" sizes=\"(max-width: 547px) 100vw, 547px\" \/><\/p>\n<blockquote>\n<p style=\"text-align: right;\"><span style=\"color: #0000ff;\"><strong><span style=\"font-size: 12pt;\"><em>\u201cUn poco de la utop\u00eda de un mundo sin discriminaciones\u00a0<\/em><\/span><span style=\"font-size: 16px;\"><em>ni exclusiones nos espera cada d\u00eda, en el aula, arrinconada, quiz\u00e1, <\/em><\/span><\/strong><\/span><strong style=\"color: #0000ff;\"><span><em>pero siempre dispuesta a emprender el vuelo en las alas de los ni\u00f1os y de los j\u00f3venes , <\/em><\/span><\/strong><span style=\"color: #0000ff;\"><strong><span style=\"font-size: 16px;\"><em>prendidos a las cuales todav\u00eda podemos aprender\u201d<\/em><\/span><\/strong><\/span><\/p>\n<p style=\"text-align: right;\"><span style=\"font-size: 16px; color: #0000ff;\"><em>(Carlos Cullen)<\/em><\/span><\/p>\n<p><\/p>\n<\/blockquote>\n<p><a href=\"https:\/\/ifdmoreno-cba.infd.edu.ar\/sitio\/revista-paideia\/\" target=\"_blank\" rel=\"noopener\"><br \/><img decoding=\"async\" loading=\"lazy\" class=\"alignnone  wp-image-1870 aligncenter\" src=\"https:\/\/ifdmoreno-cba.infd.edu.ar\/sitio\/wp-content\/uploads\/2022\/08\/logo-1-1000x1000.png\" alt=\"\" width=\"252\" height=\"252\" srcset=\"https:\/\/ifdmoreno-cba.infd.edu.ar\/sitio\/wp-content\/uploads\/2022\/08\/logo-1-1000x1000.png 1000w, https:\/\/ifdmoreno-cba.infd.edu.ar\/sitio\/wp-content\/uploads\/2022\/08\/logo-1-500x500.png 500w, https:\/\/ifdmoreno-cba.infd.edu.ar\/sitio\/wp-content\/uploads\/2022\/08\/logo-1-768x768.png 768w, https:\/\/ifdmoreno-cba.infd.edu.ar\/sitio\/wp-content\/uploads\/2022\/08\/logo-1.png 1200w\" sizes=\"(max-width: 252px) 100vw, 252px\" \/><\/a><\/p>\n","protected":false},"excerpt":{"rendered":"<p>\u201cUn poco de la utop\u00eda de un mundo sin discriminaciones\u00a0ni exclusiones nos espera cada d\u00eda, en el aula, arrinconada, quiz\u00e1, pero siempre dispuesta a emprender el vuelo en las alas de los ni\u00f1os y de los j\u00f3venes , prendidos a las cuales todav\u00eda podemos aprender\u201d (Carlos Cullen)<\/p>\n","protected":false},"author":1,"featured_media":0,"parent":0,"menu_order":0,"comment_status":"closed","ping_status":"closed","template":"","meta":[],"acf":[],"_links":{"self":[{"href":"https:\/\/ifdmoreno-cba.infd.edu.ar\/sitio\/wp-json\/wp\/v2\/pages\/286"}],"collection":[{"href":"https:\/\/ifdmoreno-cba.infd.edu.ar\/sitio\/wp-json\/wp\/v2\/pages"}],"about":[{"href":"https:\/\/ifdmoreno-cba.infd.edu.ar\/sitio\/wp-json\/wp\/v2\/types\/page"}],"author":[{"embeddable":true,"href":"https:\/\/ifdmoreno-cba.infd.edu.ar\/sitio\/wp-json\/wp\/v2\/users\/1"}],"replies":[{"embeddable":true,"href":"https:\/\/ifdmoreno-cba.infd.edu.ar\/sitio\/wp-json\/wp\/v2\/comments?post=286"}],"version-history":[{"count":102,"href":"https:\/\/ifdmoreno-cba.infd.edu.ar\/sitio\/wp-json\/wp\/v2\/pages\/286\/revisions"}],"predecessor-version":[{"id":1928,"href":"https:\/\/ifdmoreno-cba.infd.edu.ar\/sitio\/wp-json\/wp\/v2\/pages\/286\/revisions\/1928"}],"wp:attachment":[{"href":"https:\/\/ifdmoreno-cba.infd.edu.ar\/sitio\/wp-json\/wp\/v2\/media?parent=286"}],"curies":[{"name":"wp","href":"https:\/\/api.w.org\/{rel}","templated":true}]}}